{"id":3,"date":"2020-05-24T07:00:27","date_gmt":"2020-05-24T05:00:27","guid":{"rendered":"https:\/\/www.recordinformatica.it\/?page_id=3"},"modified":"2023-04-14T09:28:21","modified_gmt":"2023-04-14T07:28:21","slug":"informativa_privacy","status":"publish","type":"page","link":"https:\/\/www.recordinformatica.it\/it\/informativa_privacy.htm","title":{"rendered":"Informativa Privacy"},"content":{"rendered":"\r\n<p><span class=\"normale\">Ai sensi del Regolamento (UE) 2016\/679 (&#8220;<strong>GDPR<\/strong>&#8220;), Record Informatica srl (&#8220;<strong>Societ\u00e0<\/strong>&#8221; o il &#8220;<strong>Titolare<\/strong>&#8220;) fornisce di seguito l&#8217;informativa riguardante il trattamento dei tuoi dati personali per permetterti di conoscere la nostra politica sulla privacy per capire come le tue informazioni personali vengano gestite quando utilizzi il sito web &#8220;<a href=\"https:\/\/recordinformatica.it\/\">www.recordinformatica.it<\/a>&#8221; (\u201c<strong>Sito Web<\/strong>\u201d).<br \/><br \/><\/span><\/p>\r\n<div>\r\n<p><span class=\"normale\"><strong><span class=\"auto-style1\">1. Identit\u00e0 e dati di contatto del Titolare del trattamento<\/span><br \/><\/strong><\/span><\/p>\r\n<p><span class=\"normale\">Il Titolare del trattamento \u00e8 Record Informatica srl, con sede legale in Baluardo A. La Marmora, 2, 28100 Novara (NO) che pu\u00f2 essere contattato al numero 0321611308.<\/span><\/p>\r\n<p><span class=\"normale\"><span class=\"auto-style1\"><strong>2<\/strong><\/span><strong><span class=\"auto-style1\">. Finalit\u00e0 del trattamento e base giuridica del trattamento<\/span><br \/><\/strong><\/span><\/p>\r\n<p><span class=\"normale\"><em>a. Finalit\u00e0 di legge e contrattuali necessarie \u2013 trattamento necessario per adempiere a un obbligo contrattuale o legale al quale \u00e8 soggetto il titolare del trattamento ovvero per dare esecuzione ad una richiesta specifica dell&#8217;interessato<\/em><\/span><\/p>\r\n<p><span class=\"normale\">I tuoi dati personali potranno essere trattati, senza la necessit\u00e0 del tuo consenso, nei casi in cui ci\u00f2 sia necessario per adempiere a obblighi derivanti da disposizioni di legge, nonch\u00e9 di norme, codici o procedure approvati da Autorit\u00e0 e altre Istituzioni competenti. I tuoi dati personali inoltre saranno trattati\u00a0per le finalit\u00e0 relative e\/o connesse all&#8217;erogazione dei servizi da parte della Societ\u00e0 nell\u2019ambito della navigazione sul Sito Web, quali nello specifico:<\/span><\/p>\r\n<ul>\r\n<li><span class=\"normale\">per l&#8217;erogazione dei servizi richiesti dall\u2019utente durante la navigazione sul Sito Web inclusa la raccolta, la conservazione e l&#8217; elaborazione dei dati ai fini dell&#8217;instaurazione e della successiva gestione operativa e tecnica;<\/span><\/li>\r\n<li><span class=\"normale\">per l&#8217;erogazione dei servizi richiesti dal cliente con la registrazione sul Sito Web e la creazione del proprio account e profilo inclusa la raccolta, la conservazione e la elaborazione dei dati ai fini dell&#8217;instaurazione e della successiva gestione operativa, tecnica ed amministrativa del rapporto (e dell&#8217;account e profilo creato dal cliente) connesso all&#8217;erogazione dei servizi e all\u2019effettuazione di comunicazioni relative allo svolgimento dei servizi;<\/span><\/li>\r\n<li><span class=\"normale\">gestione dei rapporti con autorit\u00e0 ed enti pubblici terzi per finalit\u00e0 connesse a particolari richieste, all&#8217;adempimento di obblighi di legge o a particolari procedure.<\/span><\/li>\r\n<\/ul>\r\n<p><span class=\"normale\">Tali dati \u2013 il cui conferimento \u00e8 necessario ai fini dell\u2019esecuzione operativa del servizio\u2013 saranno trattati anche con strumenti elettronici, registrati in apposite banche dati, e utilizzati strettamente ed esclusivamente nell\u2019ambito della navigazione sul Sito Web. Poich\u00e9 la comunicazione dei tuoi dati per le predette finalit\u00e0 risulta necessaria al fine del mantenimento e dell&#8217;erogazione dei servizi connessi alla\u00a0<strong>navigazione sulle aree personali del Sito Web<\/strong>, la mancata comunicazione render\u00e0 impossibile l&#8217;erogazione degli specifici servizi in questione.<\/span><\/p>\r\n<p><span class=\"normale\"><em>b. Finalit\u00e0 commerciali e di marketing \u2013 consenso<\/em><\/span><\/p>\r\n<p><span class=\"normale\">I tuoi dati personali potranno altres\u00ec essere trattati, previo rilascio del tuo consenso, per le seguenti ulteriori finalit\u00e0 funzionali all&#8217;attivit\u00e0 del Titolare o di un terzo:<\/span><\/p>\r\n<ul>\r\n<li><span class=\"normale\">ricerche di mercato, analisi economiche e statistiche;<\/span><\/li>\r\n<li><span class=\"normale\">commercializzazione dei servizi del Titolare e\/o di un terzo, invio di materiale pubblicitario\/informativo\/promozionale e di partecipazione ad iniziative ed offerte volte a premiare i clienti del Titolare;<\/span><\/li>\r\n<li><span class=\"normale\">rilevazioni del grado di soddisfazione della clientela sulla qualit\u00e0 dei servizi forniti.<\/span><\/li>\r\n<\/ul>\r\n<p><span class=\"normale\">Tali attivit\u00e0 potranno riguardare prodotti e servizi del Titolare, nonch\u00e9 di societ\u00e0 loro partner commerciali e potranno essere eseguite anche attraverso un sistema automatizzato di posta elettronica. Il consenso al trattamento dei dati e alla comunicazione ai soggetti di seguito indicati per le predette finalit\u00e0 \u00e8 facoltativo e potr\u00e0 essere revocato contattando il Servizio Clienti al numero 800.900.700\u00a0oppure scrivendo al Titolare all\u2019indirizzo Baluardo A. La Marmora, 2, 28100 Novara (NO.<\/span><\/p>\r\n<p><span class=\"normale\"><em>c. Difesa di un diritto in sede giudiziaria<\/em><\/span><\/p>\r\n<p><span class=\"normale\"><strong>In aggiunta, i tuoi dati personali saranno trattati ogni qualvolta risulti necessario al fine di accertare, esercitare o difendere un diritto del Titolare in sede giudiziaria.<\/strong><\/span><\/p>\r\n<p><span class=\"normale\"><em>d. Interesse legittimo del Titolare<\/em><\/span><\/p>\r\n<p><span class=\"normale\">Il Titolare potr\u00e0 trattare, senza il tuo consenso, i tuoi dati personali nelle seguenti ipotesi:<\/span><\/p>\r\n<ul>\r\n<li><span class=\"normale\">nel caso di operazioni straordinarie di fusione, cessione o trasferimento di ramo d&#8217;azienda, al fine di consentire la realizzazione delle operazioni necessarie all&#8217;attivit\u00e0 di valutazione preliminare o finalizzate alla cessione. Resta inteso che saranno oggetto di trattamento per le predette finalit\u00e0 i dati esclusivamente necessari, in forma quanto pi\u00f9 possibile aggregata\/anonima.<\/span><\/li>\r\n<\/ul>\r\n<p><span class=\"normale\"><strong>3. Destinatari dei dati personali<\/strong><\/span><\/p>\r\n<p><span class=\"normale\">Per il perseguimento delle finalit\u00e0 indicate al punto 3, il Titolare potr\u00e0 comunicare i tuoi dati personali a soggetti terzi, quali, ad esempio, quelli appartenenti ai seguenti soggetti o categorie di soggetti:<\/span><\/p>\r\n<ul>\r\n<li><span class=\"normale\">forze di polizia, forze armate ed altre amministrazioni pubbliche, per l&#8217;adempimento di obblighi previsti dalla legge, da regolamenti o dalla normativa comunitaria. In tali ipotesi, in base alla normativa applicabile in tema di protezione dei dati \u00e8 escluso l\u2019obbligo di acquisire il previo consenso dell\u2019interessato a dette comunicazioni;<\/span><\/li>\r\n<li><span class=\"normale\">societ\u00e0, enti o associazioni, ovvero societ\u00e0 controllanti, controllate o collegate ai sensi dell&#8217;articolo 2359 del codice civile, ovvero tra queste e societ\u00e0 sottoposte a comune controllo, nonch\u00e9 tra consorzi, reti di imprese e raggruppamenti e associazioni temporanee di imprese e con i soggetti ad essi aderenti, limitatamente alle comunicazioni effettuate per finalit\u00e0 amministrative e\/o contabili;<\/span><\/li>\r\n<li><span class=\"normale\">societ\u00e0 specializzate nella gestione di informazioni commerciali o relative al credito, ovvero di promozione pubblicitaria;<\/span><\/li>\r\n<li><span class=\"normale\">altre societ\u00e0 contrattualmente legate al Titolare che svolgono, a titolo di esempio, attivit\u00e0 di consulenza, supporto alla prestazione dei servizi etc.<\/span><\/li>\r\n<\/ul>\r\n<p><span class=\"normale\">Il Titolare garantisce la massima cura affinch\u00e9 la comunicazione dei tuoi dati personali ai predetti destinatari riguardi esclusivamente i dati necessari per il raggiungimento delle specifiche finalit\u00e0 cui sono destinati. I tuoi dati personali sono conservati nei database del Titolare e saranno trattati esclusivamente da parte di personale autorizzato. A questi ultimi saranno fornite apposite istruzioni sulle modalit\u00e0 e finalit\u00e0 del trattamento. Tali dati non saranno inoltre comunicati a terzi, salvo quanto sopra previsto e, in ogni caso, nei limiti ivi indicati. Infine, ti ricordiamo che i tuoi dati personali non saranno oggetto di diffusione, se non nei casi sopra descritti e\/o previsti dalla legge.<\/span><\/p>\r\n<p><span class=\"normale\"><strong>4.Trasferimento dei dati personali al di fuori dell&#8217;UE<\/strong><\/span><\/p>\r\n<p><span class=\"normale\">Per alcune delle finalit\u00e0 indicate al punto 3, i tuoi dati personali potrebbero essere trasferiti fuori dalla UE, anche mediante l&#8217;inserimento in database condivisi e gestiti da terze societ\u00e0. La gestione del database ed il trattamento di tali dati sono vincolati alle finalit\u00e0 per cui sono stati raccolti ed avvengono nel massimo rispetto degli standard di riservatezza e sicurezza di cui alle leggi sulla protezione dei dati personali applicabili. Tutte le volte in cui i tuoi dati personali dovessero essere oggetto di trasferimento internazionale al di fuori del territorio dell&#8217;UE, il Titolare adotter\u00e0 ogni misura contrattuale idonea e necessaria per garantire un adeguato livello di protezione dei tuoi dati personali in accordo con quanto indicato all&#8217;interno della presente informativa sul trattamento dei dati personali, incluse, tra le altre, le Clausole Contrattuali Standard approvate dalla Commissione Europea.<\/span><\/p>\r\n<p><span class=\"normale\"><strong>5. Periodo di conservazione dei dati<br \/><\/strong><\/span><\/p>\r\n<p><span class=\"normale\">I dati saranno conservati per un periodo di tempo non superiore a quello necessario agli scopi per i quali essi sono stati raccolti o successivamente trattati conformemente a quanto previsto dagli obblighi di legge.<\/span><\/p>\r\n<p><span class=\"normale\"><strong>6. Diritti degli interessati<br \/><\/strong><\/span><\/p>\r\n<p><span class=\"normale\">In qualit\u00e0 di interessato, ti sono riconosciuti i seguenti diritti sui dati personali raccolti e trattati dal Titolare per le finalit\u00e0 indicate al punto 3: (i) il diritto di accesso, in particolare richiedendo, in qualsiasi momento, conferma dell&#8217;esistenza dei tuoi dati personali presso gli archivi della Societ\u00e0 e la messa a disposizione in modo chiaro ed intelligibile di tali informazioni, nonch\u00e9 il diritto di conoscere l&#8217;origine, la logica e lo scopo del trattamento con espressa e specifica indicazione degli incaricati e responsabili del trattamento e dei soggetti terzi cui possono essere comunicati i tuoi dati; (ii) il diritto di ottenere l&#8217;aggiornamento e la rettifica dei dati (tranne quelli valutativi), la cancellazione dei dati superflui o la trasformazione in forma anonima, nonch\u00e9 il blocco del trattamento e cancellazione definitiva in caso di trattamento illecito; e (iii) qualora ne ricorrano i presupposti, la limitazione del trattamento e la portabilit\u00e0 dei dati. La legge le riconosce inoltre la possibilit\u00e0 di proporre reclamo al Garante per la protezione dei dati personali, qualora dovessi ravvisare una violazione dei tuoi diritti ai sensi della normativa applicabile in materia di protezione dei dati personali.<\/span><\/p>\r\n<p><span class=\"normale\">Puoi esercitare i diritti sopra elencati attraverso al numero 0321 611308 oppure scrivendo al responsabile per la protezione dei dati presso <a href=\"mailto:record@recordinformatica.it\">record@recordinformatica.it<\/a>.<\/span><\/p>\r\n<\/div>\r\n","protected":false},"excerpt":{"rendered":"<p>Ai sensi del Regolamento (UE) 2016\/679 (&#8220;GDPR&#8220;), Record Informatica srl (&#8220;Societ\u00e0&#8221; o il &#8220;Titolare&#8220;) fornisce di seguito l&#8217;informativa riguardante il<\/p>\n","protected":false},"author":1,"featured_media":0,"parent":0,"menu_order":0,"comment_status":"closed","ping_status":"closed","template":"","meta":{"footnotes":""},"class_list":["post-3","page","type-page","status-publish","hentry"],"yoast_head":"<!-- This site is optimized with the Yoast SEO plugin v27.5 - https:\/\/yoast.com\/product\/yoast-seo-wordpress\/ -->\n<title>Informativa Privacy<\/title>\n<meta name=\"description\" content=\"Ai sensi del Regolamento (UE) 2016\/679 (&quot;GDPR&quot;), Record Informatica srl (&quot;Societ\u00e0&quot; o il &quot;Titolare&quot;) fornisce di seguito l&#039;informativa riguardante il\" \/>\n<meta name=\"robots\" content=\"noindex, follow\" \/>\n<meta property=\"og:locale\" content=\"it_IT\" \/>\n<meta property=\"og:type\" content=\"article\" \/>\n<meta property=\"og:title\" content=\"Informativa Privacy\" \/>\n<meta property=\"og:description\" content=\"Ai sensi del Regolamento (UE) 2016\/679 (&quot;GDPR&quot;), Record Informatica srl (&quot;Societ\u00e0&quot; o il &quot;Titolare&quot;) fornisce di seguito l&#039;informativa riguardante il\" \/>\n<meta property=\"og:url\" content=\"https:\/\/www.recordinformatica.it\/it\/informativa_privacy.htm\" \/>\n<meta property=\"og:site_name\" content=\"Record Informatica\" \/>\n<meta property=\"article:modified_time\" content=\"2023-04-14T07:28:21+00:00\" \/>\n<meta name=\"twitter:card\" content=\"summary_large_image\" \/>\n<meta name=\"twitter:label1\" content=\"Tempo di lettura stimato\" \/>\n\t<meta name=\"twitter:data1\" content=\"8 minuti\" \/>\n<script type=\"application\/ld+json\" class=\"yoast-schema-graph\">{\"@context\":\"https:\\\/\\\/schema.org\",\"@graph\":[{\"@type\":\"WebPage\",\"@id\":\"https:\\\/\\\/www.recordinformatica.it\\\/it\\\/informativa_privacy.htm\",\"url\":\"https:\\\/\\\/www.recordinformatica.it\\\/it\\\/informativa_privacy.htm\",\"name\":\"Informativa Privacy\",\"isPartOf\":{\"@id\":\"https:\\\/\\\/www.recordinformatica.it\\\/it\\\/#website\"},\"datePublished\":\"2020-05-24T05:00:27+00:00\",\"dateModified\":\"2023-04-14T07:28:21+00:00\",\"description\":\"Ai sensi del Regolamento (UE) 2016\\\/679 (\\\"GDPR\\\"), Record Informatica srl (\\\"Societ\u00e0\\\" o il \\\"Titolare\\\") fornisce di seguito l'informativa riguardante il\",\"breadcrumb\":{\"@id\":\"https:\\\/\\\/www.recordinformatica.it\\\/it\\\/informativa_privacy.htm#breadcrumb\"},\"inLanguage\":\"it-IT\",\"potentialAction\":[{\"@type\":\"ReadAction\",\"target\":[\"https:\\\/\\\/www.recordinformatica.it\\\/it\\\/informativa_privacy.htm\"]}]},{\"@type\":\"BreadcrumbList\",\"@id\":\"https:\\\/\\\/www.recordinformatica.it\\\/it\\\/informativa_privacy.htm#breadcrumb\",\"itemListElement\":[{\"@type\":\"ListItem\",\"position\":1,\"name\":\"Home\",\"item\":\"https:\\\/\\\/www.recordinformatica.it\\\/it\\\/\"},{\"@type\":\"ListItem\",\"position\":2,\"name\":\"Informativa Privacy\"}]},{\"@type\":\"WebSite\",\"@id\":\"https:\\\/\\\/www.recordinformatica.it\\\/it\\\/#website\",\"url\":\"https:\\\/\\\/www.recordinformatica.it\\\/it\\\/\",\"name\":\"Record Informatica\",\"description\":\"\",\"publisher\":{\"@id\":\"https:\\\/\\\/www.recordinformatica.it\\\/it\\\/#organization\"},\"potentialAction\":[{\"@type\":\"SearchAction\",\"target\":{\"@type\":\"EntryPoint\",\"urlTemplate\":\"https:\\\/\\\/www.recordinformatica.it\\\/it\\\/?s={search_term_string}\"},\"query-input\":{\"@type\":\"PropertyValueSpecification\",\"valueRequired\":true,\"valueName\":\"search_term_string\"}}],\"inLanguage\":\"it-IT\"},{\"@type\":\"Organization\",\"@id\":\"https:\\\/\\\/www.recordinformatica.it\\\/it\\\/#organization\",\"name\":\"Record Informatica\",\"url\":\"https:\\\/\\\/www.recordinformatica.it\\\/it\\\/\",\"logo\":{\"@type\":\"ImageObject\",\"inLanguage\":\"it-IT\",\"@id\":\"https:\\\/\\\/www.recordinformatica.it\\\/it\\\/#\\\/schema\\\/logo\\\/image\\\/\",\"url\":\"https:\\\/\\\/www.recordinformatica.it\\\/wp-content\\\/uploads\\\/2023\\\/03\\\/logo_recordgrande_white_border_top_bottom-3.jpg\",\"contentUrl\":\"https:\\\/\\\/www.recordinformatica.it\\\/wp-content\\\/uploads\\\/2023\\\/03\\\/logo_recordgrande_white_border_top_bottom-3.jpg\",\"width\":568,\"height\":368,\"caption\":\"Record Informatica\"},\"image\":{\"@id\":\"https:\\\/\\\/www.recordinformatica.it\\\/it\\\/#\\\/schema\\\/logo\\\/image\\\/\"}}]}<\/script>\n<!-- \/ Yoast SEO plugin. -->","yoast_head_json":{"title":"Informativa Privacy","description":"Ai sensi del Regolamento (UE) 2016\/679 (\"GDPR\"), Record Informatica srl (\"Societ\u00e0\" o il \"Titolare\") fornisce di seguito l'informativa riguardante il","robots":{"index":"noindex","follow":"follow"},"og_locale":"it_IT","og_type":"article","og_title":"Informativa Privacy","og_description":"Ai sensi del Regolamento (UE) 2016\/679 (\"GDPR\"), Record Informatica srl (\"Societ\u00e0\" o il \"Titolare\") fornisce di seguito l'informativa riguardante il","og_url":"https:\/\/www.recordinformatica.it\/it\/informativa_privacy.htm","og_site_name":"Record Informatica","article_modified_time":"2023-04-14T07:28:21+00:00","twitter_card":"summary_large_image","twitter_misc":{"Tempo di lettura stimato":"8 minuti"},"schema":{"@context":"https:\/\/schema.org","@graph":[{"@type":"WebPage","@id":"https:\/\/www.recordinformatica.it\/it\/informativa_privacy.htm","url":"https:\/\/www.recordinformatica.it\/it\/informativa_privacy.htm","name":"Informativa Privacy","isPartOf":{"@id":"https:\/\/www.recordinformatica.it\/it\/#website"},"datePublished":"2020-05-24T05:00:27+00:00","dateModified":"2023-04-14T07:28:21+00:00","description":"Ai sensi del Regolamento (UE) 2016\/679 (\"GDPR\"), Record Informatica srl (\"Societ\u00e0\" o il \"Titolare\") fornisce di seguito l'informativa riguardante il","breadcrumb":{"@id":"https:\/\/www.recordinformatica.it\/it\/informativa_privacy.htm#breadcrumb"},"inLanguage":"it-IT","potentialAction":[{"@type":"ReadAction","target":["https:\/\/www.recordinformatica.it\/it\/informativa_privacy.htm"]}]},{"@type":"BreadcrumbList","@id":"https:\/\/www.recordinformatica.it\/it\/informativa_privacy.htm#breadcrumb","itemListElement":[{"@type":"ListItem","position":1,"name":"Home","item":"https:\/\/www.recordinformatica.it\/it\/"},{"@type":"ListItem","position":2,"name":"Informativa Privacy"}]},{"@type":"WebSite","@id":"https:\/\/www.recordinformatica.it\/it\/#website","url":"https:\/\/www.recordinformatica.it\/it\/","name":"Record Informatica","description":"","publisher":{"@id":"https:\/\/www.recordinformatica.it\/it\/#organization"},"potentialAction":[{"@type":"SearchAction","target":{"@type":"EntryPoint","urlTemplate":"https:\/\/www.recordinformatica.it\/it\/?s={search_term_string}"},"query-input":{"@type":"PropertyValueSpecification","valueRequired":true,"valueName":"search_term_string"}}],"inLanguage":"it-IT"},{"@type":"Organization","@id":"https:\/\/www.recordinformatica.it\/it\/#organization","name":"Record Informatica","url":"https:\/\/www.recordinformatica.it\/it\/","logo":{"@type":"ImageObject","inLanguage":"it-IT","@id":"https:\/\/www.recordinformatica.it\/it\/#\/schema\/logo\/image\/","url":"https:\/\/www.recordinformatica.it\/wp-content\/uploads\/2023\/03\/logo_recordgrande_white_border_top_bottom-3.jpg","contentUrl":"https:\/\/www.recordinformatica.it\/wp-content\/uploads\/2023\/03\/logo_recordgrande_white_border_top_bottom-3.jpg","width":568,"height":368,"caption":"Record Informatica"},"image":{"@id":"https:\/\/www.recordinformatica.it\/it\/#\/schema\/logo\/image\/"}}]}},"_links":{"self":[{"href":"https:\/\/www.recordinformatica.it\/it\/wp-json\/wp\/v2\/pages\/3","targetHints":{"allow":["GET"]}}],"collection":[{"href":"https:\/\/www.recordinformatica.it\/it\/wp-json\/wp\/v2\/pages"}],"about":[{"href":"https:\/\/www.recordinformatica.it\/it\/wp-json\/wp\/v2\/types\/page"}],"author":[{"embeddable":true,"href":"https:\/\/www.recordinformatica.it\/it\/wp-json\/wp\/v2\/users\/1"}],"replies":[{"embeddable":true,"href":"https:\/\/www.recordinformatica.it\/it\/wp-json\/wp\/v2\/comments?post=3"}],"version-history":[{"count":0,"href":"https:\/\/www.recordinformatica.it\/it\/wp-json\/wp\/v2\/pages\/3\/revisions"}],"wp:attachment":[{"href":"https:\/\/www.recordinformatica.it\/it\/wp-json\/wp\/v2\/media?parent=3"}],"curies":[{"name":"wp","href":"https:\/\/api.w.org\/{rel}","templated":true}]}}