{"id":2488,"date":"2020-08-27T21:39:59","date_gmt":"2020-08-27T19:39:59","guid":{"rendered":"https:\/\/www.recordinformatica.it\/?page_id=2488"},"modified":"2023-03-06T11:47:12","modified_gmt":"2023-03-06T10:47:12","slug":"barcode-2d-bidimensionali-pdf417-datamatrix","status":"publish","type":"page","link":"https:\/\/www.recordinformatica.it\/it\/barcode-2d-bidimensionali-pdf417-datamatrix.htm","title":{"rendered":"Barcode bidimensionali &#8211; Pi\u00f9 dati in meno spazio"},"content":{"rendered":"<p>[vc_row el_class=&#8221;fake_breadcrumbs&#8221;][vc_column][vc_column_text]<strong>Barcode Bidimensionali<\/strong>[\/vc_column_text][\/vc_column][\/vc_row][vc_row][vc_column][vc_column_text]<img loading=\"lazy\" decoding=\"async\" class=\"alignleft wp-image-2489 size-full\" src=\"https:\/\/www.recordinformatica.it\/wp-content\/uploads\/2020\/08\/barcode2d_3.png\" alt=\"Barcode bidimensionale PDF417\" width=\"300\" height=\"167\" \/>I barcode bidimensionali (2D) estendono le potenzialit\u00e0 dei barcode monodimensionali permettendo di incorporare molti pi\u00f9 dati in spazi contenuti.<br \/>\nSi pu\u00f2 immaginare il barcode bidimensionale come una serie di barcode monodimensionali molto piccoli impilati uno sopra l&#8217;altro (Stacked Symbologies) oppure come una matrice di quadrati o di punti (Matrix Symbologies).[\/vc_column_text][\/vc_column][\/vc_row][vc_row][vc_column][vc_column_text]L&#8217;aspetto apparente \u00e8 quello di una griglia molto fitta di elementi geometrici neri e bianchi.<\/p>\n<p>Ne esistono 5\/6 tipologie principali. Tra i pi\u00f9 famosi ed usati spiccano il <a href=\"https:\/\/it.wikipedia.org\/wiki\/Codice_QR\" target=\"_blank\" rel=\"noopener\">QRCode<\/a>, il <a href=\"https:\/\/it.wikipedia.org\/wiki\/Data_Matrix\" target=\"_blank\" rel=\"noopener\">Data Matrix<\/a> ed il <a href=\"https:\/\/it.wikipedia.org\/wiki\/PDF417\" target=\"_blank\" rel=\"noopener\">PDF417<\/a> .[\/vc_column_text][\/vc_column][\/vc_row][vc_row][vc_column width=&#8221;1\/4&#8243;][vc_single_image image=&#8221;2501&#8243; img_size=&#8221;full&#8221; add_caption=&#8221;yes&#8221;][\/vc_column][vc_column width=&#8221;1\/4&#8243;][vc_single_image image=&#8221;2491&#8243; img_size=&#8221;full&#8221; add_caption=&#8221;yes&#8221;][\/vc_column][vc_column width=&#8221;1\/4&#8243;][vc_single_image image=&#8221;2493&#8243; img_size=&#8221;full&#8221; add_caption=&#8221;yes&#8221;][\/vc_column][vc_column width=&#8221;1\/4&#8243;][\/vc_column][\/vc_row][vc_row][vc_column][vc_column_text]Sono abbastanza usati anche il MaxiCode e l&#8217;Aztec Code.[\/vc_column_text][\/vc_column][\/vc_row][vc_row][vc_column width=&#8221;1\/4&#8243;][vc_single_image image=&#8221;2499&#8243; img_size=&#8221;full&#8221; add_caption=&#8221;yes&#8221;][\/vc_column][vc_column width=&#8221;1\/4&#8243;][vc_single_image image=&#8221;2503&#8243; img_size=&#8221;full&#8221; add_caption=&#8221;yes&#8221;][\/vc_column][vc_column width=&#8221;1\/4&#8243;][\/vc_column][vc_column width=&#8221;1\/4&#8243;][\/vc_column][\/vc_row][vc_row][vc_column][vc_column_text]MaxiCode \u00e8 prevalentemente usato nelle applicazioni con UPS (United Parcel Service) che l&#8217;ha creato e poi reso di pubblico dominio. E&#8217; caratteristico di questo Barcode quella specie di &#8220;occhio&#8221; centrale.<\/p>\n<p>QRCode rispetto all&#8217;uso industriale originale, ha trovato impiego anche nella stampa su giornali. Viene letto tramite la telecamera dei cellulari per evitare l&#8217;input di indirizzi web o simili.<\/p>\n<p>I pi\u00f9 utilizzati in campo industriale e commerciale sono, comunque, il QR Code, il Data Matrix ed il PDF417. Sono tutti e tre standard ISO.<\/p>\n<p>Una delle principali ragioni dell&#8217;impiego dei barcode 2D \u00e8 la loro capacit\u00e0 di ridurre la dimensione dell&#8217;area di stampa occupata dal barcode, a parit\u00e0 di caratteri inglobati, rispetto ai monodimensionali.<\/p>\n<p>In altri termini, per stampare lo stesso quantitativo di dati con un barcode monodimensionale serve molto pi\u00f9 spazio sul foglio.<\/p>\n<p>I barcode bidimensionali riescono ad inglobare sino a 2\/3.000 caratteri in una occupazione di spazio sul foglio contenuta.<\/p>\n<p>Rendono quindi possibili applicazioni altrimenti non realizzabili con i barcode monodimensionali.<\/p>\n<p>Si potrebbe inglobare, ad esempio, l&#8217;intero contenuto di una pagina di una fattura.<\/p>\n<p>L&#8217;immagine sottostante riepiloga, in forma di tabella, i dati di una fattura relativa a prodotti farmaceutici che comprende una testata, tre righe di dettaglio, ed una riga di dati di piede.[\/vc_column_text][\/vc_column][\/vc_row][vc_row][vc_column][vc_single_image image=&#8221;2505&#8243; img_size=&#8221;full&#8221; alignment=&#8221;center&#8221;][\/vc_column][\/vc_row][vc_row][vc_column][vc_column_text]L&#8217;esempio, semplificato, potrebbe essere rappresentativo dei dati necessari per procedere alla registrazione della fattura stessa.<\/p>\n<p>Questi dati, espressi in forma di file sequenziale suddivisi da un separatore (&#8220;;&#8221;) si presenterebbero nel modo seguente:<\/p>\n<div align=\"left\">TA;Fatfor;000001;10102010;012345678901;R1;001234ABC;000123;Sacca soluzione fisiologica 0,9;000010;022;00000052,00;R2;001234ABD;000124;Sacca soluzione salina 0,9 glucosio;000025;018;00000065,00;R3;001234ABE;000125;Sacca soluzione salina 1,1;000015;020;00000060,00;PE;0003045,00;010;0000304,50;0003349,50;<\/div>\n<p>&nbsp;<\/p>\n<div align=\"left\">Ed incorporati in un Barcode PDF417 si presenterebbero cos\u00ec:<\/div>\n<p>[\/vc_column_text][\/vc_column][\/vc_row][vc_row][vc_column][vc_single_image image=&#8221;2507&#8243; img_size=&#8221;full&#8221; alignment=&#8221;center&#8221;][\/vc_column][\/vc_row][vc_row][vc_column][vc_column_text]Sarebbe semplice, quindi, leggerne i dati con un lettore (si trovano lettori adatti anche in fascia entry level) ed acquisirli in un software gestionale.<\/p>\n<p>Si tratta di una possibile alternativa a sistemi di acquisizione automatica dei dati da documenti fornitore pi\u00f9 completi ma pi\u00f9 costosi quali EDI o scansione OCR del documento.<\/p>\n<p>Il PDF417 \u00e8 un codice 2D inventato da Ynjiun Wang per conto della Symbol Technologies nel 1991 (ora standard <a href=\"https:\/\/www.iso.org\/home.html\" target=\"_blank\" rel=\"noopener\">ISO<\/a>).<\/p>\n<p>PDF sta per Portable Data File mentre &#8220;417&#8221; deriva dal fatto che la simbologia \u00e8 composta da 17 moduli contenenti ciascuno 4 barre e spazi.<\/p>\n<p>Ha un pattern di start ed uno di stop, due colonne, destra e sinistra, di valori indicativi del contenuto della riga ed una zona centrale contenente i dati veri e propri.[\/vc_column_text][\/vc_column][\/vc_row][vc_row][vc_column][vc_single_image image=&#8221;2509&#8243; img_size=&#8221;full&#8221; alignment=&#8221;center&#8221;][\/vc_column][\/vc_row][vc_row][vc_column][vc_column_text]Consente una gestione elevata dei caratteri di controllo. Pu\u00f2 quindi essere modellato per avere un alto livello di sicurezza, adatto ad un uso esterno all&#8217;azienda in condizioni che lo potrebbero danneggiare, od un basso livello di sicurezza per applicazioni interne alla azienda dove si \u00e8 certi che non ne venga danneggiata la struttura.<\/p>\n<p>In dipendenza del tipo di caratteri che si vuole immagazzinare all&#8217;interno (numeri, caratteri, dati alfanumerici) ed in dipendenza del livello di controllo utilizzato il PDF417 permette di contenere da circa 1.100 sino a circa 2.700 caratteri.[\/vc_column_text][\/vc_column][\/vc_row][vc_row][vc_column][vc_column_text]<strong>Scarica il white paper gratuito sui barcode bidimensionali.<\/strong><\/p>\n<ul>\n<li><a href=\"\/wp-content\/uploads\/2020\/08\/Barcode-Bidimensionali.pdf\" target=\"_blank\" rel=\"noopener noreferrer\">Barcode Bidimensionali &#8211; Pi\u00f9 dati in meno spazio.pdf<\/a><\/li>\n<\/ul>\n<p>[\/vc_column_text][\/vc_column][\/vc_row]<\/p>\n","protected":false},"excerpt":{"rendered":"<p>[vc_row el_class=&#8221;fake_breadcrumbs&#8221;][vc_column][vc_column_text]Barcode Bidimensionali[\/vc_column_text][\/vc_column][\/vc_row][vc_row][vc_column][vc_column_text]I barcode bidimensionali (2D) estendono le potenzialit\u00e0 dei barcode monodimensionali permettendo di incorporare molti pi\u00f9 dati in spazi<\/p>\n","protected":false},"author":2,"featured_media":0,"parent":0,"menu_order":0,"comment_status":"closed","ping_status":"closed","template":"","meta":{"footnotes":""},"class_list":["post-2488","page","type-page","status-publish","hentry"],"yoast_head":"<!-- This site is optimized with the Yoast SEO plugin v27.4 - https:\/\/yoast.com\/product\/yoast-seo-wordpress\/ -->\n<title>Barcode bidimensionali - Pi\u00f9 dati in meno spazio<\/title>\n<meta name=\"description\" content=\"Tipologie pi\u00f9 note di barcode bidimensionali e loro caratteristiche principali. QR Code, Data Matrix, PDF417\" \/>\n<meta name=\"robots\" content=\"index, follow, max-snippet:-1, max-image-preview:large, max-video-preview:-1\" \/>\n<link rel=\"canonical\" href=\"https:\/\/www.recordinformatica.it\/it\/barcode-2d-bidimensionali-pdf417-datamatrix.htm\" \/>\n<meta property=\"og:locale\" content=\"it_IT\" \/>\n<meta property=\"og:type\" content=\"article\" \/>\n<meta property=\"og:title\" content=\"Barcode bidimensionali - Pi\u00f9 dati in meno spazio\" \/>\n<meta property=\"og:description\" content=\"Tipologie pi\u00f9 note di barcode bidimensionali e loro caratteristiche principali. QR Code, Data Matrix, PDF417\" \/>\n<meta property=\"og:url\" content=\"https:\/\/www.recordinformatica.it\/it\/barcode-2d-bidimensionali-pdf417-datamatrix.htm\" \/>\n<meta property=\"og:site_name\" content=\"Record Informatica\" \/>\n<meta property=\"article:modified_time\" content=\"2023-03-06T10:47:12+00:00\" \/>\n<meta property=\"og:image\" content=\"https:\/\/www.recordinformatica.it\/wp-content\/uploads\/2020\/08\/barcode2d_3.png\" \/>\n<meta name=\"twitter:card\" content=\"summary_large_image\" \/>\n<meta name=\"twitter:label1\" content=\"Tempo di lettura stimato\" \/>\n\t<meta name=\"twitter:data1\" content=\"4 minuti\" \/>\n<script type=\"application\/ld+json\" class=\"yoast-schema-graph\">{\"@context\":\"https:\\\/\\\/schema.org\",\"@graph\":[{\"@type\":\"WebPage\",\"@id\":\"https:\\\/\\\/www.recordinformatica.it\\\/it\\\/barcode-2d-bidimensionali-pdf417-datamatrix.htm\",\"url\":\"https:\\\/\\\/www.recordinformatica.it\\\/it\\\/barcode-2d-bidimensionali-pdf417-datamatrix.htm\",\"name\":\"Barcode bidimensionali - Pi\u00f9 dati in meno spazio\",\"isPartOf\":{\"@id\":\"https:\\\/\\\/www.recordinformatica.it\\\/it\\\/#website\"},\"primaryImageOfPage\":{\"@id\":\"https:\\\/\\\/www.recordinformatica.it\\\/it\\\/barcode-2d-bidimensionali-pdf417-datamatrix.htm#primaryimage\"},\"image\":{\"@id\":\"https:\\\/\\\/www.recordinformatica.it\\\/it\\\/barcode-2d-bidimensionali-pdf417-datamatrix.htm#primaryimage\"},\"thumbnailUrl\":\"https:\\\/\\\/www.recordinformatica.it\\\/wp-content\\\/uploads\\\/2020\\\/08\\\/barcode2d_3.png\",\"datePublished\":\"2020-08-27T19:39:59+00:00\",\"dateModified\":\"2023-03-06T10:47:12+00:00\",\"description\":\"Tipologie pi\u00f9 note di barcode bidimensionali e loro caratteristiche principali. QR Code, Data Matrix, PDF417\",\"breadcrumb\":{\"@id\":\"https:\\\/\\\/www.recordinformatica.it\\\/it\\\/barcode-2d-bidimensionali-pdf417-datamatrix.htm#breadcrumb\"},\"inLanguage\":\"it-IT\",\"potentialAction\":[{\"@type\":\"ReadAction\",\"target\":[\"https:\\\/\\\/www.recordinformatica.it\\\/it\\\/barcode-2d-bidimensionali-pdf417-datamatrix.htm\"]}]},{\"@type\":\"ImageObject\",\"inLanguage\":\"it-IT\",\"@id\":\"https:\\\/\\\/www.recordinformatica.it\\\/it\\\/barcode-2d-bidimensionali-pdf417-datamatrix.htm#primaryimage\",\"url\":\"https:\\\/\\\/www.recordinformatica.it\\\/wp-content\\\/uploads\\\/2020\\\/08\\\/barcode2d_3.png\",\"contentUrl\":\"https:\\\/\\\/www.recordinformatica.it\\\/wp-content\\\/uploads\\\/2020\\\/08\\\/barcode2d_3.png\"},{\"@type\":\"BreadcrumbList\",\"@id\":\"https:\\\/\\\/www.recordinformatica.it\\\/it\\\/barcode-2d-bidimensionali-pdf417-datamatrix.htm#breadcrumb\",\"itemListElement\":[{\"@type\":\"ListItem\",\"position\":1,\"name\":\"Home\",\"item\":\"https:\\\/\\\/www.recordinformatica.it\\\/it\\\/\"},{\"@type\":\"ListItem\",\"position\":2,\"name\":\"Barcode bidimensionali &#8211; Pi\u00f9 dati in meno spazio\"}]},{\"@type\":\"WebSite\",\"@id\":\"https:\\\/\\\/www.recordinformatica.it\\\/it\\\/#website\",\"url\":\"https:\\\/\\\/www.recordinformatica.it\\\/it\\\/\",\"name\":\"Record Informatica\",\"description\":\"\",\"publisher\":{\"@id\":\"https:\\\/\\\/www.recordinformatica.it\\\/it\\\/#organization\"},\"potentialAction\":[{\"@type\":\"SearchAction\",\"target\":{\"@type\":\"EntryPoint\",\"urlTemplate\":\"https:\\\/\\\/www.recordinformatica.it\\\/it\\\/?s={search_term_string}\"},\"query-input\":{\"@type\":\"PropertyValueSpecification\",\"valueRequired\":true,\"valueName\":\"search_term_string\"}}],\"inLanguage\":\"it-IT\"},{\"@type\":\"Organization\",\"@id\":\"https:\\\/\\\/www.recordinformatica.it\\\/it\\\/#organization\",\"name\":\"Record Informatica\",\"url\":\"https:\\\/\\\/www.recordinformatica.it\\\/it\\\/\",\"logo\":{\"@type\":\"ImageObject\",\"inLanguage\":\"it-IT\",\"@id\":\"https:\\\/\\\/www.recordinformatica.it\\\/it\\\/#\\\/schema\\\/logo\\\/image\\\/\",\"url\":\"https:\\\/\\\/www.recordinformatica.it\\\/wp-content\\\/uploads\\\/2023\\\/03\\\/logo_recordgrande_white_border_top_bottom-3.jpg\",\"contentUrl\":\"https:\\\/\\\/www.recordinformatica.it\\\/wp-content\\\/uploads\\\/2023\\\/03\\\/logo_recordgrande_white_border_top_bottom-3.jpg\",\"width\":568,\"height\":368,\"caption\":\"Record Informatica\"},\"image\":{\"@id\":\"https:\\\/\\\/www.recordinformatica.it\\\/it\\\/#\\\/schema\\\/logo\\\/image\\\/\"}}]}<\/script>\n<!-- \/ Yoast SEO plugin. -->","yoast_head_json":{"title":"Barcode bidimensionali - Pi\u00f9 dati in meno spazio","description":"Tipologie pi\u00f9 note di barcode bidimensionali e loro caratteristiche principali. QR Code, Data Matrix, PDF417","robots":{"index":"index","follow":"follow","max-snippet":"max-snippet:-1","max-image-preview":"max-image-preview:large","max-video-preview":"max-video-preview:-1"},"canonical":"https:\/\/www.recordinformatica.it\/it\/barcode-2d-bidimensionali-pdf417-datamatrix.htm","og_locale":"it_IT","og_type":"article","og_title":"Barcode bidimensionali - Pi\u00f9 dati in meno spazio","og_description":"Tipologie pi\u00f9 note di barcode bidimensionali e loro caratteristiche principali. QR Code, Data Matrix, PDF417","og_url":"https:\/\/www.recordinformatica.it\/it\/barcode-2d-bidimensionali-pdf417-datamatrix.htm","og_site_name":"Record Informatica","article_modified_time":"2023-03-06T10:47:12+00:00","og_image":[{"url":"https:\/\/www.recordinformatica.it\/wp-content\/uploads\/2020\/08\/barcode2d_3.png","type":"","width":"","height":""}],"twitter_card":"summary_large_image","twitter_misc":{"Tempo di lettura stimato":"4 minuti"},"schema":{"@context":"https:\/\/schema.org","@graph":[{"@type":"WebPage","@id":"https:\/\/www.recordinformatica.it\/it\/barcode-2d-bidimensionali-pdf417-datamatrix.htm","url":"https:\/\/www.recordinformatica.it\/it\/barcode-2d-bidimensionali-pdf417-datamatrix.htm","name":"Barcode bidimensionali - Pi\u00f9 dati in meno spazio","isPartOf":{"@id":"https:\/\/www.recordinformatica.it\/it\/#website"},"primaryImageOfPage":{"@id":"https:\/\/www.recordinformatica.it\/it\/barcode-2d-bidimensionali-pdf417-datamatrix.htm#primaryimage"},"image":{"@id":"https:\/\/www.recordinformatica.it\/it\/barcode-2d-bidimensionali-pdf417-datamatrix.htm#primaryimage"},"thumbnailUrl":"https:\/\/www.recordinformatica.it\/wp-content\/uploads\/2020\/08\/barcode2d_3.png","datePublished":"2020-08-27T19:39:59+00:00","dateModified":"2023-03-06T10:47:12+00:00","description":"Tipologie pi\u00f9 note di barcode bidimensionali e loro caratteristiche principali. QR Code, Data Matrix, PDF417","breadcrumb":{"@id":"https:\/\/www.recordinformatica.it\/it\/barcode-2d-bidimensionali-pdf417-datamatrix.htm#breadcrumb"},"inLanguage":"it-IT","potentialAction":[{"@type":"ReadAction","target":["https:\/\/www.recordinformatica.it\/it\/barcode-2d-bidimensionali-pdf417-datamatrix.htm"]}]},{"@type":"ImageObject","inLanguage":"it-IT","@id":"https:\/\/www.recordinformatica.it\/it\/barcode-2d-bidimensionali-pdf417-datamatrix.htm#primaryimage","url":"https:\/\/www.recordinformatica.it\/wp-content\/uploads\/2020\/08\/barcode2d_3.png","contentUrl":"https:\/\/www.recordinformatica.it\/wp-content\/uploads\/2020\/08\/barcode2d_3.png"},{"@type":"BreadcrumbList","@id":"https:\/\/www.recordinformatica.it\/it\/barcode-2d-bidimensionali-pdf417-datamatrix.htm#breadcrumb","itemListElement":[{"@type":"ListItem","position":1,"name":"Home","item":"https:\/\/www.recordinformatica.it\/it\/"},{"@type":"ListItem","position":2,"name":"Barcode bidimensionali &#8211; Pi\u00f9 dati in meno spazio"}]},{"@type":"WebSite","@id":"https:\/\/www.recordinformatica.it\/it\/#website","url":"https:\/\/www.recordinformatica.it\/it\/","name":"Record Informatica","description":"","publisher":{"@id":"https:\/\/www.recordinformatica.it\/it\/#organization"},"potentialAction":[{"@type":"SearchAction","target":{"@type":"EntryPoint","urlTemplate":"https:\/\/www.recordinformatica.it\/it\/?s={search_term_string}"},"query-input":{"@type":"PropertyValueSpecification","valueRequired":true,"valueName":"search_term_string"}}],"inLanguage":"it-IT"},{"@type":"Organization","@id":"https:\/\/www.recordinformatica.it\/it\/#organization","name":"Record Informatica","url":"https:\/\/www.recordinformatica.it\/it\/","logo":{"@type":"ImageObject","inLanguage":"it-IT","@id":"https:\/\/www.recordinformatica.it\/it\/#\/schema\/logo\/image\/","url":"https:\/\/www.recordinformatica.it\/wp-content\/uploads\/2023\/03\/logo_recordgrande_white_border_top_bottom-3.jpg","contentUrl":"https:\/\/www.recordinformatica.it\/wp-content\/uploads\/2023\/03\/logo_recordgrande_white_border_top_bottom-3.jpg","width":568,"height":368,"caption":"Record Informatica"},"image":{"@id":"https:\/\/www.recordinformatica.it\/it\/#\/schema\/logo\/image\/"}}]}},"_links":{"self":[{"href":"https:\/\/www.recordinformatica.it\/it\/wp-json\/wp\/v2\/pages\/2488","targetHints":{"allow":["GET"]}}],"collection":[{"href":"https:\/\/www.recordinformatica.it\/it\/wp-json\/wp\/v2\/pages"}],"about":[{"href":"https:\/\/www.recordinformatica.it\/it\/wp-json\/wp\/v2\/types\/page"}],"author":[{"embeddable":true,"href":"https:\/\/www.recordinformatica.it\/it\/wp-json\/wp\/v2\/users\/2"}],"replies":[{"embeddable":true,"href":"https:\/\/www.recordinformatica.it\/it\/wp-json\/wp\/v2\/comments?post=2488"}],"version-history":[{"count":0,"href":"https:\/\/www.recordinformatica.it\/it\/wp-json\/wp\/v2\/pages\/2488\/revisions"}],"wp:attachment":[{"href":"https:\/\/www.recordinformatica.it\/it\/wp-json\/wp\/v2\/media?parent=2488"}],"curies":[{"name":"wp","href":"https:\/\/api.w.org\/{rel}","templated":true}]}}