{"id":2021,"date":"2020-08-27T15:35:34","date_gmt":"2020-08-27T13:35:34","guid":{"rendered":"https:\/\/www.recordinformatica.it\/?page_id=2021"},"modified":"2024-06-20T17:37:13","modified_gmt":"2024-06-20T15:37:13","slug":"fronte-retro-cassetti-formati-pagina-as400","status":"publish","type":"page","link":"https:\/\/www.recordinformatica.it\/it\/fronte-retro-cassetti-formati-pagina-as400.htm","title":{"rendered":"Document Composition con Validoc"},"content":{"rendered":"<p>[vc_row el_class=&#8221;fake_breadcrumbs&#8221;][vc_column][vc_column_text]<strong><span class=\"menu_2_grass\">Prodotti &gt; <a href=\"https:\/\/www.recordinformatica.it\/it\/software-gestione-stampe-iseries-as400.htm\">Stampa grafica AS\/400<\/a>\u00a0<\/span><\/strong><span class=\"menu_2\"><strong>&gt;<\/strong>\u00a0<a href=\"http:\/\/recordinformatica.it\/it\/stampa-qualita-iseries-as400-pc-windows.htm\">Document Composition con Validoc<\/a><\/span>[\/vc_column_text][\/vc_column][\/vc_row][vc_row][vc_column][vc_column_text]<img loading=\"lazy\" decoding=\"async\" class=\"alignleft wp-image-2024 size-full\" src=\"https:\/\/www.recordinformatica.it\/wp-content\/uploads\/2020\/08\/docCompV1.png\" alt=\"Document Composition \" width=\"285\" height=\"278\" \/>Validoc offre funzioni per la <strong><a href=\"https:\/\/www.recordinformatica.it\/it\/document-composition-as400.htm\">Document Composition<\/a><\/strong> ed il <a title=\"Finishing\"><strong>Finishing<\/strong><\/a> della stampa da sistemi <a href=\"https:\/\/www.recordinformatica.it\/it\/as400-iSeries-Systemi-OS400-i5OS.htm\">AS\/400<\/a> (IBM i &#8211; iSeries).<\/p>\n<p>Sono presenti la gestione del <strong>fronte\/retro<\/strong>, la selezione dei <strong>cassetti carta<\/strong>, dei formati carta, la rotazione dei fogli e la gestione di componenti esterni come il <strong>pinzatore<\/strong> o i vassoi multipli di uscita.<\/p>\n<p>E&#8217; possibile gestire questi elementi con differenziazioni e <strong>condizionamenti<\/strong> a livello di intera stampa, copia oppure pagina.<\/p>\n<p>Vediamo nel dettaglio le funzioni previste.[\/vc_column_text][\/vc_column][\/vc_row][vc_row][vc_column][vc_column_text css=&#8221;.vc_custom_1625739769410{margin-top: 20px !important;}&#8221;]\u00c8 possibile gestire la\u00a0<strong>rotazione<\/strong>\u00a0della carta orizzontale\/verticale ed orizzontale\/verticale rovesciato a livello di stampa, copia e pagina mantenendo l\u2019impostazione anche nella produzione del PDF. La rotazione Verticale\/Orizzontale \u00e8 indicata per la miglior gestione del testo. Il rovesciamento \u00e8 utile per il prelievo dall\u2019uscita della stampante nella posizione pi\u00f9 confortevole all\u2019operatore.[\/vc_column_text][\/vc_column][\/vc_row][vc_row][vc_column][vc_single_image image=&#8221;2026&#8243; img_size=&#8221;full&#8221; alignment=&#8221;center&#8221;][\/vc_column][\/vc_row][vc_row][vc_column][vc_column_text]\u00c8 possibile gestire l\u2019acquisizione della carta da\u00a0<strong>cassetti<\/strong>\u00a0diversi della stampante condizionando l\u2019acquisizione a livello di stampa, di copia e di pagina. La carta differenziata \u00e8 utile nei casi di evidenziazione di contenuti speciali utilizzando colori carta differenziati. Pu\u00f2 essere utile anche nei casi di utilizzo, con la stessa stampante, di carta bianca per le stampe standard e carta intestata per la stampa di documenti[\/vc_column_text][\/vc_column][\/vc_row][vc_row][vc_column][vc_single_image image=&#8221;2028&#8243; img_size=&#8221;full&#8221; alignment=&#8221;center&#8221;][\/vc_column][\/vc_row][vc_row][vc_column][vc_column_text]\u00c8 possibile gestire il cambio\u00a0<strong>formato<\/strong>\u00a0carta a livello di stampa, di copia e di pagina. Questa funzione \u00e8 raramente utilizzata. Usualmente una stampa mantiene lo stesso formato su tutte le pagine. Ciononostante, pu\u00f2 sussistere il caso di una stampa che, magari in coda, presenta un riepilogo oppure una ricevuta stampate con formati diversi.[\/vc_column_text][\/vc_column][\/vc_row][vc_row][vc_column][vc_single_image image=&#8221;2030&#8243; img_size=&#8221;full&#8221; alignment=&#8221;center&#8221;][\/vc_column][\/vc_row][vc_row][vc_column][vc_column_text]\u00c8 possibile gestire il\u00a0<strong>Fronte\/Retro<\/strong>\u00a0a livello di stampa o di copia nella modalit\u00e0 standard o tipografica. La modalit\u00e0 standard prevede che la pagina dispari dello spool venga stampata sul fronte e la pari sul retro. La modalit\u00e0 tipografica (indirizzata a sostituire il modulo tipografico) prevede la stampa delle pagine dello spool sul fronte e, sul retro, la stampa di un overlay in genere meramente testuale (condizioni contrattuali o di consegna).[\/vc_column_text][\/vc_column][\/vc_row][vc_row][vc_column width=&#8221;1\/2&#8243;][vc_single_image image=&#8221;2032&#8243; img_size=&#8221;full&#8221; alignment=&#8221;center&#8221;][\/vc_column][vc_column width=&#8221;1\/2&#8243;][vc_single_image image=&#8221;2034&#8243; img_size=&#8221;full&#8221; alignment=&#8221;center&#8221;][\/vc_column][\/vc_row][vc_row][vc_column][vc_column_text]Tramite la gestione dei comandi <a title=\"PJL\"><strong>PJL<\/strong><\/a> \u00e8 poi possibile gestire le opzioni di <strong>finishing<\/strong> delle stampanti quali la pinzatura e foratura dei fogli o l\u2019uscita su vassoi differenziati (laddove la stampante presenti i moduli hardware per ottenere questi risultati).[\/vc_column_text][\/vc_column][\/vc_row][vc_row][vc_column width=&#8221;1\/2&#8243;][vc_single_image image=&#8221;2036&#8243; img_size=&#8221;full&#8221; alignment=&#8221;center&#8221;][\/vc_column][vc_column width=&#8221;1\/2&#8243;][vc_single_image image=&#8221;2038&#8243; img_size=&#8221;full&#8221; alignment=&#8221;center&#8221;][\/vc_column][\/vc_row][vc_row][vc_column][vc_column_text]La gestione dei comandi <a title=\"PJL\"><strong>PJL<\/strong><\/a> consente di pilotare anche parametri particolari come lo spessore e la tipologia della carta, il consumo di toner, il blocco del pannello della stampante durante la stampa ed altri ancora. Validoc permette di gestire questi parametri a livello di interi flussi di stampa o di copie.<\/p>\n<p>Le necessit\u00e0 di stampa di documenti da <a href=\"https:\/\/www.recordinformatica.it\/it\/as400-iSeries-Systemi-OS400-i5OS.htm\">AS\/400<\/a> ( iSeries \u2013 IBM i ) sono, in genere, <strong>contenute<\/strong>. In alcuni casi, per\u00f2, anche da AS400 \u00e8 necessario gestire stampe con situazioni <strong>articolate<\/strong> nella gestione della carta e del contenuto.<\/p>\n<p>Le funzioni di Document Composition di Validoc vi aiutano a realizzare le vostre stampe dai casi pi\u00f9 semplici ai pi\u00f9 complessi in modo <strong>semplice<\/strong> e lineare.[\/vc_column_text][\/vc_column][\/vc_row][vc_row][vc_column][vc_column_text]<strong>Leggi ulteriori dettagli nel documento qui sotto<br \/>\n<\/strong><\/p>\n<ul>\n<li><a href=\"\/wp-content\/uploads\/2023\/05\/Stampa-grafica-AS400-con-Validoc-9.pdf\" target=\"_blank\" rel=\"noopener noreferrer\">Presentazione Validoc<\/a><\/li>\n<\/ul>\n<p><strong>Scarica il software in prova<\/strong><\/p>\n<ul>\n<li><a href=\"https:\/\/www.recordinformatica.it\/it\/registrazione-software-stampa-spool.htm\" target=\"_blank\" rel=\"noopener\">Download Validoc<\/a><\/li>\n<\/ul>\n<p>[\/vc_column_text][\/vc_column][\/vc_row]<\/p>\n","protected":false},"excerpt":{"rendered":"<p>[vc_row el_class=&#8221;fake_breadcrumbs&#8221;][vc_column][vc_column_text]Prodotti &gt; Stampa grafica AS\/400\u00a0&gt;\u00a0Document Composition con Validoc[\/vc_column_text][\/vc_column][\/vc_row][vc_row][vc_column][vc_column_text]Validoc offre funzioni per la Document Composition ed il Finishing della stampa<\/p>\n","protected":false},"author":2,"featured_media":0,"parent":0,"menu_order":0,"comment_status":"closed","ping_status":"closed","template":"page-templates\/page-shortcode.php","meta":{"footnotes":""},"class_list":["post-2021","page","type-page","status-publish","hentry"],"yoast_head":"<!-- This site is optimized with the Yoast SEO plugin v27.5 - https:\/\/yoast.com\/product\/yoast-seo-wordpress\/ -->\n<title>La soluzione per la Document Composition da sistemi AS\/400.<\/title>\n<meta name=\"description\" content=\"Le funzioni di Document Composition di Validoc: gestione di fronte\/retro, cassetti carta, rotazione, formato pagina, ed altri ancora.\" \/>\n<meta name=\"robots\" content=\"index, follow, max-snippet:-1, max-image-preview:large, max-video-preview:-1\" \/>\n<link rel=\"canonical\" href=\"https:\/\/www.recordinformatica.it\/it\/fronte-retro-cassetti-formati-pagina-as400.htm\" \/>\n<meta property=\"og:locale\" content=\"it_IT\" \/>\n<meta property=\"og:type\" content=\"article\" \/>\n<meta property=\"og:title\" content=\"La soluzione per la Document Composition da sistemi AS\/400.\" \/>\n<meta property=\"og:description\" content=\"Le funzioni di Document Composition di Validoc: gestione di fronte\/retro, cassetti carta, rotazione, formato pagina, ed altri ancora.\" \/>\n<meta property=\"og:url\" content=\"https:\/\/www.recordinformatica.it\/it\/fronte-retro-cassetti-formati-pagina-as400.htm\" \/>\n<meta property=\"og:site_name\" content=\"Record Informatica\" \/>\n<meta property=\"article:modified_time\" content=\"2024-06-20T15:37:13+00:00\" \/>\n<meta property=\"og:image\" content=\"https:\/\/www.recordinformatica.it\/wp-content\/uploads\/2020\/08\/docCompV1.png\" \/>\n<meta name=\"twitter:card\" content=\"summary_large_image\" \/>\n<meta name=\"twitter:label1\" content=\"Tempo di lettura stimato\" \/>\n\t<meta name=\"twitter:data1\" content=\"3 minuti\" \/>\n<script type=\"application\/ld+json\" class=\"yoast-schema-graph\">{\"@context\":\"https:\\\/\\\/schema.org\",\"@graph\":[{\"@type\":\"WebPage\",\"@id\":\"https:\\\/\\\/www.recordinformatica.it\\\/it\\\/fronte-retro-cassetti-formati-pagina-as400.htm\",\"url\":\"https:\\\/\\\/www.recordinformatica.it\\\/it\\\/fronte-retro-cassetti-formati-pagina-as400.htm\",\"name\":\"La soluzione per la Document Composition da sistemi AS\\\/400.\",\"isPartOf\":{\"@id\":\"https:\\\/\\\/www.recordinformatica.it\\\/it\\\/#website\"},\"primaryImageOfPage\":{\"@id\":\"https:\\\/\\\/www.recordinformatica.it\\\/it\\\/fronte-retro-cassetti-formati-pagina-as400.htm#primaryimage\"},\"image\":{\"@id\":\"https:\\\/\\\/www.recordinformatica.it\\\/it\\\/fronte-retro-cassetti-formati-pagina-as400.htm#primaryimage\"},\"thumbnailUrl\":\"https:\\\/\\\/www.recordinformatica.it\\\/wp-content\\\/uploads\\\/2020\\\/08\\\/docCompV1.png\",\"datePublished\":\"2020-08-27T13:35:34+00:00\",\"dateModified\":\"2024-06-20T15:37:13+00:00\",\"description\":\"Le funzioni di Document Composition di Validoc: gestione di fronte\\\/retro, cassetti carta, rotazione, formato pagina, ed altri ancora.\",\"breadcrumb\":{\"@id\":\"https:\\\/\\\/www.recordinformatica.it\\\/it\\\/fronte-retro-cassetti-formati-pagina-as400.htm#breadcrumb\"},\"inLanguage\":\"it-IT\",\"potentialAction\":[{\"@type\":\"ReadAction\",\"target\":[\"https:\\\/\\\/www.recordinformatica.it\\\/it\\\/fronte-retro-cassetti-formati-pagina-as400.htm\"]}]},{\"@type\":\"ImageObject\",\"inLanguage\":\"it-IT\",\"@id\":\"https:\\\/\\\/www.recordinformatica.it\\\/it\\\/fronte-retro-cassetti-formati-pagina-as400.htm#primaryimage\",\"url\":\"https:\\\/\\\/www.recordinformatica.it\\\/wp-content\\\/uploads\\\/2020\\\/08\\\/docCompV1.png\",\"contentUrl\":\"https:\\\/\\\/www.recordinformatica.it\\\/wp-content\\\/uploads\\\/2020\\\/08\\\/docCompV1.png\"},{\"@type\":\"BreadcrumbList\",\"@id\":\"https:\\\/\\\/www.recordinformatica.it\\\/it\\\/fronte-retro-cassetti-formati-pagina-as400.htm#breadcrumb\",\"itemListElement\":[{\"@type\":\"ListItem\",\"position\":1,\"name\":\"Home\",\"item\":\"https:\\\/\\\/www.recordinformatica.it\\\/it\\\/\"},{\"@type\":\"ListItem\",\"position\":2,\"name\":\"Document Composition con Validoc\"}]},{\"@type\":\"WebSite\",\"@id\":\"https:\\\/\\\/www.recordinformatica.it\\\/it\\\/#website\",\"url\":\"https:\\\/\\\/www.recordinformatica.it\\\/it\\\/\",\"name\":\"Record Informatica\",\"description\":\"\",\"publisher\":{\"@id\":\"https:\\\/\\\/www.recordinformatica.it\\\/it\\\/#organization\"},\"potentialAction\":[{\"@type\":\"SearchAction\",\"target\":{\"@type\":\"EntryPoint\",\"urlTemplate\":\"https:\\\/\\\/www.recordinformatica.it\\\/it\\\/?s={search_term_string}\"},\"query-input\":{\"@type\":\"PropertyValueSpecification\",\"valueRequired\":true,\"valueName\":\"search_term_string\"}}],\"inLanguage\":\"it-IT\"},{\"@type\":\"Organization\",\"@id\":\"https:\\\/\\\/www.recordinformatica.it\\\/it\\\/#organization\",\"name\":\"Record Informatica\",\"url\":\"https:\\\/\\\/www.recordinformatica.it\\\/it\\\/\",\"logo\":{\"@type\":\"ImageObject\",\"inLanguage\":\"it-IT\",\"@id\":\"https:\\\/\\\/www.recordinformatica.it\\\/it\\\/#\\\/schema\\\/logo\\\/image\\\/\",\"url\":\"https:\\\/\\\/www.recordinformatica.it\\\/wp-content\\\/uploads\\\/2023\\\/03\\\/logo_recordgrande_white_border_top_bottom-3.jpg\",\"contentUrl\":\"https:\\\/\\\/www.recordinformatica.it\\\/wp-content\\\/uploads\\\/2023\\\/03\\\/logo_recordgrande_white_border_top_bottom-3.jpg\",\"width\":568,\"height\":368,\"caption\":\"Record Informatica\"},\"image\":{\"@id\":\"https:\\\/\\\/www.recordinformatica.it\\\/it\\\/#\\\/schema\\\/logo\\\/image\\\/\"}}]}<\/script>\n<!-- \/ Yoast SEO plugin. -->","yoast_head_json":{"title":"La soluzione per la Document Composition da sistemi AS\/400.","description":"Le funzioni di Document Composition di Validoc: gestione di fronte\/retro, cassetti carta, rotazione, formato pagina, ed altri ancora.","robots":{"index":"index","follow":"follow","max-snippet":"max-snippet:-1","max-image-preview":"max-image-preview:large","max-video-preview":"max-video-preview:-1"},"canonical":"https:\/\/www.recordinformatica.it\/it\/fronte-retro-cassetti-formati-pagina-as400.htm","og_locale":"it_IT","og_type":"article","og_title":"La soluzione per la Document Composition da sistemi AS\/400.","og_description":"Le funzioni di Document Composition di Validoc: gestione di fronte\/retro, cassetti carta, rotazione, formato pagina, ed altri ancora.","og_url":"https:\/\/www.recordinformatica.it\/it\/fronte-retro-cassetti-formati-pagina-as400.htm","og_site_name":"Record Informatica","article_modified_time":"2024-06-20T15:37:13+00:00","og_image":[{"url":"https:\/\/www.recordinformatica.it\/wp-content\/uploads\/2020\/08\/docCompV1.png","type":"","width":"","height":""}],"twitter_card":"summary_large_image","twitter_misc":{"Tempo di lettura stimato":"3 minuti"},"schema":{"@context":"https:\/\/schema.org","@graph":[{"@type":"WebPage","@id":"https:\/\/www.recordinformatica.it\/it\/fronte-retro-cassetti-formati-pagina-as400.htm","url":"https:\/\/www.recordinformatica.it\/it\/fronte-retro-cassetti-formati-pagina-as400.htm","name":"La soluzione per la Document Composition da sistemi AS\/400.","isPartOf":{"@id":"https:\/\/www.recordinformatica.it\/it\/#website"},"primaryImageOfPage":{"@id":"https:\/\/www.recordinformatica.it\/it\/fronte-retro-cassetti-formati-pagina-as400.htm#primaryimage"},"image":{"@id":"https:\/\/www.recordinformatica.it\/it\/fronte-retro-cassetti-formati-pagina-as400.htm#primaryimage"},"thumbnailUrl":"https:\/\/www.recordinformatica.it\/wp-content\/uploads\/2020\/08\/docCompV1.png","datePublished":"2020-08-27T13:35:34+00:00","dateModified":"2024-06-20T15:37:13+00:00","description":"Le funzioni di Document Composition di Validoc: gestione di fronte\/retro, cassetti carta, rotazione, formato pagina, ed altri ancora.","breadcrumb":{"@id":"https:\/\/www.recordinformatica.it\/it\/fronte-retro-cassetti-formati-pagina-as400.htm#breadcrumb"},"inLanguage":"it-IT","potentialAction":[{"@type":"ReadAction","target":["https:\/\/www.recordinformatica.it\/it\/fronte-retro-cassetti-formati-pagina-as400.htm"]}]},{"@type":"ImageObject","inLanguage":"it-IT","@id":"https:\/\/www.recordinformatica.it\/it\/fronte-retro-cassetti-formati-pagina-as400.htm#primaryimage","url":"https:\/\/www.recordinformatica.it\/wp-content\/uploads\/2020\/08\/docCompV1.png","contentUrl":"https:\/\/www.recordinformatica.it\/wp-content\/uploads\/2020\/08\/docCompV1.png"},{"@type":"BreadcrumbList","@id":"https:\/\/www.recordinformatica.it\/it\/fronte-retro-cassetti-formati-pagina-as400.htm#breadcrumb","itemListElement":[{"@type":"ListItem","position":1,"name":"Home","item":"https:\/\/www.recordinformatica.it\/it\/"},{"@type":"ListItem","position":2,"name":"Document Composition con Validoc"}]},{"@type":"WebSite","@id":"https:\/\/www.recordinformatica.it\/it\/#website","url":"https:\/\/www.recordinformatica.it\/it\/","name":"Record Informatica","description":"","publisher":{"@id":"https:\/\/www.recordinformatica.it\/it\/#organization"},"potentialAction":[{"@type":"SearchAction","target":{"@type":"EntryPoint","urlTemplate":"https:\/\/www.recordinformatica.it\/it\/?s={search_term_string}"},"query-input":{"@type":"PropertyValueSpecification","valueRequired":true,"valueName":"search_term_string"}}],"inLanguage":"it-IT"},{"@type":"Organization","@id":"https:\/\/www.recordinformatica.it\/it\/#organization","name":"Record Informatica","url":"https:\/\/www.recordinformatica.it\/it\/","logo":{"@type":"ImageObject","inLanguage":"it-IT","@id":"https:\/\/www.recordinformatica.it\/it\/#\/schema\/logo\/image\/","url":"https:\/\/www.recordinformatica.it\/wp-content\/uploads\/2023\/03\/logo_recordgrande_white_border_top_bottom-3.jpg","contentUrl":"https:\/\/www.recordinformatica.it\/wp-content\/uploads\/2023\/03\/logo_recordgrande_white_border_top_bottom-3.jpg","width":568,"height":368,"caption":"Record Informatica"},"image":{"@id":"https:\/\/www.recordinformatica.it\/it\/#\/schema\/logo\/image\/"}}]}},"_links":{"self":[{"href":"https:\/\/www.recordinformatica.it\/it\/wp-json\/wp\/v2\/pages\/2021","targetHints":{"allow":["GET"]}}],"collection":[{"href":"https:\/\/www.recordinformatica.it\/it\/wp-json\/wp\/v2\/pages"}],"about":[{"href":"https:\/\/www.recordinformatica.it\/it\/wp-json\/wp\/v2\/types\/page"}],"author":[{"embeddable":true,"href":"https:\/\/www.recordinformatica.it\/it\/wp-json\/wp\/v2\/users\/2"}],"replies":[{"embeddable":true,"href":"https:\/\/www.recordinformatica.it\/it\/wp-json\/wp\/v2\/comments?post=2021"}],"version-history":[{"count":0,"href":"https:\/\/www.recordinformatica.it\/it\/wp-json\/wp\/v2\/pages\/2021\/revisions"}],"wp:attachment":[{"href":"https:\/\/www.recordinformatica.it\/it\/wp-json\/wp\/v2\/media?parent=2021"}],"curies":[{"name":"wp","href":"https:\/\/api.w.org\/{rel}","templated":true}]}}