{"id":2013,"date":"2020-08-27T15:32:33","date_gmt":"2020-08-27T13:32:33","guid":{"rendered":"https:\/\/www.recordinformatica.it\/?page_id=2013"},"modified":"2024-06-20T17:36:14","modified_gmt":"2024-06-20T15:36:14","slug":"condizionamenti-stampe-as400","status":"publish","type":"page","link":"https:\/\/www.recordinformatica.it\/it\/condizionamenti-stampe-as400.htm","title":{"rendered":"Condizionamenti: flessibilit\u00e0 e potenza"},"content":{"rendered":"<p>[vc_row el_class=&#8221;fake_breadcrumbs&#8221;][vc_column][vc_column_text]<strong><span class=\"menu_2_grass\">Prodotti &gt; <a href=\"https:\/\/www.recordinformatica.it\/it\/software-gestione-stampe-iseries-as400.htm\">Stampa grafica AS\/400<\/a>\u00a0<\/span><\/strong><span class=\"menu_2\"><strong>&gt;\u00a0<a href=\"http:\/\/recordinformatica.it\/it\/stampa-qualita-iseries-as400-pc-windows.htm\">Printing<\/a> &gt;<\/strong>\u00a0Condizionamenti<\/span>[\/vc_column_text][\/vc_column][\/vc_row][vc_row][vc_column][vc_column_text]<\/p>\n<div id=\"destra\"><img loading=\"lazy\" decoding=\"async\" class=\"alignleft wp-image-2015 size-full\" src=\"https:\/\/www.recordinformatica.it\/wp-content\/uploads\/2020\/08\/condizionamenti.gif\" alt=\"Condizionamento processi di stampa AS\/400\" width=\"89\" height=\"89\" \/>Affinch\u00e9 uno strumento informatico possa essere veramente efficiente deve essere condizionabile nel suo comportamento.<br \/>\nI metodi di funzionamento di Validoc sono condizionabili e, quindi, flessibili ed efficaci.<\/div>\n<div id=\"testo\">\n<p>Validoc consente condizionamenti, tra le altre, sulle seguenti operazioni:<\/p>\n<p>&nbsp;<\/p>\n<div>\n<ul>\n<li>scelta dello spool AS\/400 ( iSeries \u2013 IBM i ) da processare<\/li>\n<li>apposizione della grafica<\/li>\n<li>eliminazioni di parti della stampa<\/li>\n<li>impostazioni di font e barcode<\/li>\n<li>spostamenti e copie di aree di stampa<\/li>\n<li>impostazione di numerazioni automatiche di pagina<\/li>\n<li>ristrutturazione del dettaglio e del piede di stampa<\/li>\n<li>suddivisione dello spool<\/li>\n<li>salvataggio dei documento in area PC<\/li>\n<li>impostazione del nome documento generato su PC<\/li>\n<li>spedizione via e-mail o fax<\/li>\n<li>apposizione di password ai PDF<\/li>\n<li>creazione di files PC zippati e relative password di protezione<\/li>\n<li>fase di scelta per l\u2019invio per fax e\/o e-mail<\/li>\n<\/ul>\n<\/div>\n<p>&nbsp;<\/p>\n<p>Pi\u00f9 in generale, tutte le operazioni eseguite da Validoc sono condizionabili.<br \/>\nLe condizioni possono essere eseguite in combinazioni\u00a0<strong>AND\/OR\u00a0<\/strong>(ad esempio: il vettore ha codice 12\u00a0<strong>ed<\/strong>\u00a0il cliente \u00e8 un cliente Italia).<\/p>\n<p>Gli operandi dei condizionamenti, cio\u00e8 gli elementi su cui possono essere eseguite le valutazioni, sono:<\/p>\n<div>\n<ul>\n<li>elementi di testo della stampa processata<\/li>\n<li>nome dello spool AS400<\/li>\n<li>tipo modulo (FORMTYPE)<\/li>\n<li>copia del modulo<\/li>\n<li>dati utente (USRDTA)<\/li>\n<li>coda di stampa<\/li>\n<li>nome utente<\/li>\n<li>numero pagina<\/li>\n<\/ul>\n<\/div>\n<p>Gli operatori invece possono essere:<\/p>\n<div>\n<ul>\n<li>UGUALE A<\/li>\n<li>DIVERSO DA<\/li>\n<li>MAGGIORE DI<\/li>\n<li>MAGGIORE O UGUALE A<\/li>\n<li>MINORE DI<\/li>\n<li>MINORE O UGUALE A<\/li>\n<li>CONTIENE (Like)<\/li>\n<li>NON CONTIENE (Not Like)<\/li>\n<\/ul>\n<\/div>\n<p>&nbsp;<\/p>\n<p>Tutti gli operandi citati sopra sono presenti nella stampa (contenuto della stampa) o sono parametri di ambiente AS\/400 della stampa stessa (nome spool, tipo modulo, etc.).<\/p>\n<p>A volte, per\u00f2, il dato con cui si vuole condizionare la stampa non appare nello spool.<\/p>\n<p>Riprendendo l\u2019esempio citato sopra, nella stampa potrebbe non esserci il codice del vettore con cui condizionare l\u2019operazione.<\/p>\n<p>Validoc vi consente di reperirlo, durante l\u2019operazione di preparazione della stampa, con due metodi distinti:<\/p>\n<div>\n<ul>\n<li>reperimento del dato dal contenuto di un file esterno<\/li>\n<li>reperimento del dato tramite un programma esterno<\/li>\n<\/ul>\n<\/div>\n<p>&nbsp;<\/p>\n<p>Con questi due metodi \u00e8 possibile estendere ai massimi livelli il reperimento del dato con cui condizionare la stampa.<\/p>\n<p>Infatti se il primo dei due metodi consente il puro reperimento del dato su cui operare, il secondo consente di introdurre anche delle logiche ulteriori di condizionamento.<\/p>\n<p>Ad esempio: il codice della societ\u00e0 che emette il documento non appare nella stampa per\u00f2 il logo della societ\u00e0 deve essere variabile in base a questo codice.<\/p>\n<p>In fase di preparazione della stampa Validoc richiamer\u00e0 un programma esterno passandogli uno o pi\u00f9 elementi del testo della stampa.<\/p>\n<p>Il programma in base a quanto recepito in input, ricercher\u00e0 sul database del software gestionale il codice societ\u00e0 e lo comunica, di ritorno, a Validoc che provvede ad inserire il logo opportuno.<\/p>\n<p>Il programma esterno viene realizzato a cura del cliente (che conosce il proprio gestionale) sulla base di programmi di esempio forniti da Record Informatica assieme a Validoc.<\/p>\n<p>Per comprenderne meglio le potenzialit\u00e0 di Validoc ed i suoi condizionamenti, volete provare a seguire un esempio di processo di gestione di una fattura accompagnatoria utilizzando Validoc?<\/p>\n<p>Se ne avete voglia, leggete qui sotto.<\/p>\n<p>Step 1: viene stampata una fattura accompagnatoria in tre copie: mittente, destinatario e vettore. Validoc smista le tre copie, come indicatogli, su tre stampanti diverse in azienda: \u201cmittente\u201d sulla stampante della amministrazione, \u201cdestinatario\u201d sulla stampante della segreteria per la spedizione postale e \u201cvettore\u201d sulla stampante del magazzino per la spedizione<\/p>\n<p>Step 2: se la copia per il destinatario viene gi\u00e0 spedita tramite fax od email Validoc provvede a non stamparla per non sprecare carta e tempo<\/p>\n<p>Step 3: la decisione dell\u2019invio per fax o per e-mail viene stabilita in base alla presenza in anagrafica cliente di un dato che indichi quale metodo seguire per la spedizione oppure in base alla presenza alternativa del numero di fax o dell\u2019indirizzo e-mail od in base ad un qualunque ulteriore ragionamento che l\u2019azienda decide di effettuare per condizionare questa operazione<\/p>\n<p>Step 4: la grafica delle tre copie stampate (mittente, destinatario, vettore), che differisce per le diciture \u201c\u201dCopia mittente\u201d, \u201cCopia Destinatario\u201d, etc. viene abbinata alla opportuna copia in base, semplicemente, al numero copia.<\/p>\n<p>Step 5: la copia Vettore subisce l\u2019eliminazione dei dati economici. Sempre od in modo condizionato.<\/p>\n<p>Step 6: le pagine del documento subiscono ulteriori differenziazioni nella grafica. Le prime pagine non presentano il \u201cpiede\u201d di stampa, cio\u00e8 quella porzione di stampa che contiene i totali e l\u2019IVA. In questo modo si recupera dello spazio di stampa. Sull\u2019ultima pagina del documento viene stampato anche il piede. Questo meccanismo viene realizzato con il condizionamento, per determinare quale grafica applicare, e con la \u201c<a href=\"https:\/\/www.recordinformatica.it\/it\/dettaglio-stampe-as400-risparmio.htm\">ristrutturazione dettaglio<\/a>\u201d (funzione di Validoc) per recuperare lo spazio dalle prime pagine, normalmente usato dal \u201cpiede\u201d (la ristrutturazione dettaglio \u00e8 un processo di Validoc che NON richiede attivit\u00e0 di programmazione. Se volete vedere un esempio completo\u00a0<a href=\"\/wp-content\/uploads\/2020\/08\/Esempio-di-documento-di-trasporto.pdf\" target=\"_blank\" rel=\"noopener noreferrer\">cliccate qui<\/a>).<\/p>\n<p>Step 7: la grafica \u00e8 ulteriormente differenziata in base alla lingua del cliente. Le diciture fisse saranno stampate nella lingua del cliente.<\/p>\n<p>Step 8: la copia per il destinatario viene salvata su un file server della rete locale per consultazione da parte degli utenti dell\u2019azienda. Se il cliente del documento \u00e8 un cliente estero, la filiale commerciale estera dell\u2019azienda mittente riceve una e-mail con allegata la fattura in PDF. Se il cliente riceve la fattura per fax o posta, alla filiale estera pu\u00f2 essere inviata comunque l\u2019email (meno costosa e pi\u00f9 pratica).<\/p>\n<p>Step 9: se il cliente preferisce ricevere l\u2019e-mail con il documento allegato protetto, ricever\u00e0 il PDF allegato protetto da password di lettura (indicata dal cliente o decisa dalla azienda che emette il documento). L\u2019azienda emittente pu\u00f2 decidere di impedire la modifica del PDF introducendone la protezione con password sulla modifica. Il PDF pu\u00f2 essere generato solo \u201cgrafico\u201d o con il testo copiabile ed, eventualmente, inserito in uno ZIP file.<\/p>\n<p>Step 10: Una ulteriore copia del PDF pu\u00f2 essere salvata sul server web della azienda che lo emette, in modo che il cliente possa scaricarlo dalla sua area cliente.<\/p>\n<\/div>\n<p>[\/vc_column_text][\/vc_column][\/vc_row][vc_row][vc_column][vc_column_text]<strong>Leggi ulteriori dettagli nel documento qui sotto<br \/>\n<\/strong><\/p>\n<ul>\n<li><a href=\"\/wp-content\/uploads\/2023\/05\/Stampa-grafica-AS400-con-Validoc-9.pdf\" target=\"_blank\" rel=\"noopener noreferrer\">Presentazione Validoc<\/a><\/li>\n<\/ul>\n<p><strong>Scarica il software in prova<\/strong><\/p>\n<ul>\n<li><a href=\"https:\/\/www.recordinformatica.it\/it\/registrazione-software-stampa-spool.htm\" target=\"_blank\" rel=\"noopener\">Download Validoc<\/a><\/li>\n<\/ul>\n<p>[\/vc_column_text][\/vc_column][\/vc_row]<\/p>\n","protected":false},"excerpt":{"rendered":"<p>[vc_row el_class=&#8221;fake_breadcrumbs&#8221;][vc_column][vc_column_text]Prodotti &gt; Stampa grafica AS\/400\u00a0&gt;\u00a0Printing &gt;\u00a0Condizionamenti[\/vc_column_text][\/vc_column][\/vc_row][vc_row][vc_column][vc_column_text] Affinch\u00e9 uno strumento informatico possa essere veramente efficiente deve essere condizionabile nel suo<\/p>\n","protected":false},"author":2,"featured_media":0,"parent":0,"menu_order":0,"comment_status":"closed","ping_status":"closed","template":"page-templates\/page-shortcode.php","meta":{"footnotes":""},"class_list":["post-2013","page","type-page","status-publish","hentry"],"yoast_head":"<!-- This site is optimized with the Yoast SEO plugin v27.5 - https:\/\/yoast.com\/product\/yoast-seo-wordpress\/ -->\n<title>Condizionamenti: flessibilit\u00e0 e potenza<\/title>\n<meta name=\"description\" content=\"Come condizionare i processi di stampa del sistema AS\/400 (iSeries - Ibm i) tramite il software Validoc\" \/>\n<meta name=\"robots\" content=\"index, follow, max-snippet:-1, max-image-preview:large, max-video-preview:-1\" \/>\n<link rel=\"canonical\" href=\"https:\/\/www.recordinformatica.it\/it\/condizionamenti-stampe-as400.htm\" \/>\n<meta property=\"og:locale\" content=\"it_IT\" \/>\n<meta property=\"og:type\" content=\"article\" \/>\n<meta property=\"og:title\" content=\"Condizionamenti: flessibilit\u00e0 e potenza\" \/>\n<meta property=\"og:description\" content=\"Come condizionare i processi di stampa del sistema AS\/400 (iSeries - Ibm i) tramite il software Validoc\" \/>\n<meta property=\"og:url\" content=\"https:\/\/www.recordinformatica.it\/it\/condizionamenti-stampe-as400.htm\" \/>\n<meta property=\"og:site_name\" content=\"Record Informatica\" \/>\n<meta property=\"article:modified_time\" content=\"2024-06-20T15:36:14+00:00\" \/>\n<meta property=\"og:image\" content=\"https:\/\/www.recordinformatica.it\/wp-content\/uploads\/2020\/08\/condizionamenti.gif\" \/>\n<meta name=\"twitter:card\" content=\"summary_large_image\" \/>\n<meta name=\"twitter:label1\" content=\"Tempo di lettura stimato\" \/>\n\t<meta name=\"twitter:data1\" content=\"6 minuti\" \/>\n<script type=\"application\/ld+json\" class=\"yoast-schema-graph\">{\"@context\":\"https:\\\/\\\/schema.org\",\"@graph\":[{\"@type\":\"WebPage\",\"@id\":\"https:\\\/\\\/www.recordinformatica.it\\\/it\\\/condizionamenti-stampe-as400.htm\",\"url\":\"https:\\\/\\\/www.recordinformatica.it\\\/it\\\/condizionamenti-stampe-as400.htm\",\"name\":\"Condizionamenti: flessibilit\u00e0 e potenza\",\"isPartOf\":{\"@id\":\"https:\\\/\\\/www.recordinformatica.it\\\/it\\\/#website\"},\"primaryImageOfPage\":{\"@id\":\"https:\\\/\\\/www.recordinformatica.it\\\/it\\\/condizionamenti-stampe-as400.htm#primaryimage\"},\"image\":{\"@id\":\"https:\\\/\\\/www.recordinformatica.it\\\/it\\\/condizionamenti-stampe-as400.htm#primaryimage\"},\"thumbnailUrl\":\"https:\\\/\\\/www.recordinformatica.it\\\/wp-content\\\/uploads\\\/2020\\\/08\\\/condizionamenti.gif\",\"datePublished\":\"2020-08-27T13:32:33+00:00\",\"dateModified\":\"2024-06-20T15:36:14+00:00\",\"description\":\"Come condizionare i processi di stampa del sistema AS\\\/400 (iSeries - Ibm i) tramite il software Validoc\",\"breadcrumb\":{\"@id\":\"https:\\\/\\\/www.recordinformatica.it\\\/it\\\/condizionamenti-stampe-as400.htm#breadcrumb\"},\"inLanguage\":\"it-IT\",\"potentialAction\":[{\"@type\":\"ReadAction\",\"target\":[\"https:\\\/\\\/www.recordinformatica.it\\\/it\\\/condizionamenti-stampe-as400.htm\"]}]},{\"@type\":\"ImageObject\",\"inLanguage\":\"it-IT\",\"@id\":\"https:\\\/\\\/www.recordinformatica.it\\\/it\\\/condizionamenti-stampe-as400.htm#primaryimage\",\"url\":\"https:\\\/\\\/www.recordinformatica.it\\\/wp-content\\\/uploads\\\/2020\\\/08\\\/condizionamenti.gif\",\"contentUrl\":\"https:\\\/\\\/www.recordinformatica.it\\\/wp-content\\\/uploads\\\/2020\\\/08\\\/condizionamenti.gif\"},{\"@type\":\"BreadcrumbList\",\"@id\":\"https:\\\/\\\/www.recordinformatica.it\\\/it\\\/condizionamenti-stampe-as400.htm#breadcrumb\",\"itemListElement\":[{\"@type\":\"ListItem\",\"position\":1,\"name\":\"Home\",\"item\":\"https:\\\/\\\/www.recordinformatica.it\\\/it\\\/\"},{\"@type\":\"ListItem\",\"position\":2,\"name\":\"Condizionamenti: flessibilit\u00e0 e potenza\"}]},{\"@type\":\"WebSite\",\"@id\":\"https:\\\/\\\/www.recordinformatica.it\\\/it\\\/#website\",\"url\":\"https:\\\/\\\/www.recordinformatica.it\\\/it\\\/\",\"name\":\"Record Informatica\",\"description\":\"\",\"publisher\":{\"@id\":\"https:\\\/\\\/www.recordinformatica.it\\\/it\\\/#organization\"},\"potentialAction\":[{\"@type\":\"SearchAction\",\"target\":{\"@type\":\"EntryPoint\",\"urlTemplate\":\"https:\\\/\\\/www.recordinformatica.it\\\/it\\\/?s={search_term_string}\"},\"query-input\":{\"@type\":\"PropertyValueSpecification\",\"valueRequired\":true,\"valueName\":\"search_term_string\"}}],\"inLanguage\":\"it-IT\"},{\"@type\":\"Organization\",\"@id\":\"https:\\\/\\\/www.recordinformatica.it\\\/it\\\/#organization\",\"name\":\"Record Informatica\",\"url\":\"https:\\\/\\\/www.recordinformatica.it\\\/it\\\/\",\"logo\":{\"@type\":\"ImageObject\",\"inLanguage\":\"it-IT\",\"@id\":\"https:\\\/\\\/www.recordinformatica.it\\\/it\\\/#\\\/schema\\\/logo\\\/image\\\/\",\"url\":\"https:\\\/\\\/www.recordinformatica.it\\\/wp-content\\\/uploads\\\/2023\\\/03\\\/logo_recordgrande_white_border_top_bottom-3.jpg\",\"contentUrl\":\"https:\\\/\\\/www.recordinformatica.it\\\/wp-content\\\/uploads\\\/2023\\\/03\\\/logo_recordgrande_white_border_top_bottom-3.jpg\",\"width\":568,\"height\":368,\"caption\":\"Record Informatica\"},\"image\":{\"@id\":\"https:\\\/\\\/www.recordinformatica.it\\\/it\\\/#\\\/schema\\\/logo\\\/image\\\/\"}}]}<\/script>\n<!-- \/ Yoast SEO plugin. -->","yoast_head_json":{"title":"Condizionamenti: flessibilit\u00e0 e potenza","description":"Come condizionare i processi di stampa del sistema AS\/400 (iSeries - Ibm i) tramite il software Validoc","robots":{"index":"index","follow":"follow","max-snippet":"max-snippet:-1","max-image-preview":"max-image-preview:large","max-video-preview":"max-video-preview:-1"},"canonical":"https:\/\/www.recordinformatica.it\/it\/condizionamenti-stampe-as400.htm","og_locale":"it_IT","og_type":"article","og_title":"Condizionamenti: flessibilit\u00e0 e potenza","og_description":"Come condizionare i processi di stampa del sistema AS\/400 (iSeries - Ibm i) tramite il software Validoc","og_url":"https:\/\/www.recordinformatica.it\/it\/condizionamenti-stampe-as400.htm","og_site_name":"Record Informatica","article_modified_time":"2024-06-20T15:36:14+00:00","og_image":[{"url":"https:\/\/www.recordinformatica.it\/wp-content\/uploads\/2020\/08\/condizionamenti.gif","type":"","width":"","height":""}],"twitter_card":"summary_large_image","twitter_misc":{"Tempo di lettura stimato":"6 minuti"},"schema":{"@context":"https:\/\/schema.org","@graph":[{"@type":"WebPage","@id":"https:\/\/www.recordinformatica.it\/it\/condizionamenti-stampe-as400.htm","url":"https:\/\/www.recordinformatica.it\/it\/condizionamenti-stampe-as400.htm","name":"Condizionamenti: flessibilit\u00e0 e potenza","isPartOf":{"@id":"https:\/\/www.recordinformatica.it\/it\/#website"},"primaryImageOfPage":{"@id":"https:\/\/www.recordinformatica.it\/it\/condizionamenti-stampe-as400.htm#primaryimage"},"image":{"@id":"https:\/\/www.recordinformatica.it\/it\/condizionamenti-stampe-as400.htm#primaryimage"},"thumbnailUrl":"https:\/\/www.recordinformatica.it\/wp-content\/uploads\/2020\/08\/condizionamenti.gif","datePublished":"2020-08-27T13:32:33+00:00","dateModified":"2024-06-20T15:36:14+00:00","description":"Come condizionare i processi di stampa del sistema AS\/400 (iSeries - Ibm i) tramite il software Validoc","breadcrumb":{"@id":"https:\/\/www.recordinformatica.it\/it\/condizionamenti-stampe-as400.htm#breadcrumb"},"inLanguage":"it-IT","potentialAction":[{"@type":"ReadAction","target":["https:\/\/www.recordinformatica.it\/it\/condizionamenti-stampe-as400.htm"]}]},{"@type":"ImageObject","inLanguage":"it-IT","@id":"https:\/\/www.recordinformatica.it\/it\/condizionamenti-stampe-as400.htm#primaryimage","url":"https:\/\/www.recordinformatica.it\/wp-content\/uploads\/2020\/08\/condizionamenti.gif","contentUrl":"https:\/\/www.recordinformatica.it\/wp-content\/uploads\/2020\/08\/condizionamenti.gif"},{"@type":"BreadcrumbList","@id":"https:\/\/www.recordinformatica.it\/it\/condizionamenti-stampe-as400.htm#breadcrumb","itemListElement":[{"@type":"ListItem","position":1,"name":"Home","item":"https:\/\/www.recordinformatica.it\/it\/"},{"@type":"ListItem","position":2,"name":"Condizionamenti: flessibilit\u00e0 e potenza"}]},{"@type":"WebSite","@id":"https:\/\/www.recordinformatica.it\/it\/#website","url":"https:\/\/www.recordinformatica.it\/it\/","name":"Record Informatica","description":"","publisher":{"@id":"https:\/\/www.recordinformatica.it\/it\/#organization"},"potentialAction":[{"@type":"SearchAction","target":{"@type":"EntryPoint","urlTemplate":"https:\/\/www.recordinformatica.it\/it\/?s={search_term_string}"},"query-input":{"@type":"PropertyValueSpecification","valueRequired":true,"valueName":"search_term_string"}}],"inLanguage":"it-IT"},{"@type":"Organization","@id":"https:\/\/www.recordinformatica.it\/it\/#organization","name":"Record Informatica","url":"https:\/\/www.recordinformatica.it\/it\/","logo":{"@type":"ImageObject","inLanguage":"it-IT","@id":"https:\/\/www.recordinformatica.it\/it\/#\/schema\/logo\/image\/","url":"https:\/\/www.recordinformatica.it\/wp-content\/uploads\/2023\/03\/logo_recordgrande_white_border_top_bottom-3.jpg","contentUrl":"https:\/\/www.recordinformatica.it\/wp-content\/uploads\/2023\/03\/logo_recordgrande_white_border_top_bottom-3.jpg","width":568,"height":368,"caption":"Record Informatica"},"image":{"@id":"https:\/\/www.recordinformatica.it\/it\/#\/schema\/logo\/image\/"}}]}},"_links":{"self":[{"href":"https:\/\/www.recordinformatica.it\/it\/wp-json\/wp\/v2\/pages\/2013","targetHints":{"allow":["GET"]}}],"collection":[{"href":"https:\/\/www.recordinformatica.it\/it\/wp-json\/wp\/v2\/pages"}],"about":[{"href":"https:\/\/www.recordinformatica.it\/it\/wp-json\/wp\/v2\/types\/page"}],"author":[{"embeddable":true,"href":"https:\/\/www.recordinformatica.it\/it\/wp-json\/wp\/v2\/users\/2"}],"replies":[{"embeddable":true,"href":"https:\/\/www.recordinformatica.it\/it\/wp-json\/wp\/v2\/comments?post=2013"}],"version-history":[{"count":0,"href":"https:\/\/www.recordinformatica.it\/it\/wp-json\/wp\/v2\/pages\/2013\/revisions"}],"wp:attachment":[{"href":"https:\/\/www.recordinformatica.it\/it\/wp-json\/wp\/v2\/media?parent=2013"}],"curies":[{"name":"wp","href":"https:\/\/api.w.org\/{rel}","templated":true}]}}