{"id":1941,"date":"2020-08-27T09:59:54","date_gmt":"2020-08-27T07:59:54","guid":{"rendered":"https:\/\/www.recordinformatica.it\/fattura-elettronica-pubblica-amministrazione.htm"},"modified":"2023-04-04T11:13:37","modified_gmt":"2023-04-04T09:13:37","slug":"fattura-elettronica-pubblica-amministrazione","status":"publish","type":"page","link":"https:\/\/www.recordinformatica.it\/it\/fattura-elettronica-pubblica-amministrazione.htm","title":{"rendered":"Fattura Elettronica alla pubblica amministrazione"},"content":{"rendered":"<p>[vc_row el_class=&#8221;fake_breadcrumbs&#8221;][vc_column][vc_column_text]<strong>Prodotti &gt; Stampa grafica AS\/400 &gt;<\/strong> Fattura Elettronica alla pubblica amministrazione[\/vc_column_text][\/vc_column][\/vc_row][vc_row][vc_column][vc_column_text]<img loading=\"lazy\" decoding=\"async\" class=\"size-full wp-image-2552 alignleft\" src=\"https:\/\/www.recordinformatica.it\/wp-content\/uploads\/2020\/08\/XML-Pubblica-amministrazione.png\" alt=\"\" width=\"226\" height=\"154\" \/>Da\u00a0<b>Aprile 2015<\/b>\u00a0la Pubblica Amministrazione Italiana pu\u00f2 ricevere le fatture dei fornitori solo se vengono inviate tramite strumenti informatici e telematici e in modalit\u00e0 conforme con i criteri previsti dalla Pubblica Amministrazione stessa.[\/vc_column_text][\/vc_column][\/vc_row][vc_row css=&#8221;.vc_custom_1598559558627{margin-top: 20px !important;}&#8221;][vc_column][vc_column_text]<b>Storia.<\/b><\/p>\n<p>Il percorso per arrivare a questa situazione \u00e8 stato abbastanza articolato e accidentato.<\/p>\n<p>Nel 2007 vede la luce la prima legge che imponeva l\u2019obbligo di fatturazione elettronica allo stato.<\/p>\n<p>Nel 2008, un decreto attuativo individuava il gestore del sistema di interscambio dei dati ma mancavano del tutto le specifiche tecniche che ne chiarissero le modalit\u00e0 di funzionamento e, quindi, tutto rimase fermo.<\/p>\n<p>Si passa, dopo un \u201cbuco\u201d di 5 anni, al 2013 quando improvvisamente il processo si rimette in moto e, con un decreto ministeriale, vengono definite le modalit\u00e0 di fornitura e l\u2019indicazione di due date: 6 Giugno 2014 e 31 Giugno 2015 (poi rettificato a 31 Marzo 2015).<\/p>\n<p>A partire dalla prima data, hanno dovuto adottare l\u2019invio telematico solo i fornitori di alcuni enti dello stato (Ministeri, Agenzie fiscali ed enti nazionali di previdenza). Entro la seconda data tutti gli altri.<\/p>\n<p>Da Aprile 2015, quindi,\u00a0<b>ogni fornitore dello stato<\/b>\u00a0deve inviare la fattura nel formato elettronico e non pi\u00f9 analogico (carta o PDF via mail).<\/p>\n<p><b>Vantaggi per lo stato<\/b><\/p>\n<p>Lo stato trae da questo cambiamento un enorme vantaggio economico, perch\u00e8 il formato elettronico permette il caricamento diretto dei dati delle fatture senza nessuna attivit\u00e0 manuale di digitazione laddove, ovviamente, l\u2019ufficio della PA si doti di strumenti informatici per eseguire questo caricamento automatizzato.<\/p>\n<p>La pubblica amministrazione, trae anche molteplici vantaggi in termini di visibilit\u00e0 centralizzata e trasparenza dei dati delle forniture.<\/p>\n<p><b>Vantaggi per le aziende fornitrici.<\/b><\/p>\n<p>La promessa, per i fornitori, \u00e8 che i pagamenti avverranno con\u00a0<b>maggior rapidit\u00e0<\/b>\u00a0e con maggior controllo su possibili atti di concussione da parte di funzionari dello stato.<\/p>\n<p><b>Modalit\u00e0 della fornitura.<\/b><\/p>\n<p>Le operazioni da svolgere per la fornitura alla PA sono sostanzialmente\u00a0<b>due<\/b>, anche se la seconda \u00e8 composta da tre passaggi:<\/p>\n<p>1) Produrre i dati delle fatture da spedire allo stato nel formato\u00a0<b>XML<\/b>\u00a0(file di dati) e secondo la struttura prevista<\/p>\n<p>2) Il file XML prodotto, deve essere\u00a0<b>Firmato digitalmente, Spedito<\/b>\u00a0tramite gli opportuni canali telematici allo SdI (Sistema di Interscambio) e posto in\u00a0<b>Conservazione sostitutiva<\/b>. Da qui in avanti chiameremo queste operazioni con la sigla \u201cFSC\u201d.[\/vc_column_text][\/vc_column][\/vc_row][vc_row][vc_column][vc_single_image image=&#8221;2554&#8243; img_size=&#8221;full&#8221; alignment=&#8221;center&#8221;][\/vc_column][\/vc_row][vc_row][vc_column][vc_column_text]Come fare per realizzare queste due operazioni?<\/p>\n<p>Evidenziamo due possibili scenari:<\/p>\n<p>a) Realizzare il file XML a partire dal proprio gestionale e caricarlo su un servizio web per realizzare l\u2019FSC.<\/p>\n<p>b) Oltre a realizzare il file XML, realizzare in proprio anche l\u2019FSC con gli\u00a0<b>strumenti opportuni<\/b>.<\/p>\n<p>Il caso &#8220;a&#8221; rende pi\u00f9 semplice la realizzazione perch\u00e8 si scarica la fase FSC su un ente esterno. Il caso &#8220;b&#8221; \u00e8 pi\u00f9 articolato ma permette una maggior sicurezza dal punto di vista &#8220;privacy&#8221; e controllo.<\/p>\n<p><i>Per molti il tema della\u00a0<b>privacy<\/b>\u00a0sui dati potrebbe sembrare ininfluente. Ma per altri, questo tema \u00e8 particolarmente sentito. Si pensi, infatti, al fornitore della PA che vince un bando di gara grazie a piccoli scarti economici rispetto alla concorrenza ed \u00e8, giustamente, preoccupato che i dati relativi ai prezzi delle forniture possano essere visti dalla concorrenza. Difficilmente accetter\u00e0 soluzioni dove i dati delle sue fatture possano essere carpiti da altri fornitori della PA, indipendentemente dalle garanzie fornite dal service esterno.<\/i><\/p>\n<p>Se si opta per una gestione completamente interna, \u00e8 consigliabile rivolgersi ad un fornitore specializzato almeno per la fase FSC piuttosto che cercare di crearsela in proprio. La firma del file XML e l\u2019invio allo Sdi possono essere problematiche superabili con relativa facilit\u00e0 (per processi estemporanei e non massivi, cio\u00e8 per volumi contenuti di fatture). La conservazione sostitutiva, invece, \u00e8 un tema pi\u00f9 delicato e complesso.<\/p>\n<p>Dotarsi di strumenti interni pu\u00f2, anche, rappresentare un\u2019ottima scelta se si opta per avviare, contemporaneamente, un processo di conservazione sostitutiva e gestione documentale di\u00a0<b>tutti i documenti<\/b>\u00a0amministrativi della azienda.<\/p>\n<p>In quest\u2019ultimo contesto, infatti, gli strumenti per gestire l\u2019FSC, risulterebbero componenti del software di gestione documentale (conservazione) o degli add-on di quest\u2019 ultimo (firma ed invio allo SdI).<\/p>\n<p>Approfittare della fornitura allo stato per ottimizzare, contemporaneamente, i processi di gestione dei documenti in azienda \u00e8, indubbiamente, un approccio intelligente (budget economico permettendo).<\/p>\n<p>Coloro che, invece, gi\u00e0 possiedono una procedura di conservazione sostitutiva, troveranno relativamente facile e non troppo oneroso, aggiungere i moduli software per la firma del file XML e la spedizione alla PA.<\/p>\n<p>Se dovete costruire la soluzione software internamente e avete un sistema contabile basato su AS\/400, pu\u00f2 venirvi in aiuto\u00a0<a href=\"https:\/\/www.recordinformatica.it\/it\/fattura-elettronica-stato-xml.htm\">Validoc<\/a>\u00a0che, a partire dalla stampa della fattura, pu\u00f2 estrarre i dati e produrre l\u2019XML secondo il formato previsto.<\/p>\n<p><b>Record Informatica<\/b>\u00a0pu\u00f2\u00a0<b>supportarvi<\/b>\u00a0anche nella fornitura di una soluzione interna mirata a risolvere le sole problematiche FSC oppure indirizzata ad una completa gestione documentale.[\/vc_column_text][\/vc_column][\/vc_row][vc_row][vc_column][vc_column_text]<strong>Scarica il white paper.<\/strong><\/p>\n<ul>\n<li><a href=\"\/wp-content\/uploads\/2020\/08\/Fattura-Elettronica-alla-Pubblica-Amministrazione.pdf\" target=\"_blank\" rel=\"noopener noreferrer\">Fattura Elettronica alla Pubblica Amministrazione<\/a><\/li>\n<\/ul>\n<p>[\/vc_column_text][\/vc_column][\/vc_row]<\/p>\n","protected":false},"excerpt":{"rendered":"<p>[vc_row el_class=&#8221;fake_breadcrumbs&#8221;][vc_column][vc_column_text]Prodotti &gt; Stampa grafica AS\/400 &gt; Fattura Elettronica alla pubblica amministrazione[\/vc_column_text][\/vc_column][\/vc_row][vc_row][vc_column][vc_column_text]Da\u00a0Aprile 2015\u00a0la Pubblica Amministrazione Italiana pu\u00f2 ricevere le fatture<\/p>\n","protected":false},"author":2,"featured_media":0,"parent":0,"menu_order":0,"comment_status":"closed","ping_status":"closed","template":"","meta":{"footnotes":""},"class_list":["post-1941","page","type-page","status-publish","hentry"],"yoast_head":"<!-- This site is optimized with the Yoast SEO plugin v27.5 - https:\/\/yoast.com\/product\/yoast-seo-wordpress\/ -->\n<title>Fattura Elettronica alla pubblica amministrazione<\/title>\n<meta name=\"description\" content=\"Come inviare la fattura elettronica XML agli uffici della pubblica amministrazione e farne la conservazione.\" \/>\n<meta name=\"robots\" content=\"index, follow, max-snippet:-1, max-image-preview:large, max-video-preview:-1\" \/>\n<link rel=\"canonical\" href=\"https:\/\/www.recordinformatica.it\/it\/fattura-elettronica-pubblica-amministrazione.htm\" \/>\n<meta property=\"og:locale\" content=\"it_IT\" \/>\n<meta property=\"og:type\" content=\"article\" \/>\n<meta property=\"og:title\" content=\"Fattura Elettronica alla pubblica amministrazione\" \/>\n<meta property=\"og:description\" content=\"Come inviare la fattura elettronica XML agli uffici della pubblica amministrazione e farne la conservazione.\" \/>\n<meta property=\"og:url\" content=\"https:\/\/www.recordinformatica.it\/it\/fattura-elettronica-pubblica-amministrazione.htm\" \/>\n<meta property=\"og:site_name\" content=\"Record Informatica\" \/>\n<meta property=\"article:modified_time\" content=\"2023-04-04T09:13:37+00:00\" \/>\n<meta property=\"og:image\" content=\"https:\/\/www.recordinformatica.it\/wp-content\/uploads\/2020\/08\/XML-Pubblica-amministrazione.png\" \/>\n<meta name=\"twitter:card\" content=\"summary_large_image\" \/>\n<meta name=\"twitter:label1\" content=\"Tempo di lettura stimato\" \/>\n\t<meta name=\"twitter:data1\" content=\"5 minuti\" \/>\n<script type=\"application\/ld+json\" class=\"yoast-schema-graph\">{\"@context\":\"https:\\\/\\\/schema.org\",\"@graph\":[{\"@type\":\"WebPage\",\"@id\":\"https:\\\/\\\/www.recordinformatica.it\\\/it\\\/fattura-elettronica-pubblica-amministrazione.htm\",\"url\":\"https:\\\/\\\/www.recordinformatica.it\\\/it\\\/fattura-elettronica-pubblica-amministrazione.htm\",\"name\":\"Fattura Elettronica alla pubblica amministrazione\",\"isPartOf\":{\"@id\":\"https:\\\/\\\/www.recordinformatica.it\\\/it\\\/#website\"},\"primaryImageOfPage\":{\"@id\":\"https:\\\/\\\/www.recordinformatica.it\\\/it\\\/fattura-elettronica-pubblica-amministrazione.htm#primaryimage\"},\"image\":{\"@id\":\"https:\\\/\\\/www.recordinformatica.it\\\/it\\\/fattura-elettronica-pubblica-amministrazione.htm#primaryimage\"},\"thumbnailUrl\":\"https:\\\/\\\/www.recordinformatica.it\\\/wp-content\\\/uploads\\\/2020\\\/08\\\/XML-Pubblica-amministrazione.png\",\"datePublished\":\"2020-08-27T07:59:54+00:00\",\"dateModified\":\"2023-04-04T09:13:37+00:00\",\"description\":\"Come inviare la fattura elettronica XML agli uffici della pubblica amministrazione e farne la conservazione.\",\"breadcrumb\":{\"@id\":\"https:\\\/\\\/www.recordinformatica.it\\\/it\\\/fattura-elettronica-pubblica-amministrazione.htm#breadcrumb\"},\"inLanguage\":\"it-IT\",\"potentialAction\":[{\"@type\":\"ReadAction\",\"target\":[\"https:\\\/\\\/www.recordinformatica.it\\\/it\\\/fattura-elettronica-pubblica-amministrazione.htm\"]}]},{\"@type\":\"ImageObject\",\"inLanguage\":\"it-IT\",\"@id\":\"https:\\\/\\\/www.recordinformatica.it\\\/it\\\/fattura-elettronica-pubblica-amministrazione.htm#primaryimage\",\"url\":\"https:\\\/\\\/www.recordinformatica.it\\\/wp-content\\\/uploads\\\/2020\\\/08\\\/XML-Pubblica-amministrazione.png\",\"contentUrl\":\"https:\\\/\\\/www.recordinformatica.it\\\/wp-content\\\/uploads\\\/2020\\\/08\\\/XML-Pubblica-amministrazione.png\"},{\"@type\":\"BreadcrumbList\",\"@id\":\"https:\\\/\\\/www.recordinformatica.it\\\/it\\\/fattura-elettronica-pubblica-amministrazione.htm#breadcrumb\",\"itemListElement\":[{\"@type\":\"ListItem\",\"position\":1,\"name\":\"Home\",\"item\":\"https:\\\/\\\/www.recordinformatica.it\\\/it\\\/\"},{\"@type\":\"ListItem\",\"position\":2,\"name\":\"Fattura Elettronica alla pubblica amministrazione\"}]},{\"@type\":\"WebSite\",\"@id\":\"https:\\\/\\\/www.recordinformatica.it\\\/it\\\/#website\",\"url\":\"https:\\\/\\\/www.recordinformatica.it\\\/it\\\/\",\"name\":\"Record Informatica\",\"description\":\"\",\"publisher\":{\"@id\":\"https:\\\/\\\/www.recordinformatica.it\\\/it\\\/#organization\"},\"potentialAction\":[{\"@type\":\"SearchAction\",\"target\":{\"@type\":\"EntryPoint\",\"urlTemplate\":\"https:\\\/\\\/www.recordinformatica.it\\\/it\\\/?s={search_term_string}\"},\"query-input\":{\"@type\":\"PropertyValueSpecification\",\"valueRequired\":true,\"valueName\":\"search_term_string\"}}],\"inLanguage\":\"it-IT\"},{\"@type\":\"Organization\",\"@id\":\"https:\\\/\\\/www.recordinformatica.it\\\/it\\\/#organization\",\"name\":\"Record Informatica\",\"url\":\"https:\\\/\\\/www.recordinformatica.it\\\/it\\\/\",\"logo\":{\"@type\":\"ImageObject\",\"inLanguage\":\"it-IT\",\"@id\":\"https:\\\/\\\/www.recordinformatica.it\\\/it\\\/#\\\/schema\\\/logo\\\/image\\\/\",\"url\":\"https:\\\/\\\/www.recordinformatica.it\\\/wp-content\\\/uploads\\\/2023\\\/03\\\/logo_recordgrande_white_border_top_bottom-3.jpg\",\"contentUrl\":\"https:\\\/\\\/www.recordinformatica.it\\\/wp-content\\\/uploads\\\/2023\\\/03\\\/logo_recordgrande_white_border_top_bottom-3.jpg\",\"width\":568,\"height\":368,\"caption\":\"Record Informatica\"},\"image\":{\"@id\":\"https:\\\/\\\/www.recordinformatica.it\\\/it\\\/#\\\/schema\\\/logo\\\/image\\\/\"}}]}<\/script>\n<!-- \/ Yoast SEO plugin. -->","yoast_head_json":{"title":"Fattura Elettronica alla pubblica amministrazione","description":"Come inviare la fattura elettronica XML agli uffici della pubblica amministrazione e farne la conservazione.","robots":{"index":"index","follow":"follow","max-snippet":"max-snippet:-1","max-image-preview":"max-image-preview:large","max-video-preview":"max-video-preview:-1"},"canonical":"https:\/\/www.recordinformatica.it\/it\/fattura-elettronica-pubblica-amministrazione.htm","og_locale":"it_IT","og_type":"article","og_title":"Fattura Elettronica alla pubblica amministrazione","og_description":"Come inviare la fattura elettronica XML agli uffici della pubblica amministrazione e farne la conservazione.","og_url":"https:\/\/www.recordinformatica.it\/it\/fattura-elettronica-pubblica-amministrazione.htm","og_site_name":"Record Informatica","article_modified_time":"2023-04-04T09:13:37+00:00","og_image":[{"url":"https:\/\/www.recordinformatica.it\/wp-content\/uploads\/2020\/08\/XML-Pubblica-amministrazione.png","type":"","width":"","height":""}],"twitter_card":"summary_large_image","twitter_misc":{"Tempo di lettura stimato":"5 minuti"},"schema":{"@context":"https:\/\/schema.org","@graph":[{"@type":"WebPage","@id":"https:\/\/www.recordinformatica.it\/it\/fattura-elettronica-pubblica-amministrazione.htm","url":"https:\/\/www.recordinformatica.it\/it\/fattura-elettronica-pubblica-amministrazione.htm","name":"Fattura Elettronica alla pubblica amministrazione","isPartOf":{"@id":"https:\/\/www.recordinformatica.it\/it\/#website"},"primaryImageOfPage":{"@id":"https:\/\/www.recordinformatica.it\/it\/fattura-elettronica-pubblica-amministrazione.htm#primaryimage"},"image":{"@id":"https:\/\/www.recordinformatica.it\/it\/fattura-elettronica-pubblica-amministrazione.htm#primaryimage"},"thumbnailUrl":"https:\/\/www.recordinformatica.it\/wp-content\/uploads\/2020\/08\/XML-Pubblica-amministrazione.png","datePublished":"2020-08-27T07:59:54+00:00","dateModified":"2023-04-04T09:13:37+00:00","description":"Come inviare la fattura elettronica XML agli uffici della pubblica amministrazione e farne la conservazione.","breadcrumb":{"@id":"https:\/\/www.recordinformatica.it\/it\/fattura-elettronica-pubblica-amministrazione.htm#breadcrumb"},"inLanguage":"it-IT","potentialAction":[{"@type":"ReadAction","target":["https:\/\/www.recordinformatica.it\/it\/fattura-elettronica-pubblica-amministrazione.htm"]}]},{"@type":"ImageObject","inLanguage":"it-IT","@id":"https:\/\/www.recordinformatica.it\/it\/fattura-elettronica-pubblica-amministrazione.htm#primaryimage","url":"https:\/\/www.recordinformatica.it\/wp-content\/uploads\/2020\/08\/XML-Pubblica-amministrazione.png","contentUrl":"https:\/\/www.recordinformatica.it\/wp-content\/uploads\/2020\/08\/XML-Pubblica-amministrazione.png"},{"@type":"BreadcrumbList","@id":"https:\/\/www.recordinformatica.it\/it\/fattura-elettronica-pubblica-amministrazione.htm#breadcrumb","itemListElement":[{"@type":"ListItem","position":1,"name":"Home","item":"https:\/\/www.recordinformatica.it\/it\/"},{"@type":"ListItem","position":2,"name":"Fattura Elettronica alla pubblica amministrazione"}]},{"@type":"WebSite","@id":"https:\/\/www.recordinformatica.it\/it\/#website","url":"https:\/\/www.recordinformatica.it\/it\/","name":"Record Informatica","description":"","publisher":{"@id":"https:\/\/www.recordinformatica.it\/it\/#organization"},"potentialAction":[{"@type":"SearchAction","target":{"@type":"EntryPoint","urlTemplate":"https:\/\/www.recordinformatica.it\/it\/?s={search_term_string}"},"query-input":{"@type":"PropertyValueSpecification","valueRequired":true,"valueName":"search_term_string"}}],"inLanguage":"it-IT"},{"@type":"Organization","@id":"https:\/\/www.recordinformatica.it\/it\/#organization","name":"Record Informatica","url":"https:\/\/www.recordinformatica.it\/it\/","logo":{"@type":"ImageObject","inLanguage":"it-IT","@id":"https:\/\/www.recordinformatica.it\/it\/#\/schema\/logo\/image\/","url":"https:\/\/www.recordinformatica.it\/wp-content\/uploads\/2023\/03\/logo_recordgrande_white_border_top_bottom-3.jpg","contentUrl":"https:\/\/www.recordinformatica.it\/wp-content\/uploads\/2023\/03\/logo_recordgrande_white_border_top_bottom-3.jpg","width":568,"height":368,"caption":"Record Informatica"},"image":{"@id":"https:\/\/www.recordinformatica.it\/it\/#\/schema\/logo\/image\/"}}]}},"_links":{"self":[{"href":"https:\/\/www.recordinformatica.it\/it\/wp-json\/wp\/v2\/pages\/1941","targetHints":{"allow":["GET"]}}],"collection":[{"href":"https:\/\/www.recordinformatica.it\/it\/wp-json\/wp\/v2\/pages"}],"about":[{"href":"https:\/\/www.recordinformatica.it\/it\/wp-json\/wp\/v2\/types\/page"}],"author":[{"embeddable":true,"href":"https:\/\/www.recordinformatica.it\/it\/wp-json\/wp\/v2\/users\/2"}],"replies":[{"embeddable":true,"href":"https:\/\/www.recordinformatica.it\/it\/wp-json\/wp\/v2\/comments?post=1941"}],"version-history":[{"count":0,"href":"https:\/\/www.recordinformatica.it\/it\/wp-json\/wp\/v2\/pages\/1941\/revisions"}],"wp:attachment":[{"href":"https:\/\/www.recordinformatica.it\/it\/wp-json\/wp\/v2\/media?parent=1941"}],"curies":[{"name":"wp","href":"https:\/\/api.w.org\/{rel}","templated":true}]}}