{"id":1937,"date":"2020-08-27T09:59:41","date_gmt":"2020-08-27T07:59:41","guid":{"rendered":"https:\/\/www.recordinformatica.it\/fax-as400-superg3.htm"},"modified":"2023-04-04T12:12:53","modified_gmt":"2023-04-04T10:12:53","slug":"fax-as400-superg3","status":"publish","type":"page","link":"https:\/\/www.recordinformatica.it\/it\/fax-as400-superg3.htm","title":{"rendered":"Fax velocissimi con il Super G3."},"content":{"rendered":"<p>[vc_row el_class=&#8221;fake_breadcrumbs&#8221;][vc_column][vc_column_text]<strong>Inviare fax con super G3<\/strong>[\/vc_column_text][\/vc_column][\/vc_row][vc_row][vc_column][vc_column_text]<\/p>\n<div id=\"destra\">\n<p align=\"justify\"><img loading=\"lazy\" decoding=\"async\" class=\"alignleft wp-image-2530 size-full\" src=\"https:\/\/www.recordinformatica.it\/wp-content\/uploads\/2020\/08\/superG3.png\" alt=\"Trasmissione fax in super G3\" width=\"133\" height=\"164\" \/>Il super G3 \u00e8 la modalit\u00e0 di trasmissione analogica di fax pi\u00f9 <strong>rapida<\/strong> attualmente esistente.<\/p>\n<p align=\"justify\">Questa velocit\u00e0, modesta se comparata con le velocit\u00e0 delle linee trasmissive Internet, rappresenta comunque un forte <strong>incremento<\/strong> rispetto al semplice standard G3.<\/p>\n<p align=\"justify\">Il super G3 consente di trasmettere a pi\u00f9 del <strong>doppio<\/strong> di velocit\u00e0 rispetto al G3.<\/p>\n<p>Permette un <strong>veloce\u00a0<\/strong><a title=\"Handshake\">handshake<\/a> tra i fax con un risparmio di circa 6 secondi per ogni invio.<\/p>\n<p>Consente una trasmissione del fax pi\u00f9 <strong>controllata<\/strong> e quindi un numero minore di errori di trasmissione.<\/p>\n<p>Per poter essere sfruttato il super G3 necessit\u00e0 che <strong>entrambi<\/strong> gli apparati, trasmissivo e ricevente, lo supportino.<\/p>\n<p>La stragrande maggioranza dei fax di produzione <strong>recente<\/strong> possiede la modalit\u00e0 super G3.<\/p>\n<p>Il super G3 \u00e8, poi, presente in tutte le <strong>multifunzioni<\/strong> professionali.<\/p>\n<p>Si pu\u00f2 immaginare che la trasmissione super G3 sia sfruttabile almeno nell\u201980\/90% dei casi.<\/p>\n<p>Con il super G3 abbasserete i <strong>costi<\/strong> telefonici ed aumenterete l\u2019efficienza della trasmissione fax.<\/p>\n<p>Validoc, dalla versione 3.4, <strong>supporta<\/strong> la trasmissione in Super G3.<\/p>\n<\/div>\n<p>[\/vc_column_text][\/vc_column][\/vc_row]<\/p>\n","protected":false},"excerpt":{"rendered":"<p>[vc_row el_class=&#8221;fake_breadcrumbs&#8221;][vc_column][vc_column_text]Inviare fax con super G3[\/vc_column_text][\/vc_column][\/vc_row][vc_row][vc_column][vc_column_text] Il super G3 \u00e8 la modalit\u00e0 di trasmissione analogica di fax pi\u00f9 rapida attualmente<\/p>\n","protected":false},"author":2,"featured_media":0,"parent":0,"menu_order":0,"comment_status":"closed","ping_status":"closed","template":"","meta":{"footnotes":""},"class_list":["post-1937","page","type-page","status-publish","hentry"],"yoast_head":"<!-- This site is optimized with the Yoast SEO plugin v27.4 - https:\/\/yoast.com\/product\/yoast-seo-wordpress\/ -->\n<title>Fax velocissimi con il Super G3.<\/title>\n<meta name=\"description\" content=\"Trasmissione pi\u00f9 veloce e pi\u00f9 controllata dei fax utilizzando lo standard Super G3 che ne raddoppia la velocit\u00e0.\" \/>\n<meta name=\"robots\" content=\"index, follow, max-snippet:-1, max-image-preview:large, max-video-preview:-1\" \/>\n<link rel=\"canonical\" href=\"https:\/\/www.recordinformatica.it\/it\/fax-as400-superg3.htm\" \/>\n<meta property=\"og:locale\" content=\"it_IT\" \/>\n<meta property=\"og:type\" content=\"article\" \/>\n<meta property=\"og:title\" content=\"Fax velocissimi con il Super G3.\" \/>\n<meta property=\"og:description\" content=\"Trasmissione pi\u00f9 veloce e pi\u00f9 controllata dei fax utilizzando lo standard Super G3 che ne raddoppia la velocit\u00e0.\" \/>\n<meta property=\"og:url\" content=\"https:\/\/www.recordinformatica.it\/it\/fax-as400-superg3.htm\" \/>\n<meta property=\"og:site_name\" content=\"Record Informatica\" \/>\n<meta property=\"article:modified_time\" content=\"2023-04-04T10:12:53+00:00\" \/>\n<meta property=\"og:image\" content=\"https:\/\/www.recordinformatica.it\/wp-content\/uploads\/2020\/08\/superG3.png\" \/>\n<meta name=\"twitter:card\" content=\"summary_large_image\" \/>\n<meta name=\"twitter:label1\" content=\"Tempo di lettura stimato\" \/>\n\t<meta name=\"twitter:data1\" content=\"2 minuti\" \/>\n<script type=\"application\/ld+json\" class=\"yoast-schema-graph\">{\"@context\":\"https:\\\/\\\/schema.org\",\"@graph\":[{\"@type\":\"WebPage\",\"@id\":\"https:\\\/\\\/www.recordinformatica.it\\\/it\\\/fax-as400-superg3.htm\",\"url\":\"https:\\\/\\\/www.recordinformatica.it\\\/it\\\/fax-as400-superg3.htm\",\"name\":\"Fax velocissimi con il Super G3.\",\"isPartOf\":{\"@id\":\"https:\\\/\\\/www.recordinformatica.it\\\/it\\\/#website\"},\"primaryImageOfPage\":{\"@id\":\"https:\\\/\\\/www.recordinformatica.it\\\/it\\\/fax-as400-superg3.htm#primaryimage\"},\"image\":{\"@id\":\"https:\\\/\\\/www.recordinformatica.it\\\/it\\\/fax-as400-superg3.htm#primaryimage\"},\"thumbnailUrl\":\"https:\\\/\\\/www.recordinformatica.it\\\/wp-content\\\/uploads\\\/2020\\\/08\\\/superG3.png\",\"datePublished\":\"2020-08-27T07:59:41+00:00\",\"dateModified\":\"2023-04-04T10:12:53+00:00\",\"description\":\"Trasmissione pi\u00f9 veloce e pi\u00f9 controllata dei fax utilizzando lo standard Super G3 che ne raddoppia la velocit\u00e0.\",\"breadcrumb\":{\"@id\":\"https:\\\/\\\/www.recordinformatica.it\\\/it\\\/fax-as400-superg3.htm#breadcrumb\"},\"inLanguage\":\"it-IT\",\"potentialAction\":[{\"@type\":\"ReadAction\",\"target\":[\"https:\\\/\\\/www.recordinformatica.it\\\/it\\\/fax-as400-superg3.htm\"]}]},{\"@type\":\"ImageObject\",\"inLanguage\":\"it-IT\",\"@id\":\"https:\\\/\\\/www.recordinformatica.it\\\/it\\\/fax-as400-superg3.htm#primaryimage\",\"url\":\"https:\\\/\\\/www.recordinformatica.it\\\/wp-content\\\/uploads\\\/2020\\\/08\\\/superG3.png\",\"contentUrl\":\"https:\\\/\\\/www.recordinformatica.it\\\/wp-content\\\/uploads\\\/2020\\\/08\\\/superG3.png\"},{\"@type\":\"BreadcrumbList\",\"@id\":\"https:\\\/\\\/www.recordinformatica.it\\\/it\\\/fax-as400-superg3.htm#breadcrumb\",\"itemListElement\":[{\"@type\":\"ListItem\",\"position\":1,\"name\":\"Home\",\"item\":\"https:\\\/\\\/www.recordinformatica.it\\\/it\\\/\"},{\"@type\":\"ListItem\",\"position\":2,\"name\":\"Fax velocissimi con il Super G3.\"}]},{\"@type\":\"WebSite\",\"@id\":\"https:\\\/\\\/www.recordinformatica.it\\\/it\\\/#website\",\"url\":\"https:\\\/\\\/www.recordinformatica.it\\\/it\\\/\",\"name\":\"Record Informatica\",\"description\":\"\",\"publisher\":{\"@id\":\"https:\\\/\\\/www.recordinformatica.it\\\/it\\\/#organization\"},\"potentialAction\":[{\"@type\":\"SearchAction\",\"target\":{\"@type\":\"EntryPoint\",\"urlTemplate\":\"https:\\\/\\\/www.recordinformatica.it\\\/it\\\/?s={search_term_string}\"},\"query-input\":{\"@type\":\"PropertyValueSpecification\",\"valueRequired\":true,\"valueName\":\"search_term_string\"}}],\"inLanguage\":\"it-IT\"},{\"@type\":\"Organization\",\"@id\":\"https:\\\/\\\/www.recordinformatica.it\\\/it\\\/#organization\",\"name\":\"Record Informatica\",\"url\":\"https:\\\/\\\/www.recordinformatica.it\\\/it\\\/\",\"logo\":{\"@type\":\"ImageObject\",\"inLanguage\":\"it-IT\",\"@id\":\"https:\\\/\\\/www.recordinformatica.it\\\/it\\\/#\\\/schema\\\/logo\\\/image\\\/\",\"url\":\"https:\\\/\\\/www.recordinformatica.it\\\/wp-content\\\/uploads\\\/2023\\\/03\\\/logo_recordgrande_white_border_top_bottom-3.jpg\",\"contentUrl\":\"https:\\\/\\\/www.recordinformatica.it\\\/wp-content\\\/uploads\\\/2023\\\/03\\\/logo_recordgrande_white_border_top_bottom-3.jpg\",\"width\":568,\"height\":368,\"caption\":\"Record Informatica\"},\"image\":{\"@id\":\"https:\\\/\\\/www.recordinformatica.it\\\/it\\\/#\\\/schema\\\/logo\\\/image\\\/\"}}]}<\/script>\n<!-- \/ Yoast SEO plugin. -->","yoast_head_json":{"title":"Fax velocissimi con il Super G3.","description":"Trasmissione pi\u00f9 veloce e pi\u00f9 controllata dei fax utilizzando lo standard Super G3 che ne raddoppia la velocit\u00e0.","robots":{"index":"index","follow":"follow","max-snippet":"max-snippet:-1","max-image-preview":"max-image-preview:large","max-video-preview":"max-video-preview:-1"},"canonical":"https:\/\/www.recordinformatica.it\/it\/fax-as400-superg3.htm","og_locale":"it_IT","og_type":"article","og_title":"Fax velocissimi con il Super G3.","og_description":"Trasmissione pi\u00f9 veloce e pi\u00f9 controllata dei fax utilizzando lo standard Super G3 che ne raddoppia la velocit\u00e0.","og_url":"https:\/\/www.recordinformatica.it\/it\/fax-as400-superg3.htm","og_site_name":"Record Informatica","article_modified_time":"2023-04-04T10:12:53+00:00","og_image":[{"url":"https:\/\/www.recordinformatica.it\/wp-content\/uploads\/2020\/08\/superG3.png","type":"","width":"","height":""}],"twitter_card":"summary_large_image","twitter_misc":{"Tempo di lettura stimato":"2 minuti"},"schema":{"@context":"https:\/\/schema.org","@graph":[{"@type":"WebPage","@id":"https:\/\/www.recordinformatica.it\/it\/fax-as400-superg3.htm","url":"https:\/\/www.recordinformatica.it\/it\/fax-as400-superg3.htm","name":"Fax velocissimi con il Super G3.","isPartOf":{"@id":"https:\/\/www.recordinformatica.it\/it\/#website"},"primaryImageOfPage":{"@id":"https:\/\/www.recordinformatica.it\/it\/fax-as400-superg3.htm#primaryimage"},"image":{"@id":"https:\/\/www.recordinformatica.it\/it\/fax-as400-superg3.htm#primaryimage"},"thumbnailUrl":"https:\/\/www.recordinformatica.it\/wp-content\/uploads\/2020\/08\/superG3.png","datePublished":"2020-08-27T07:59:41+00:00","dateModified":"2023-04-04T10:12:53+00:00","description":"Trasmissione pi\u00f9 veloce e pi\u00f9 controllata dei fax utilizzando lo standard Super G3 che ne raddoppia la velocit\u00e0.","breadcrumb":{"@id":"https:\/\/www.recordinformatica.it\/it\/fax-as400-superg3.htm#breadcrumb"},"inLanguage":"it-IT","potentialAction":[{"@type":"ReadAction","target":["https:\/\/www.recordinformatica.it\/it\/fax-as400-superg3.htm"]}]},{"@type":"ImageObject","inLanguage":"it-IT","@id":"https:\/\/www.recordinformatica.it\/it\/fax-as400-superg3.htm#primaryimage","url":"https:\/\/www.recordinformatica.it\/wp-content\/uploads\/2020\/08\/superG3.png","contentUrl":"https:\/\/www.recordinformatica.it\/wp-content\/uploads\/2020\/08\/superG3.png"},{"@type":"BreadcrumbList","@id":"https:\/\/www.recordinformatica.it\/it\/fax-as400-superg3.htm#breadcrumb","itemListElement":[{"@type":"ListItem","position":1,"name":"Home","item":"https:\/\/www.recordinformatica.it\/it\/"},{"@type":"ListItem","position":2,"name":"Fax velocissimi con il Super G3."}]},{"@type":"WebSite","@id":"https:\/\/www.recordinformatica.it\/it\/#website","url":"https:\/\/www.recordinformatica.it\/it\/","name":"Record Informatica","description":"","publisher":{"@id":"https:\/\/www.recordinformatica.it\/it\/#organization"},"potentialAction":[{"@type":"SearchAction","target":{"@type":"EntryPoint","urlTemplate":"https:\/\/www.recordinformatica.it\/it\/?s={search_term_string}"},"query-input":{"@type":"PropertyValueSpecification","valueRequired":true,"valueName":"search_term_string"}}],"inLanguage":"it-IT"},{"@type":"Organization","@id":"https:\/\/www.recordinformatica.it\/it\/#organization","name":"Record Informatica","url":"https:\/\/www.recordinformatica.it\/it\/","logo":{"@type":"ImageObject","inLanguage":"it-IT","@id":"https:\/\/www.recordinformatica.it\/it\/#\/schema\/logo\/image\/","url":"https:\/\/www.recordinformatica.it\/wp-content\/uploads\/2023\/03\/logo_recordgrande_white_border_top_bottom-3.jpg","contentUrl":"https:\/\/www.recordinformatica.it\/wp-content\/uploads\/2023\/03\/logo_recordgrande_white_border_top_bottom-3.jpg","width":568,"height":368,"caption":"Record Informatica"},"image":{"@id":"https:\/\/www.recordinformatica.it\/it\/#\/schema\/logo\/image\/"}}]}},"_links":{"self":[{"href":"https:\/\/www.recordinformatica.it\/it\/wp-json\/wp\/v2\/pages\/1937","targetHints":{"allow":["GET"]}}],"collection":[{"href":"https:\/\/www.recordinformatica.it\/it\/wp-json\/wp\/v2\/pages"}],"about":[{"href":"https:\/\/www.recordinformatica.it\/it\/wp-json\/wp\/v2\/types\/page"}],"author":[{"embeddable":true,"href":"https:\/\/www.recordinformatica.it\/it\/wp-json\/wp\/v2\/users\/2"}],"replies":[{"embeddable":true,"href":"https:\/\/www.recordinformatica.it\/it\/wp-json\/wp\/v2\/comments?post=1937"}],"version-history":[{"count":0,"href":"https:\/\/www.recordinformatica.it\/it\/wp-json\/wp\/v2\/pages\/1937\/revisions"}],"wp:attachment":[{"href":"https:\/\/www.recordinformatica.it\/it\/wp-json\/wp\/v2\/media?parent=1937"}],"curies":[{"name":"wp","href":"https:\/\/api.w.org\/{rel}","templated":true}]}}