{"id":1936,"date":"2020-08-27T09:59:41","date_gmt":"2020-08-27T07:59:41","guid":{"rendered":"https:\/\/www.recordinformatica.it\/esiti-invii-mail-fax-as400.htm"},"modified":"2020-12-17T09:17:00","modified_gmt":"2020-12-17T08:17:00","slug":"esiti-invii-mail-fax-as400","status":"publish","type":"page","link":"https:\/\/www.recordinformatica.it\/it\/esiti-invii-mail-fax-as400.htm","title":{"rendered":"Esiti invii e-mail\/fax su AS\/400 ( iSeries \u2013 System i \u2013 IBM i )"},"content":{"rendered":"<p>[vc_row el_class=&#8221;fake_breadcrumbs&#8221;][vc_column][vc_column_text]<strong>Esiti Invii<\/strong>[\/vc_column_text][\/vc_column][\/vc_row][vc_row][vc_column][vc_column_text]<\/p>\n<div id=\"destra\">\n<p><img loading=\"lazy\" decoding=\"async\" class=\"size-full wp-image-2525 alignleft\" src=\"https:\/\/www.recordinformatica.it\/wp-content\/uploads\/2020\/08\/esitiInvii1.png\" alt=\"\" width=\"153\" height=\"156\" \/>L\u2019esito dell\u2019invio delle stampe AS400 tramite e-mail o fax pu\u00f2 voler essere esaminato anche dal sistema AS\/400 oltre che da rete PC.<\/p>\n<p>Per questa ragione, abbiamo realizzato un applicativo di interrogazione degli invii anche da sistema AS\/400.<\/p>\n<p>Con questa funzione puoi visionare gli esiti degli invii oppure puoi accedere, tramite funzioni fornite da Validoc, agli archivi degli esiti direttamente da AS\/400.<\/p>\n<p>Accedendo agli archivi, potrai fornire, nelle videate del tuo gestionale AS\/400, l\u2019esito dell&#8217;invio.<\/p>\n<p>Questa funzione nasce dalla necessit\u00e0 di alcune realt\u00e0 aziendali di non modificare i propri processi di stampa per realizzare gi\u00e0 sul sistema AS\/400 il raggruppamento delle stampe.<\/p>\n<p>I tuoi utenti, quindi, potranno valutare se la spedizione del documento \u00e8 stata completata in modo corretto direttamente dai programmi che sono abituati ad utilizzare quotidianamente.<\/p>\n<p>Se verificassero che l\u2019esito non fosse positivo, potrebbero risottomettere la stampa all\u2019invio.<\/p>\n<p>Il sistema di interrogazione da AS\/400, pu\u00f2 essere usato contemporaneamente con quello da rete PC.<\/p>\n<\/div>\n<p>[\/vc_column_text][\/vc_column][\/vc_row]<\/p>\n","protected":false},"excerpt":{"rendered":"<p>[vc_row el_class=&#8221;fake_breadcrumbs&#8221;][vc_column][vc_column_text]Esiti Invii[\/vc_column_text][\/vc_column][\/vc_row][vc_row][vc_column][vc_column_text] L\u2019esito dell\u2019invio delle stampe AS400 tramite e-mail o fax pu\u00f2 voler essere esaminato anche dal sistema AS\/400<\/p>\n","protected":false},"author":2,"featured_media":0,"parent":0,"menu_order":0,"comment_status":"closed","ping_status":"closed","template":"","meta":{"footnotes":""},"class_list":["post-1936","page","type-page","status-publish","hentry"],"yoast_head":"<!-- This site is optimized with the Yoast SEO plugin v27.6 - https:\/\/yoast.com\/product\/yoast-seo-wordpress\/ -->\n<title>Verifica dell&#039;esito dell&#039;invio delle stampe grafiche AS\/400 direttamente tramite video AS\/400.<\/title>\n<meta name=\"description\" content=\"E&#039; possibile verificare l&#039;esito degli invii, tramite e-mail o fax, delle stampe create con Validoc direttamente dal video del sistema AS\/400 ( iSeries - System i ).\" \/>\n<meta name=\"robots\" content=\"index, follow, max-snippet:-1, max-image-preview:large, max-video-preview:-1\" \/>\n<link rel=\"canonical\" href=\"https:\/\/www.recordinformatica.it\/it\/esiti-invii-mail-fax-as400.htm\" \/>\n<meta property=\"og:locale\" content=\"it_IT\" \/>\n<meta property=\"og:type\" content=\"article\" \/>\n<meta property=\"og:title\" content=\"Verifica dell&#039;esito dell&#039;invio delle stampe grafiche AS\/400 direttamente tramite video AS\/400.\" \/>\n<meta property=\"og:description\" content=\"E&#039; possibile verificare l&#039;esito degli invii, tramite e-mail o fax, delle stampe create con Validoc direttamente dal video del sistema AS\/400 ( iSeries - System i ).\" \/>\n<meta property=\"og:url\" content=\"https:\/\/www.recordinformatica.it\/it\/esiti-invii-mail-fax-as400.htm\" \/>\n<meta property=\"og:site_name\" content=\"Record Informatica\" \/>\n<meta property=\"article:modified_time\" content=\"2020-12-17T08:17:00+00:00\" \/>\n<meta property=\"og:image\" content=\"https:\/\/www.recordinformatica.it\/wp-content\/uploads\/2020\/08\/esitiInvii1.png\" \/>\n<meta name=\"twitter:card\" content=\"summary_large_image\" \/>\n<meta name=\"twitter:label1\" content=\"Tempo di lettura stimato\" \/>\n\t<meta name=\"twitter:data1\" content=\"1 minuto\" \/>\n<script type=\"application\/ld+json\" class=\"yoast-schema-graph\">{\"@context\":\"https:\\\/\\\/schema.org\",\"@graph\":[{\"@type\":\"WebPage\",\"@id\":\"https:\\\/\\\/www.recordinformatica.it\\\/it\\\/esiti-invii-mail-fax-as400.htm\",\"url\":\"https:\\\/\\\/www.recordinformatica.it\\\/it\\\/esiti-invii-mail-fax-as400.htm\",\"name\":\"Verifica dell'esito dell'invio delle stampe grafiche AS\\\/400 direttamente tramite video AS\\\/400.\",\"isPartOf\":{\"@id\":\"https:\\\/\\\/www.recordinformatica.it\\\/it\\\/#website\"},\"primaryImageOfPage\":{\"@id\":\"https:\\\/\\\/www.recordinformatica.it\\\/it\\\/esiti-invii-mail-fax-as400.htm#primaryimage\"},\"image\":{\"@id\":\"https:\\\/\\\/www.recordinformatica.it\\\/it\\\/esiti-invii-mail-fax-as400.htm#primaryimage\"},\"thumbnailUrl\":\"https:\\\/\\\/www.recordinformatica.it\\\/wp-content\\\/uploads\\\/2020\\\/08\\\/esitiInvii1.png\",\"datePublished\":\"2020-08-27T07:59:41+00:00\",\"dateModified\":\"2020-12-17T08:17:00+00:00\",\"description\":\"E' possibile verificare l'esito degli invii, tramite e-mail o fax, delle stampe create con Validoc direttamente dal video del sistema AS\\\/400 ( iSeries - System i ).\",\"breadcrumb\":{\"@id\":\"https:\\\/\\\/www.recordinformatica.it\\\/it\\\/esiti-invii-mail-fax-as400.htm#breadcrumb\"},\"inLanguage\":\"it-IT\",\"potentialAction\":[{\"@type\":\"ReadAction\",\"target\":[\"https:\\\/\\\/www.recordinformatica.it\\\/it\\\/esiti-invii-mail-fax-as400.htm\"]}]},{\"@type\":\"ImageObject\",\"inLanguage\":\"it-IT\",\"@id\":\"https:\\\/\\\/www.recordinformatica.it\\\/it\\\/esiti-invii-mail-fax-as400.htm#primaryimage\",\"url\":\"https:\\\/\\\/www.recordinformatica.it\\\/wp-content\\\/uploads\\\/2020\\\/08\\\/esitiInvii1.png\",\"contentUrl\":\"https:\\\/\\\/www.recordinformatica.it\\\/wp-content\\\/uploads\\\/2020\\\/08\\\/esitiInvii1.png\"},{\"@type\":\"BreadcrumbList\",\"@id\":\"https:\\\/\\\/www.recordinformatica.it\\\/it\\\/esiti-invii-mail-fax-as400.htm#breadcrumb\",\"itemListElement\":[{\"@type\":\"ListItem\",\"position\":1,\"name\":\"Home\",\"item\":\"https:\\\/\\\/www.recordinformatica.it\\\/it\\\/\"},{\"@type\":\"ListItem\",\"position\":2,\"name\":\"Esiti invii e-mail\\\/fax su AS\\\/400 ( iSeries \u2013 System i \u2013 IBM i )\"}]},{\"@type\":\"WebSite\",\"@id\":\"https:\\\/\\\/www.recordinformatica.it\\\/it\\\/#website\",\"url\":\"https:\\\/\\\/www.recordinformatica.it\\\/it\\\/\",\"name\":\"Record Informatica\",\"description\":\"\",\"publisher\":{\"@id\":\"https:\\\/\\\/www.recordinformatica.it\\\/it\\\/#organization\"},\"potentialAction\":[{\"@type\":\"SearchAction\",\"target\":{\"@type\":\"EntryPoint\",\"urlTemplate\":\"https:\\\/\\\/www.recordinformatica.it\\\/it\\\/?s={search_term_string}\"},\"query-input\":{\"@type\":\"PropertyValueSpecification\",\"valueRequired\":true,\"valueName\":\"search_term_string\"}}],\"inLanguage\":\"it-IT\"},{\"@type\":\"Organization\",\"@id\":\"https:\\\/\\\/www.recordinformatica.it\\\/it\\\/#organization\",\"name\":\"Record Informatica\",\"url\":\"https:\\\/\\\/www.recordinformatica.it\\\/it\\\/\",\"logo\":{\"@type\":\"ImageObject\",\"inLanguage\":\"it-IT\",\"@id\":\"https:\\\/\\\/www.recordinformatica.it\\\/it\\\/#\\\/schema\\\/logo\\\/image\\\/\",\"url\":\"https:\\\/\\\/www.recordinformatica.it\\\/wp-content\\\/uploads\\\/2023\\\/03\\\/logo_recordgrande_white_border_top_bottom-3.jpg\",\"contentUrl\":\"https:\\\/\\\/www.recordinformatica.it\\\/wp-content\\\/uploads\\\/2023\\\/03\\\/logo_recordgrande_white_border_top_bottom-3.jpg\",\"width\":568,\"height\":368,\"caption\":\"Record Informatica\"},\"image\":{\"@id\":\"https:\\\/\\\/www.recordinformatica.it\\\/it\\\/#\\\/schema\\\/logo\\\/image\\\/\"}}]}<\/script>\n<!-- \/ Yoast SEO plugin. -->","yoast_head_json":{"title":"Verifica dell'esito dell'invio delle stampe grafiche AS\/400 direttamente tramite video AS\/400.","description":"E' possibile verificare l'esito degli invii, tramite e-mail o fax, delle stampe create con Validoc direttamente dal video del sistema AS\/400 ( iSeries - System i ).","robots":{"index":"index","follow":"follow","max-snippet":"max-snippet:-1","max-image-preview":"max-image-preview:large","max-video-preview":"max-video-preview:-1"},"canonical":"https:\/\/www.recordinformatica.it\/it\/esiti-invii-mail-fax-as400.htm","og_locale":"it_IT","og_type":"article","og_title":"Verifica dell'esito dell'invio delle stampe grafiche AS\/400 direttamente tramite video AS\/400.","og_description":"E' possibile verificare l'esito degli invii, tramite e-mail o fax, delle stampe create con Validoc direttamente dal video del sistema AS\/400 ( iSeries - System i ).","og_url":"https:\/\/www.recordinformatica.it\/it\/esiti-invii-mail-fax-as400.htm","og_site_name":"Record Informatica","article_modified_time":"2020-12-17T08:17:00+00:00","og_image":[{"url":"https:\/\/www.recordinformatica.it\/wp-content\/uploads\/2020\/08\/esitiInvii1.png","type":"","width":"","height":""}],"twitter_card":"summary_large_image","twitter_misc":{"Tempo di lettura stimato":"1 minuto"},"schema":{"@context":"https:\/\/schema.org","@graph":[{"@type":"WebPage","@id":"https:\/\/www.recordinformatica.it\/it\/esiti-invii-mail-fax-as400.htm","url":"https:\/\/www.recordinformatica.it\/it\/esiti-invii-mail-fax-as400.htm","name":"Verifica dell'esito dell'invio delle stampe grafiche AS\/400 direttamente tramite video AS\/400.","isPartOf":{"@id":"https:\/\/www.recordinformatica.it\/it\/#website"},"primaryImageOfPage":{"@id":"https:\/\/www.recordinformatica.it\/it\/esiti-invii-mail-fax-as400.htm#primaryimage"},"image":{"@id":"https:\/\/www.recordinformatica.it\/it\/esiti-invii-mail-fax-as400.htm#primaryimage"},"thumbnailUrl":"https:\/\/www.recordinformatica.it\/wp-content\/uploads\/2020\/08\/esitiInvii1.png","datePublished":"2020-08-27T07:59:41+00:00","dateModified":"2020-12-17T08:17:00+00:00","description":"E' possibile verificare l'esito degli invii, tramite e-mail o fax, delle stampe create con Validoc direttamente dal video del sistema AS\/400 ( iSeries - System i ).","breadcrumb":{"@id":"https:\/\/www.recordinformatica.it\/it\/esiti-invii-mail-fax-as400.htm#breadcrumb"},"inLanguage":"it-IT","potentialAction":[{"@type":"ReadAction","target":["https:\/\/www.recordinformatica.it\/it\/esiti-invii-mail-fax-as400.htm"]}]},{"@type":"ImageObject","inLanguage":"it-IT","@id":"https:\/\/www.recordinformatica.it\/it\/esiti-invii-mail-fax-as400.htm#primaryimage","url":"https:\/\/www.recordinformatica.it\/wp-content\/uploads\/2020\/08\/esitiInvii1.png","contentUrl":"https:\/\/www.recordinformatica.it\/wp-content\/uploads\/2020\/08\/esitiInvii1.png"},{"@type":"BreadcrumbList","@id":"https:\/\/www.recordinformatica.it\/it\/esiti-invii-mail-fax-as400.htm#breadcrumb","itemListElement":[{"@type":"ListItem","position":1,"name":"Home","item":"https:\/\/www.recordinformatica.it\/it\/"},{"@type":"ListItem","position":2,"name":"Esiti invii e-mail\/fax su AS\/400 ( iSeries \u2013 System i \u2013 IBM i )"}]},{"@type":"WebSite","@id":"https:\/\/www.recordinformatica.it\/it\/#website","url":"https:\/\/www.recordinformatica.it\/it\/","name":"Record Informatica","description":"","publisher":{"@id":"https:\/\/www.recordinformatica.it\/it\/#organization"},"potentialAction":[{"@type":"SearchAction","target":{"@type":"EntryPoint","urlTemplate":"https:\/\/www.recordinformatica.it\/it\/?s={search_term_string}"},"query-input":{"@type":"PropertyValueSpecification","valueRequired":true,"valueName":"search_term_string"}}],"inLanguage":"it-IT"},{"@type":"Organization","@id":"https:\/\/www.recordinformatica.it\/it\/#organization","name":"Record Informatica","url":"https:\/\/www.recordinformatica.it\/it\/","logo":{"@type":"ImageObject","inLanguage":"it-IT","@id":"https:\/\/www.recordinformatica.it\/it\/#\/schema\/logo\/image\/","url":"https:\/\/www.recordinformatica.it\/wp-content\/uploads\/2023\/03\/logo_recordgrande_white_border_top_bottom-3.jpg","contentUrl":"https:\/\/www.recordinformatica.it\/wp-content\/uploads\/2023\/03\/logo_recordgrande_white_border_top_bottom-3.jpg","width":568,"height":368,"caption":"Record Informatica"},"image":{"@id":"https:\/\/www.recordinformatica.it\/it\/#\/schema\/logo\/image\/"}}]}},"_links":{"self":[{"href":"https:\/\/www.recordinformatica.it\/it\/wp-json\/wp\/v2\/pages\/1936","targetHints":{"allow":["GET"]}}],"collection":[{"href":"https:\/\/www.recordinformatica.it\/it\/wp-json\/wp\/v2\/pages"}],"about":[{"href":"https:\/\/www.recordinformatica.it\/it\/wp-json\/wp\/v2\/types\/page"}],"author":[{"embeddable":true,"href":"https:\/\/www.recordinformatica.it\/it\/wp-json\/wp\/v2\/users\/2"}],"replies":[{"embeddable":true,"href":"https:\/\/www.recordinformatica.it\/it\/wp-json\/wp\/v2\/comments?post=1936"}],"version-history":[{"count":0,"href":"https:\/\/www.recordinformatica.it\/it\/wp-json\/wp\/v2\/pages\/1936\/revisions"}],"wp:attachment":[{"href":"https:\/\/www.recordinformatica.it\/it\/wp-json\/wp\/v2\/media?parent=1936"}],"curies":[{"name":"wp","href":"https:\/\/api.w.org\/{rel}","templated":true}]}}