{"id":1935,"date":"2020-08-27T09:59:41","date_gmt":"2020-08-27T07:59:41","guid":{"rendered":"https:\/\/www.recordinformatica.it\/e-mail-as400-pec.htm"},"modified":"2023-05-02T15:13:51","modified_gmt":"2023-05-02T13:13:51","slug":"e-mail-as400-pec","status":"publish","type":"page","link":"https:\/\/www.recordinformatica.it\/it\/e-mail-as400-pec.htm","title":{"rendered":"Vantaggi della PEC nella spedizione di documenti aziendali."},"content":{"rendered":"<p>[vc_row el_class=&#8221;fake_breadcrumbs&#8221;][vc_column][vc_column_text]<strong>Inviare e-mail con la PEC<\/strong>[\/vc_column_text][\/vc_column][\/vc_row][vc_row][vc_column][vc_column_text]<\/p>\n<div id=\"destra\">\n<p><img loading=\"lazy\" decoding=\"async\" class=\"size-full wp-image-2518 alignleft\" src=\"https:\/\/www.recordinformatica.it\/wp-content\/uploads\/2020\/08\/emailConPec.png\" alt=\"\" width=\"86\" height=\"120\" \/>La <a href=\"https:\/\/it.wikipedia.org\/wiki\/Posta_elettronica_certificata\" target=\"_blank\" rel=\"noopener\">PEC<\/a> (Posta Elettronica Certificata) \u00e8 uno strumento di sicuro interesse per le <strong>comunicazioni<\/strong> aziendali.<\/p>\n<p>Possiede le qualit\u00e0 della lettera raccomandata postale, ad un costo sostanzialmente <strong>nullo<\/strong> pur mantenendo le stesse garanzie civilistiche.<\/p>\n<\/div>\n<div id=\"testo\">\n<p>Da fine Novembre 2011, al di la delle usuali proroghe, \u00e8 stata reso obbligatorio, per tutte le aziende Italiane, possedere un recapito PEC. Questo \u00e8 stato sicuramente un elemento di stimolo alla valutazione dell\u2019utilizzo di questo strumento da parte delle aziende.<\/p>\n<p>Le aziende che spediscono documenti, tramite e-mail, ad enti esterni hanno, quindi, iniziato a considerare l\u2019opportunit\u00e0 di inviarli tramite PEC.<\/p>\n<p>Il vantaggio principale risiede nella <strong>certezza<\/strong> di consegna, in presenza di casella PEC anche per il destinatario (che possiamo dare per presente perch\u00e9 obbligatoria per legge), che questo strumento offre al contrario della e-mail semplice.<\/p>\n<p>Purtroppo, accanto ai grandi vantaggi, ci sono alcune <strong>complicazioni<\/strong> operative rispetto all\u2019email tradizionale che sconsigliano, almeno allo stato attuale, un uso di massa della PEC.<\/p>\n<p>La PEC, infatti, oltre a richiedere una specifica casella e-mail, utilizzante protocolli di comunicazione pi\u00f9 articolati rispetto alla classica casella di posta, presenta un traffico di dati pi\u00f9 complesso ed una <strong>minor fruibilit\u00e0<\/strong>, rispetto all\u2019email standard, da parte del destinatario.<\/p>\n<p>Ad ogni e-mail inviata, infatti, corrisponde almeno il ritorno di una email di <strong>ricevuta<\/strong> di presa in carico e, in presenza della casella di PEC remota, una ricevuta di avvenuta consegna.<\/p>\n<p>In fase di ricezione, poi, l\u2019<strong>imbustamento<\/strong> in forma di allegato dell\u2019e-mail di partenza (vedasi l\u2019immagine seguente) crea una certa perplessit\u00e0 nel destinatario, non abituato a questa forma di presentazione.<\/p>\n<\/div>\n<p>[\/vc_column_text][\/vc_column][\/vc_row][vc_row][vc_column][vc_column_text]<img loading=\"lazy\" decoding=\"async\" class=\"alignleft wp-image-2520 size-full\" src=\"https:\/\/www.recordinformatica.it\/wp-content\/uploads\/2020\/08\/emailConPecAllegato.png\" alt=\"Email PEC\" width=\"291\" height=\"274\" \/>Il sovraccarico nel traffico di informazioni e l\u2019ambiguit\u00e0 della presentazione all\u2019utente finale, non sono pienamente giustificati dai vantaggi che si ottengono nell\u2019ambito dell\u2019applicazione di document delivery.<\/p>\n<p>I documenti amministrativi aziendali (fatture, Ordine, etc.) sono comunque consegnati con <strong>accettabile qualit\u00e0<\/strong> anche con l\u2019e-mail ordinaria.<\/p>\n<p>Si noti anche che la PEC non aiuta a ridurre i problemi dettati dai filtri <strong>antispam<\/strong> del destinatario o dai filtri dei firewall aziendali che, normalmente, controllano anche le caselle PEC ma risolve i problemi dei filtri dei server <a href=\"https:\/\/it.wikipedia.org\/wiki\/Simple_Mail_Transfer_Protocol\" target=\"_blank\" rel=\"noopener\">SMTP<\/a> intermedi di Internet.<\/p>\n<p>Il consiglio \u00e8, quindi, quello di utilizzare la consegna tramite PEC per contenuti significativi o per destinatari problematici.<\/p>\n<p>La casistica dei contenuti significativi pu\u00f2 essere molto ampia ma, sostanzialmente, si tratta di documenti di cui si deve avere garanzia dell\u2019avvenuta consegna da un punto di vista <strong>legale<\/strong>.<\/p>\n<p>Ad esempio: un ordine di lavorazione inviato ad un terzista, se non recepito, potrebbe creare un ritardo nella consegna al cliente con impatto economico in termine di penali.<\/p>\n<p>Il destinatario problematico, invece, potrebbe essere un cliente che denuncia sistematicamente la mancata consegna della fattura per opportunismo o per problemi tecnici legati al suo server di posta.<\/p>\n<p>L\u2019ideale, quindi, sarebbe predisporre nel sistema di delivery dei documenti aziendali, l\u2019opzione ad uso degli amministrativi, per selezionare l\u2019uso dell\u2019email tradizionale o di quella certificata.<\/p>\n<p>Il software\u00a0<b>Validoc<\/b>, prodotto da Record Informatica e dedicato alla stampa grafica da sistemi <a href=\"https:\/\/www.recordinformatica.it\/it\/as400-iSeries-Systemi-OS400-i5OS.htm\" target=\"_blank\" rel=\"noopener\">AS\/400<\/a> ( iSeries &#8211; IBM i ), produzione di documenti PDF ed invio e-mail\/fax\/posta, \u00e8 predisposto per funzionare anche con caselle di posta PEC permettendo di differenziare gli invii tra server SMTP tradizionali e server PEC in modo dinamico per ogni singola situazione.[\/vc_column_text][\/vc_column][\/vc_row][vc_row][vc_column][vc_column_text]<strong>Leggi la brochure<\/strong><\/p>\n<ul>\n<li><a href=\"\/wp-content\/uploads\/2020\/08\/Vantaggi-della-PEC-nella-spedizione-di-documenti-aziendali.pdf\" target=\"_blank\" rel=\"noopener noreferrer\">Presentazione Email<\/a><\/li>\n<\/ul>\n<p>[\/vc_column_text][\/vc_column][\/vc_row]<\/p>\n","protected":false},"excerpt":{"rendered":"<p>[vc_row el_class=&#8221;fake_breadcrumbs&#8221;][vc_column][vc_column_text]Inviare e-mail con la PEC[\/vc_column_text][\/vc_column][\/vc_row][vc_row][vc_column][vc_column_text] La PEC (Posta Elettronica Certificata) \u00e8 uno strumento di sicuro interesse per le comunicazioni<\/p>\n","protected":false},"author":2,"featured_media":0,"parent":0,"menu_order":0,"comment_status":"closed","ping_status":"closed","template":"","meta":{"footnotes":""},"class_list":["post-1935","page","type-page","status-publish","hentry"],"yoast_head":"<!-- This site is optimized with the Yoast SEO plugin v27.4 - https:\/\/yoast.com\/product\/yoast-seo-wordpress\/ -->\n<title>Vantaggi della PEC nella spedizione di documenti aziendali.<\/title>\n<meta name=\"description\" content=\"I vantaggi della mail PEC (Posta Elettronica Certificata) nella spedizione di documenti aziendali con AS\/400 ( iSeries - IBM i ).\" \/>\n<meta name=\"robots\" content=\"index, follow, max-snippet:-1, max-image-preview:large, max-video-preview:-1\" \/>\n<link rel=\"canonical\" href=\"https:\/\/www.recordinformatica.it\/it\/e-mail-as400-pec.htm\" \/>\n<meta property=\"og:locale\" content=\"it_IT\" \/>\n<meta property=\"og:type\" content=\"article\" \/>\n<meta property=\"og:title\" content=\"Vantaggi della PEC nella spedizione di documenti aziendali.\" \/>\n<meta property=\"og:description\" content=\"I vantaggi della mail PEC (Posta Elettronica Certificata) nella spedizione di documenti aziendali con AS\/400 ( iSeries - IBM i ).\" \/>\n<meta property=\"og:url\" content=\"https:\/\/www.recordinformatica.it\/it\/e-mail-as400-pec.htm\" \/>\n<meta property=\"og:site_name\" content=\"Record Informatica\" \/>\n<meta property=\"article:modified_time\" content=\"2023-05-02T13:13:51+00:00\" \/>\n<meta property=\"og:image\" content=\"https:\/\/www.recordinformatica.it\/wp-content\/uploads\/2020\/08\/emailConPec.png\" \/>\n<meta name=\"twitter:card\" content=\"summary_large_image\" \/>\n<meta name=\"twitter:label1\" content=\"Tempo di lettura stimato\" \/>\n\t<meta name=\"twitter:data1\" content=\"4 minuti\" \/>\n<script type=\"application\/ld+json\" class=\"yoast-schema-graph\">{\"@context\":\"https:\\\/\\\/schema.org\",\"@graph\":[{\"@type\":\"WebPage\",\"@id\":\"https:\\\/\\\/www.recordinformatica.it\\\/it\\\/e-mail-as400-pec.htm\",\"url\":\"https:\\\/\\\/www.recordinformatica.it\\\/it\\\/e-mail-as400-pec.htm\",\"name\":\"Vantaggi della PEC nella spedizione di documenti aziendali.\",\"isPartOf\":{\"@id\":\"https:\\\/\\\/www.recordinformatica.it\\\/it\\\/#website\"},\"primaryImageOfPage\":{\"@id\":\"https:\\\/\\\/www.recordinformatica.it\\\/it\\\/e-mail-as400-pec.htm#primaryimage\"},\"image\":{\"@id\":\"https:\\\/\\\/www.recordinformatica.it\\\/it\\\/e-mail-as400-pec.htm#primaryimage\"},\"thumbnailUrl\":\"https:\\\/\\\/www.recordinformatica.it\\\/wp-content\\\/uploads\\\/2020\\\/08\\\/emailConPec.png\",\"datePublished\":\"2020-08-27T07:59:41+00:00\",\"dateModified\":\"2023-05-02T13:13:51+00:00\",\"description\":\"I vantaggi della mail PEC (Posta Elettronica Certificata) nella spedizione di documenti aziendali con AS\\\/400 ( iSeries - IBM i ).\",\"breadcrumb\":{\"@id\":\"https:\\\/\\\/www.recordinformatica.it\\\/it\\\/e-mail-as400-pec.htm#breadcrumb\"},\"inLanguage\":\"it-IT\",\"potentialAction\":[{\"@type\":\"ReadAction\",\"target\":[\"https:\\\/\\\/www.recordinformatica.it\\\/it\\\/e-mail-as400-pec.htm\"]}]},{\"@type\":\"ImageObject\",\"inLanguage\":\"it-IT\",\"@id\":\"https:\\\/\\\/www.recordinformatica.it\\\/it\\\/e-mail-as400-pec.htm#primaryimage\",\"url\":\"https:\\\/\\\/www.recordinformatica.it\\\/wp-content\\\/uploads\\\/2020\\\/08\\\/emailConPec.png\",\"contentUrl\":\"https:\\\/\\\/www.recordinformatica.it\\\/wp-content\\\/uploads\\\/2020\\\/08\\\/emailConPec.png\"},{\"@type\":\"BreadcrumbList\",\"@id\":\"https:\\\/\\\/www.recordinformatica.it\\\/it\\\/e-mail-as400-pec.htm#breadcrumb\",\"itemListElement\":[{\"@type\":\"ListItem\",\"position\":1,\"name\":\"Home\",\"item\":\"https:\\\/\\\/www.recordinformatica.it\\\/it\\\/\"},{\"@type\":\"ListItem\",\"position\":2,\"name\":\"Vantaggi della PEC nella spedizione di documenti aziendali.\"}]},{\"@type\":\"WebSite\",\"@id\":\"https:\\\/\\\/www.recordinformatica.it\\\/it\\\/#website\",\"url\":\"https:\\\/\\\/www.recordinformatica.it\\\/it\\\/\",\"name\":\"Record Informatica\",\"description\":\"\",\"publisher\":{\"@id\":\"https:\\\/\\\/www.recordinformatica.it\\\/it\\\/#organization\"},\"potentialAction\":[{\"@type\":\"SearchAction\",\"target\":{\"@type\":\"EntryPoint\",\"urlTemplate\":\"https:\\\/\\\/www.recordinformatica.it\\\/it\\\/?s={search_term_string}\"},\"query-input\":{\"@type\":\"PropertyValueSpecification\",\"valueRequired\":true,\"valueName\":\"search_term_string\"}}],\"inLanguage\":\"it-IT\"},{\"@type\":\"Organization\",\"@id\":\"https:\\\/\\\/www.recordinformatica.it\\\/it\\\/#organization\",\"name\":\"Record Informatica\",\"url\":\"https:\\\/\\\/www.recordinformatica.it\\\/it\\\/\",\"logo\":{\"@type\":\"ImageObject\",\"inLanguage\":\"it-IT\",\"@id\":\"https:\\\/\\\/www.recordinformatica.it\\\/it\\\/#\\\/schema\\\/logo\\\/image\\\/\",\"url\":\"https:\\\/\\\/www.recordinformatica.it\\\/wp-content\\\/uploads\\\/2023\\\/03\\\/logo_recordgrande_white_border_top_bottom-3.jpg\",\"contentUrl\":\"https:\\\/\\\/www.recordinformatica.it\\\/wp-content\\\/uploads\\\/2023\\\/03\\\/logo_recordgrande_white_border_top_bottom-3.jpg\",\"width\":568,\"height\":368,\"caption\":\"Record Informatica\"},\"image\":{\"@id\":\"https:\\\/\\\/www.recordinformatica.it\\\/it\\\/#\\\/schema\\\/logo\\\/image\\\/\"}}]}<\/script>\n<!-- \/ Yoast SEO plugin. -->","yoast_head_json":{"title":"Vantaggi della PEC nella spedizione di documenti aziendali.","description":"I vantaggi della mail PEC (Posta Elettronica Certificata) nella spedizione di documenti aziendali con AS\/400 ( iSeries - IBM i ).","robots":{"index":"index","follow":"follow","max-snippet":"max-snippet:-1","max-image-preview":"max-image-preview:large","max-video-preview":"max-video-preview:-1"},"canonical":"https:\/\/www.recordinformatica.it\/it\/e-mail-as400-pec.htm","og_locale":"it_IT","og_type":"article","og_title":"Vantaggi della PEC nella spedizione di documenti aziendali.","og_description":"I vantaggi della mail PEC (Posta Elettronica Certificata) nella spedizione di documenti aziendali con AS\/400 ( iSeries - IBM i ).","og_url":"https:\/\/www.recordinformatica.it\/it\/e-mail-as400-pec.htm","og_site_name":"Record Informatica","article_modified_time":"2023-05-02T13:13:51+00:00","og_image":[{"url":"https:\/\/www.recordinformatica.it\/wp-content\/uploads\/2020\/08\/emailConPec.png","type":"","width":"","height":""}],"twitter_card":"summary_large_image","twitter_misc":{"Tempo di lettura stimato":"4 minuti"},"schema":{"@context":"https:\/\/schema.org","@graph":[{"@type":"WebPage","@id":"https:\/\/www.recordinformatica.it\/it\/e-mail-as400-pec.htm","url":"https:\/\/www.recordinformatica.it\/it\/e-mail-as400-pec.htm","name":"Vantaggi della PEC nella spedizione di documenti aziendali.","isPartOf":{"@id":"https:\/\/www.recordinformatica.it\/it\/#website"},"primaryImageOfPage":{"@id":"https:\/\/www.recordinformatica.it\/it\/e-mail-as400-pec.htm#primaryimage"},"image":{"@id":"https:\/\/www.recordinformatica.it\/it\/e-mail-as400-pec.htm#primaryimage"},"thumbnailUrl":"https:\/\/www.recordinformatica.it\/wp-content\/uploads\/2020\/08\/emailConPec.png","datePublished":"2020-08-27T07:59:41+00:00","dateModified":"2023-05-02T13:13:51+00:00","description":"I vantaggi della mail PEC (Posta Elettronica Certificata) nella spedizione di documenti aziendali con AS\/400 ( iSeries - IBM i ).","breadcrumb":{"@id":"https:\/\/www.recordinformatica.it\/it\/e-mail-as400-pec.htm#breadcrumb"},"inLanguage":"it-IT","potentialAction":[{"@type":"ReadAction","target":["https:\/\/www.recordinformatica.it\/it\/e-mail-as400-pec.htm"]}]},{"@type":"ImageObject","inLanguage":"it-IT","@id":"https:\/\/www.recordinformatica.it\/it\/e-mail-as400-pec.htm#primaryimage","url":"https:\/\/www.recordinformatica.it\/wp-content\/uploads\/2020\/08\/emailConPec.png","contentUrl":"https:\/\/www.recordinformatica.it\/wp-content\/uploads\/2020\/08\/emailConPec.png"},{"@type":"BreadcrumbList","@id":"https:\/\/www.recordinformatica.it\/it\/e-mail-as400-pec.htm#breadcrumb","itemListElement":[{"@type":"ListItem","position":1,"name":"Home","item":"https:\/\/www.recordinformatica.it\/it\/"},{"@type":"ListItem","position":2,"name":"Vantaggi della PEC nella spedizione di documenti aziendali."}]},{"@type":"WebSite","@id":"https:\/\/www.recordinformatica.it\/it\/#website","url":"https:\/\/www.recordinformatica.it\/it\/","name":"Record Informatica","description":"","publisher":{"@id":"https:\/\/www.recordinformatica.it\/it\/#organization"},"potentialAction":[{"@type":"SearchAction","target":{"@type":"EntryPoint","urlTemplate":"https:\/\/www.recordinformatica.it\/it\/?s={search_term_string}"},"query-input":{"@type":"PropertyValueSpecification","valueRequired":true,"valueName":"search_term_string"}}],"inLanguage":"it-IT"},{"@type":"Organization","@id":"https:\/\/www.recordinformatica.it\/it\/#organization","name":"Record Informatica","url":"https:\/\/www.recordinformatica.it\/it\/","logo":{"@type":"ImageObject","inLanguage":"it-IT","@id":"https:\/\/www.recordinformatica.it\/it\/#\/schema\/logo\/image\/","url":"https:\/\/www.recordinformatica.it\/wp-content\/uploads\/2023\/03\/logo_recordgrande_white_border_top_bottom-3.jpg","contentUrl":"https:\/\/www.recordinformatica.it\/wp-content\/uploads\/2023\/03\/logo_recordgrande_white_border_top_bottom-3.jpg","width":568,"height":368,"caption":"Record Informatica"},"image":{"@id":"https:\/\/www.recordinformatica.it\/it\/#\/schema\/logo\/image\/"}}]}},"_links":{"self":[{"href":"https:\/\/www.recordinformatica.it\/it\/wp-json\/wp\/v2\/pages\/1935","targetHints":{"allow":["GET"]}}],"collection":[{"href":"https:\/\/www.recordinformatica.it\/it\/wp-json\/wp\/v2\/pages"}],"about":[{"href":"https:\/\/www.recordinformatica.it\/it\/wp-json\/wp\/v2\/types\/page"}],"author":[{"embeddable":true,"href":"https:\/\/www.recordinformatica.it\/it\/wp-json\/wp\/v2\/users\/2"}],"replies":[{"embeddable":true,"href":"https:\/\/www.recordinformatica.it\/it\/wp-json\/wp\/v2\/comments?post=1935"}],"version-history":[{"count":0,"href":"https:\/\/www.recordinformatica.it\/it\/wp-json\/wp\/v2\/pages\/1935\/revisions"}],"wp:attachment":[{"href":"https:\/\/www.recordinformatica.it\/it\/wp-json\/wp\/v2\/media?parent=1935"}],"curies":[{"name":"wp","href":"https:\/\/api.w.org\/{rel}","templated":true}]}}