{"id":1918,"date":"2020-08-27T09:58:58","date_gmt":"2020-08-27T07:58:58","guid":{"rendered":"https:\/\/www.recordinformatica.it\/as400-iseries-systemi-os400-i5os_sistemaoperativo.htm"},"modified":"2025-07-04T18:24:21","modified_gmt":"2025-07-04T16:24:21","slug":"as400-iseries-systemi-os400-i5os_sistemaoperativo","status":"publish","type":"page","link":"https:\/\/www.recordinformatica.it\/it\/as400-iseries-systemi-os400-i5os_sistemaoperativo.htm","title":{"rendered":"Sistema Operativo AS\/400"},"content":{"rendered":"<p>[vc_row el_class=&#8221;fake_breadcrumbs&#8221;][vc_column width=&#8221;1\/4&#8243;]<div class=\"widget-rotation\"><a href=\"https:\/\/www.recordinformatica.it\/it\/stampa-qualita-iseries-as400-pc-windows.htm\" class=\"widget-item-link\" target=\"_blank\" rel=\"noopener\"><div class=\"widget-item\"><div class=\"widget-image\"><img decoding=\"async\" src=\"https:\/\/www.recordinformatica.it\/wp-content\/uploads\/2025\/07\/modulo-grafico.jpg\" alt=\"Stampa grafica\" \/><\/div><div class=\"widget-text\"><p>Realizza le tue <strong>stampe grafiche<\/strong> <a href=\"https:\/\/www.recordinformatica.it\/it\/as400-iSeries-Systemi-OS400-i5OS.htm\" target=\"_blank\" rel=\"noopener\">AS\/400<\/a> ( iSeries \u2013 IBM i ) con loghi, linee, riquadri, fonts e barcode usando il modulo di Validoc <a href=\"https:\/\/www.recordinformatica.it\/it\/stampa-qualita-iseries-as400-pc-windows.htm\" target=\"_blank\" rel=\"noopener\">Printing<\/a>.<\/p>\n<\/div><\/div><\/a><a href=\"https:\/\/www.recordinformatica.it\/it\/immagini-dinamiche-as400.htm\" class=\"widget-item-link\" target=\"_blank\" rel=\"noopener\"><div class=\"widget-item\"><div class=\"widget-image\"><img decoding=\"async\" src=\"https:\/\/www.recordinformatica.it\/wp-content\/uploads\/2020\/08\/ImmaginiDinamiche.png\" alt=\"Immagini Dinamiche\" \/><\/div><div class=\"widget-text\"><p>Inserisci nelle tue stampe <a href=\"https:\/\/www.recordinformatica.it\/it\/as400-iSeries-Systemi-OS400-i5OS.htm\" target=\"_blank\" rel=\"noopener\">AS\/400<\/a> ( iSeries \u2013 IBM i ) <strong>immagini dinamiche,<\/strong> prese da una collezione di immagini aziendali, usando il modulo di Validoc <a href=\"https:\/\/www.recordinformatica.it\/it\/immagini-dinamiche-as400.htm\" target=\"_blank\" rel=\"noopener\">Image<\/a>.<\/p>\n<\/div><\/div><\/a><\/div>[\/vc_column][vc_column width=&#8221;2\/3&#8243;][vc_column_text]<strong>Consulenza &gt;<\/strong> <a href=\"https:\/\/www.recordinformatica.it\/it\/as400-iSeries-Systemi-OS400-i5OS.htm\"><strong>AS\/400<\/strong><\/a> &gt; Sistema Operativo AS\/400[\/vc_column_text][vc_column_text]<\/p>\n<div id=\"attachment_4415\" style=\"width: 236px\" class=\"wp-caption alignleft\"><img loading=\"lazy\" decoding=\"async\" aria-describedby=\"caption-attachment-4415\" class=\"wp-image-4415 size-full\" src=\"https:\/\/www.recordinformatica.it\/wp-content\/uploads\/2023\/02\/AS400-Family-3.jpg\" alt=\"AS\/400 Family\" width=\"226\" height=\"223\" \/><p id=\"caption-attachment-4415\" class=\"wp-caption-text\">AS\/400 Family<\/p><\/div>\n<p>Il sistema operativo dell&#8217;AS\/400 \u00e8 l\u2019OS\/400 rinominato, in seguito, i5\/OS.<\/p>\n<p>Il sistema operativo dell\u2019AS\/400 (iSeries &#8211; IBM i) \u00e8 &#8220;proprietario&#8221;, cio\u00e8 prodotto ed implementato unicamente da IBM.<\/p>\n<p>Sviluppato e gestito da IBM stessa forma un tutt\u2019uno con il database <a href=\"https:\/\/it.wikipedia.org\/wiki\/IBM_DB2\" target=\"_blank\" rel=\"noopener\">DB2\/400<\/a> integrato nel sistema.<\/p>\n<p>A grandi linee, il sistema operativo dell\u2019AS\/400 e formato da due parti: la parte \u201cmachine interface\u201d (MI) ed il codice per la gestione dei comandi.<\/p>\n<p>L\u2019MI \u00e8 uno strato di software predisposto al colloquio con l\u2019hardware della macchina.<\/p>\n<p>I comandi per ottenere le funzioni di controllo della macchina (comandi di spool, di lavoro, di gestione telecomunicazioni, etc.) si interfacciano con l\u2019MI e non direttamente con l\u2019hardware.<\/p>\n<p>Questo permette di separare la tipologia dell\u2019hardware dal sistema operativo vero e proprio.<\/p>\n<p>Per quanto privo di senso, costruendo un opportuno MI per un hardware PC, si potrebbe far girare il sistema operativo dell\u2019AS\/400 su un personal computer.<\/p>\n<p>L\u2019accesso all\u2019MI \u00e8 quasi del tutto precluso ai programmatori. Questo rende la struttura molto robusta perch\u00e9 impedisce di \u201cpasticciare\u201d dove ci sono le funzioni \u201ccore\u201d del sistema.<\/p>\n<p>La struttura chiusa e proprietaria del sistema permette all\u2019AS\/400 di essere estremamente immune ai virus ed agli attacchi di hacker.<\/p>\n<p>Anche gli aggiornamenti del sistema operativo sono privi di rischi stante la struttura chiusa che impedisce i conflitti tra i software di diversi fornitori.<\/p>\n<p>Dal punto di vista operativo, le funzioni di gestione del sistema sono effettuate tramite linea comandi in modalit\u00e0 simile alla \u201cpower shell\u201d di windows (anche se sarebbe pi\u00f9 corretto dire, per ragioni di cronologia, che la power shell di windows \u00e8 simile alla riga comandi di AS\/400).<\/p>\n<p>L\u2019input dei comandi \u00e8 assistito, cio\u00e8 \u00e8 sempre possibile utilizzare un prompt che scompone il comando nei sui parametri controllandone la sintassi e fornendo sia un help generale del comando sia un help per singoli parametri con l\u2019enumerazione delle opzioni previste per ogni campo.<\/p>\n<p>I comandi sono sempre strutturati secondo una sequenza tipo \u201cverbo\u201d + \u201coggetto\u201d con nomi contratti.<\/p>\n<p>Ad esempio, per ottenere la visualizzazione delle stampe (spool) dell\u2019utente, si deve digitare il comando: WRKSPLF nomeutente (WRK + SPLF = Work + Spooling File).[\/vc_column_text][vc_single_image image=&#8221;2401&#8243; img_size=&#8221;full&#8221; alignment=&#8221;center&#8221;][vc_column_text]Nell\u2019esempio soprastante, viene chiesto di gestire (work) le stampe dell\u2019utente \u201cmariorossi\u201d.<\/p>\n<p>Permendo F4, anzich\u00e8 invio, viene mostrato il prompt del comando (vedi sotto).[\/vc_column_text][vc_single_image image=&#8221;2403&#8243; img_size=&#8221;full&#8221; alignment=&#8221;center&#8221;][vc_column_text]Dove si pu\u00f2 modificare i parametri del comando per visualizzare, ad esempio, le stampe solo di una certa stampante.<\/p>\n<p>Dopo aver dato invio, ecco il risultato finale:[\/vc_column_text][vc_single_image image=&#8221;2405&#8243; img_size=&#8221;full&#8221; alignment=&#8221;center&#8221;][vc_column_text]Ogni riga rappresenta una stampa, che pu\u00f2 essere visualizzata, cancellata, etc.<\/p>\n<p>Questo esempio mostra la modalit\u00e0 operativa tipica per ottenere funzioni di ogni genere su AS\/400.<\/p>\n<p>Altri comandi d\u2019esempio:<\/p>\n<p>WRKACTJOB = WORK with ACTIVE JOB (gestire i lavori attivi sul sistema)<br \/>\nWRKUSRPRF = WORK with USER PROFILE (gestire i profili utente)<br \/>\nDLTF = DELETE FILE (cancellare una tabella dati)<br \/>\nCRTOUTQ = CREATE OUT QUEUE (creazione coda di stampa)<br \/>\nWRKLIB = WORK LIBRARY (gestire i contenuti di una libreria)<\/p>\n<p>Questo elenco \u00e8 un minuscolo estratto dell\u2019elenco generale dei comandi dell\u2019AS\/400 che si compone di migliaia di comandi per ogni tipologia operativa.<\/p>\n<p>Se all\u2019approccio essenziale dell\u2019interfaccia a linea comando, si preferisse l\u2019uso di un\u2019 interfaccia grafica, \u00e8 possibile utilizzare il programma \u201cOperations Navigator\u201d offerto dal \u201cSystem i Access\u201d.[\/vc_column_text][vc_single_image image=&#8221;2407&#8243; img_size=&#8221;full&#8221; alignment=&#8221;center&#8221;][vc_column_text]Nel riquadro di sinistra sono elencate le funzioni di sistema.<\/p>\n<p>Essendo selezionata la funzione \u201cEmissione di stampa\u201d, nel riquadro di destra sono elencate le stesse stampe mostrate nell\u2019immagine precedente in formato grafico.<\/p>\n<p>Un primo modo per proseguire nell\u2019approfondimento del sistema operativo dell\u2019AS\/400 \u00e8 consultare il manuale delle operazioni di base del sistema, reperibile al seguente link per la versione 7.5 del sistema operativo, l\u2019ultima sul mercato alla data della stesura di questo testo: <a href=\"https:\/\/www.ibm.com\/docs\/en\/ssw_ibm_i_75\/pdf\/rzal2pdf.pdf\" target=\"_blank\" rel=\"noopener noreferrer\">https:\/\/www.ibm.com\/docs\/en\/ssw_ibm_i_75\/pdf\/rzal2pdf.pdf<\/a><\/p>\n<p>Pi\u00f9 in generale, \u00e8 possibile consultare l\u2019Information Center per \u201cIBM i\u201d (AS\/400) al seguente link:\u00a0<a href=\"https:\/\/www.ibm.com\/docs\/en\/i\/7.5\" target=\"_blank\" rel=\"noopener noreferrer\">https:\/\/www.ibm.com\/docs\/en\/i\/7.5<\/a><\/p>\n<p>L\u2019Information Center consente di consultare la vastissima documentazione online per i sistemi AS\/400 offerta da IBM permettendo di effettuare anche ricerche mirate su singoli argomenti.[\/vc_column_text][\/vc_column][\/vc_row]<\/p>\n","protected":false},"excerpt":{"rendered":"<p>[vc_row el_class=&#8221;fake_breadcrumbs&#8221;][vc_column width=&#8221;1\/4&#8243;][\/vc_column][vc_column width=&#8221;2\/3&#8243;][vc_column_text]Consulenza &gt; AS\/400 &gt; Sistema Operativo AS\/400[\/vc_column_text][vc_column_text] Il sistema operativo dell&#8217;AS\/400 \u00e8 l\u2019OS\/400 rinominato, in seguito, i5\/OS.<\/p>\n","protected":false},"author":2,"featured_media":0,"parent":0,"menu_order":0,"comment_status":"closed","ping_status":"closed","template":"","meta":{"footnotes":""},"class_list":["post-1918","page","type-page","status-publish","hentry"],"yoast_head":"<!-- This site is optimized with the Yoast SEO plugin v27.5 - https:\/\/yoast.com\/product\/yoast-seo-wordpress\/ -->\n<title>Sistema Operativo AS\/400<\/title>\n<meta name=\"description\" content=\"Breve panoramica del sistema operativo e dei comandi del calcolatore AS\/400 ( iSeries - IBM i ) della IBM.\" \/>\n<meta name=\"robots\" content=\"index, follow, max-snippet:-1, max-image-preview:large, max-video-preview:-1\" \/>\n<link rel=\"canonical\" href=\"https:\/\/www.recordinformatica.it\/it\/as400-iseries-systemi-os400-i5os_sistemaoperativo.htm\" \/>\n<meta property=\"og:locale\" content=\"it_IT\" \/>\n<meta property=\"og:type\" content=\"article\" \/>\n<meta property=\"og:title\" content=\"Sistema Operativo AS\/400\" \/>\n<meta property=\"og:description\" content=\"Breve panoramica del sistema operativo e dei comandi del calcolatore AS\/400 ( iSeries - IBM i ) della IBM.\" \/>\n<meta property=\"og:url\" content=\"https:\/\/www.recordinformatica.it\/it\/as400-iseries-systemi-os400-i5os_sistemaoperativo.htm\" \/>\n<meta property=\"og:site_name\" content=\"Record Informatica\" \/>\n<meta property=\"article:modified_time\" content=\"2025-07-04T16:24:21+00:00\" \/>\n<meta property=\"og:image\" content=\"https:\/\/www.recordinformatica.it\/wp-content\/uploads\/2023\/02\/AS400-Family-3.jpg\" \/>\n<meta name=\"twitter:card\" content=\"summary_large_image\" \/>\n<meta name=\"twitter:label1\" content=\"Tempo di lettura stimato\" \/>\n\t<meta name=\"twitter:data1\" content=\"4 minuti\" \/>\n<script type=\"application\/ld+json\" class=\"yoast-schema-graph\">{\"@context\":\"https:\\\/\\\/schema.org\",\"@graph\":[{\"@type\":\"WebPage\",\"@id\":\"https:\\\/\\\/www.recordinformatica.it\\\/it\\\/as400-iseries-systemi-os400-i5os_sistemaoperativo.htm\",\"url\":\"https:\\\/\\\/www.recordinformatica.it\\\/it\\\/as400-iseries-systemi-os400-i5os_sistemaoperativo.htm\",\"name\":\"Sistema Operativo AS\\\/400\",\"isPartOf\":{\"@id\":\"https:\\\/\\\/www.recordinformatica.it\\\/it\\\/#website\"},\"primaryImageOfPage\":{\"@id\":\"https:\\\/\\\/www.recordinformatica.it\\\/it\\\/as400-iseries-systemi-os400-i5os_sistemaoperativo.htm#primaryimage\"},\"image\":{\"@id\":\"https:\\\/\\\/www.recordinformatica.it\\\/it\\\/as400-iseries-systemi-os400-i5os_sistemaoperativo.htm#primaryimage\"},\"thumbnailUrl\":\"https:\\\/\\\/www.recordinformatica.it\\\/wp-content\\\/uploads\\\/2023\\\/02\\\/AS400-Family-3.jpg\",\"datePublished\":\"2020-08-27T07:58:58+00:00\",\"dateModified\":\"2025-07-04T16:24:21+00:00\",\"description\":\"Breve panoramica del sistema operativo e dei comandi del calcolatore AS\\\/400 ( iSeries - IBM i ) della IBM.\",\"breadcrumb\":{\"@id\":\"https:\\\/\\\/www.recordinformatica.it\\\/it\\\/as400-iseries-systemi-os400-i5os_sistemaoperativo.htm#breadcrumb\"},\"inLanguage\":\"it-IT\",\"potentialAction\":[{\"@type\":\"ReadAction\",\"target\":[\"https:\\\/\\\/www.recordinformatica.it\\\/it\\\/as400-iseries-systemi-os400-i5os_sistemaoperativo.htm\"]}]},{\"@type\":\"ImageObject\",\"inLanguage\":\"it-IT\",\"@id\":\"https:\\\/\\\/www.recordinformatica.it\\\/it\\\/as400-iseries-systemi-os400-i5os_sistemaoperativo.htm#primaryimage\",\"url\":\"https:\\\/\\\/www.recordinformatica.it\\\/wp-content\\\/uploads\\\/2023\\\/02\\\/AS400-Family-3.jpg\",\"contentUrl\":\"https:\\\/\\\/www.recordinformatica.it\\\/wp-content\\\/uploads\\\/2023\\\/02\\\/AS400-Family-3.jpg\"},{\"@type\":\"BreadcrumbList\",\"@id\":\"https:\\\/\\\/www.recordinformatica.it\\\/it\\\/as400-iseries-systemi-os400-i5os_sistemaoperativo.htm#breadcrumb\",\"itemListElement\":[{\"@type\":\"ListItem\",\"position\":1,\"name\":\"Home\",\"item\":\"https:\\\/\\\/www.recordinformatica.it\\\/it\\\/\"},{\"@type\":\"ListItem\",\"position\":2,\"name\":\"Sistema Operativo AS\\\/400\"}]},{\"@type\":\"WebSite\",\"@id\":\"https:\\\/\\\/www.recordinformatica.it\\\/it\\\/#website\",\"url\":\"https:\\\/\\\/www.recordinformatica.it\\\/it\\\/\",\"name\":\"Record Informatica\",\"description\":\"\",\"publisher\":{\"@id\":\"https:\\\/\\\/www.recordinformatica.it\\\/it\\\/#organization\"},\"potentialAction\":[{\"@type\":\"SearchAction\",\"target\":{\"@type\":\"EntryPoint\",\"urlTemplate\":\"https:\\\/\\\/www.recordinformatica.it\\\/it\\\/?s={search_term_string}\"},\"query-input\":{\"@type\":\"PropertyValueSpecification\",\"valueRequired\":true,\"valueName\":\"search_term_string\"}}],\"inLanguage\":\"it-IT\"},{\"@type\":\"Organization\",\"@id\":\"https:\\\/\\\/www.recordinformatica.it\\\/it\\\/#organization\",\"name\":\"Record Informatica\",\"url\":\"https:\\\/\\\/www.recordinformatica.it\\\/it\\\/\",\"logo\":{\"@type\":\"ImageObject\",\"inLanguage\":\"it-IT\",\"@id\":\"https:\\\/\\\/www.recordinformatica.it\\\/it\\\/#\\\/schema\\\/logo\\\/image\\\/\",\"url\":\"https:\\\/\\\/www.recordinformatica.it\\\/wp-content\\\/uploads\\\/2023\\\/03\\\/logo_recordgrande_white_border_top_bottom-3.jpg\",\"contentUrl\":\"https:\\\/\\\/www.recordinformatica.it\\\/wp-content\\\/uploads\\\/2023\\\/03\\\/logo_recordgrande_white_border_top_bottom-3.jpg\",\"width\":568,\"height\":368,\"caption\":\"Record Informatica\"},\"image\":{\"@id\":\"https:\\\/\\\/www.recordinformatica.it\\\/it\\\/#\\\/schema\\\/logo\\\/image\\\/\"}}]}<\/script>\n<!-- \/ Yoast SEO plugin. -->","yoast_head_json":{"title":"Sistema Operativo AS\/400","description":"Breve panoramica del sistema operativo e dei comandi del calcolatore AS\/400 ( iSeries - IBM i ) della IBM.","robots":{"index":"index","follow":"follow","max-snippet":"max-snippet:-1","max-image-preview":"max-image-preview:large","max-video-preview":"max-video-preview:-1"},"canonical":"https:\/\/www.recordinformatica.it\/it\/as400-iseries-systemi-os400-i5os_sistemaoperativo.htm","og_locale":"it_IT","og_type":"article","og_title":"Sistema Operativo AS\/400","og_description":"Breve panoramica del sistema operativo e dei comandi del calcolatore AS\/400 ( iSeries - IBM i ) della IBM.","og_url":"https:\/\/www.recordinformatica.it\/it\/as400-iseries-systemi-os400-i5os_sistemaoperativo.htm","og_site_name":"Record Informatica","article_modified_time":"2025-07-04T16:24:21+00:00","og_image":[{"url":"https:\/\/www.recordinformatica.it\/wp-content\/uploads\/2023\/02\/AS400-Family-3.jpg","type":"","width":"","height":""}],"twitter_card":"summary_large_image","twitter_misc":{"Tempo di lettura stimato":"4 minuti"},"schema":{"@context":"https:\/\/schema.org","@graph":[{"@type":"WebPage","@id":"https:\/\/www.recordinformatica.it\/it\/as400-iseries-systemi-os400-i5os_sistemaoperativo.htm","url":"https:\/\/www.recordinformatica.it\/it\/as400-iseries-systemi-os400-i5os_sistemaoperativo.htm","name":"Sistema Operativo AS\/400","isPartOf":{"@id":"https:\/\/www.recordinformatica.it\/it\/#website"},"primaryImageOfPage":{"@id":"https:\/\/www.recordinformatica.it\/it\/as400-iseries-systemi-os400-i5os_sistemaoperativo.htm#primaryimage"},"image":{"@id":"https:\/\/www.recordinformatica.it\/it\/as400-iseries-systemi-os400-i5os_sistemaoperativo.htm#primaryimage"},"thumbnailUrl":"https:\/\/www.recordinformatica.it\/wp-content\/uploads\/2023\/02\/AS400-Family-3.jpg","datePublished":"2020-08-27T07:58:58+00:00","dateModified":"2025-07-04T16:24:21+00:00","description":"Breve panoramica del sistema operativo e dei comandi del calcolatore AS\/400 ( iSeries - IBM i ) della IBM.","breadcrumb":{"@id":"https:\/\/www.recordinformatica.it\/it\/as400-iseries-systemi-os400-i5os_sistemaoperativo.htm#breadcrumb"},"inLanguage":"it-IT","potentialAction":[{"@type":"ReadAction","target":["https:\/\/www.recordinformatica.it\/it\/as400-iseries-systemi-os400-i5os_sistemaoperativo.htm"]}]},{"@type":"ImageObject","inLanguage":"it-IT","@id":"https:\/\/www.recordinformatica.it\/it\/as400-iseries-systemi-os400-i5os_sistemaoperativo.htm#primaryimage","url":"https:\/\/www.recordinformatica.it\/wp-content\/uploads\/2023\/02\/AS400-Family-3.jpg","contentUrl":"https:\/\/www.recordinformatica.it\/wp-content\/uploads\/2023\/02\/AS400-Family-3.jpg"},{"@type":"BreadcrumbList","@id":"https:\/\/www.recordinformatica.it\/it\/as400-iseries-systemi-os400-i5os_sistemaoperativo.htm#breadcrumb","itemListElement":[{"@type":"ListItem","position":1,"name":"Home","item":"https:\/\/www.recordinformatica.it\/it\/"},{"@type":"ListItem","position":2,"name":"Sistema Operativo AS\/400"}]},{"@type":"WebSite","@id":"https:\/\/www.recordinformatica.it\/it\/#website","url":"https:\/\/www.recordinformatica.it\/it\/","name":"Record Informatica","description":"","publisher":{"@id":"https:\/\/www.recordinformatica.it\/it\/#organization"},"potentialAction":[{"@type":"SearchAction","target":{"@type":"EntryPoint","urlTemplate":"https:\/\/www.recordinformatica.it\/it\/?s={search_term_string}"},"query-input":{"@type":"PropertyValueSpecification","valueRequired":true,"valueName":"search_term_string"}}],"inLanguage":"it-IT"},{"@type":"Organization","@id":"https:\/\/www.recordinformatica.it\/it\/#organization","name":"Record Informatica","url":"https:\/\/www.recordinformatica.it\/it\/","logo":{"@type":"ImageObject","inLanguage":"it-IT","@id":"https:\/\/www.recordinformatica.it\/it\/#\/schema\/logo\/image\/","url":"https:\/\/www.recordinformatica.it\/wp-content\/uploads\/2023\/03\/logo_recordgrande_white_border_top_bottom-3.jpg","contentUrl":"https:\/\/www.recordinformatica.it\/wp-content\/uploads\/2023\/03\/logo_recordgrande_white_border_top_bottom-3.jpg","width":568,"height":368,"caption":"Record Informatica"},"image":{"@id":"https:\/\/www.recordinformatica.it\/it\/#\/schema\/logo\/image\/"}}]}},"_links":{"self":[{"href":"https:\/\/www.recordinformatica.it\/it\/wp-json\/wp\/v2\/pages\/1918","targetHints":{"allow":["GET"]}}],"collection":[{"href":"https:\/\/www.recordinformatica.it\/it\/wp-json\/wp\/v2\/pages"}],"about":[{"href":"https:\/\/www.recordinformatica.it\/it\/wp-json\/wp\/v2\/types\/page"}],"author":[{"embeddable":true,"href":"https:\/\/www.recordinformatica.it\/it\/wp-json\/wp\/v2\/users\/2"}],"replies":[{"embeddable":true,"href":"https:\/\/www.recordinformatica.it\/it\/wp-json\/wp\/v2\/comments?post=1918"}],"version-history":[{"count":0,"href":"https:\/\/www.recordinformatica.it\/it\/wp-json\/wp\/v2\/pages\/1918\/revisions"}],"wp:attachment":[{"href":"https:\/\/www.recordinformatica.it\/it\/wp-json\/wp\/v2\/media?parent=1918"}],"curies":[{"name":"wp","href":"https:\/\/api.w.org\/{rel}","templated":true}]}}