{"id":1910,"date":"2020-08-27T09:58:41","date_gmt":"2020-08-27T07:58:41","guid":{"rendered":"https:\/\/www.recordinformatica.it\/xml-fattura-b2b-pa-ricezione.htm"},"modified":"2023-04-27T09:49:48","modified_gmt":"2023-04-27T07:49:48","slug":"xml-fattura-b2b-pa-ricezione","status":"publish","type":"page","link":"https:\/\/www.recordinformatica.it\/it\/xml-fattura-b2b-pa-ricezione.htm","title":{"rendered":"Ricezione Fatture XML"},"content":{"rendered":"<p>[vc_row el_class=&#8221;fake_breadcrumbs&#8221;][vc_column][vc_column_text]<strong><span class=\"menu_2_grass\">Prodotti &gt; <a href=\"https:\/\/www.recordinformatica.it\/it\/xml-fattura-b2b-pa-as400.htm\">Fattura Elettronica B2B<\/a>\u00a0<\/span><\/strong><span class=\"menu_2\"><strong>&gt;\u00a0<\/strong>Ricezione fattura elettronica<\/span>[\/vc_column_text][\/vc_column][\/vc_row][vc_row][vc_column][vc_column_text]<img loading=\"lazy\" decoding=\"async\" class=\"alignleft wp-image-2347 size-full\" src=\"https:\/\/www.recordinformatica.it\/wp-content\/uploads\/2020\/08\/fattura_elettronica_xml_ricezione_2.jpg\" alt=\"Ricezione fattura elettronica xml\" width=\"272\" height=\"174\" \/>Da una fonte esterna (un Servizio Cloud), le nostre procedure possono ricevere non solo le risposte dello SDI, ma anche le fatture dei <strong>fornitori<\/strong>.<\/p>\n<p>La problematica, per le aziende, non \u00e8, solo, quella di preparare una fattura in forma di file XML e spedirla, ma anche di gestire\u00a0<strong>l&#8217;acquisizione<\/strong>\u00a0delle fatture fornitori.[\/vc_column_text][\/vc_column][\/vc_row][vc_row css=&#8221;.vc_custom_1598549940600{margin-top: 20px !important;}&#8221;][vc_column][vc_column_text]In prima battuta, l&#8217;azienda potrebbe decidere, semplicemente, di\u00a0<strong>stampare<\/strong> la fattura (magari, dai pannelli web di un Servizio Cloud) e caricarla manualmente in contabilit\u00e0 oppure nella fatturazione fornitori.[\/vc_column_text][\/vc_column][\/vc_row][vc_row][vc_column][vc_single_image image=&#8221;2349&#8243; img_size=&#8221;full&#8221; alignment=&#8221;center&#8221;][\/vc_column][\/vc_row][vc_row][vc_column][vc_column_text]Questo, per\u00f2, \u00e8 un approccio che non consente di trarre quello che \u00e8 il miglior vantaggio della procedura della fatturazione elettronica e, cio\u00e8, l&#8217;acquisizione\u00a0<strong>pseudo-automatica<\/strong>\u00a0dei dati della fattura.<\/p>\n<p>Per acquisizione &#8220;pseudo-automatica&#8221; intendiamo una acquisizione che sia &#8220;<strong>quasi automatica<\/strong>&#8221; della fattura.<br \/>\nIl caricamento completamente automatico pu\u00f2 essere raggiunto solo per una parte delle fatture ed, in generale, \u00e8 sempre necessaria o consigliabile una fase di revisione dei dati (contropartite, condizioni di pagamento, controllo valori, etc.).<\/p>\n<p>Quindi, a parte una fase di revisione dei dati delle fatture, il resto del processo di acquisizione pu\u00f2 essere automatizzato,\u00a0<strong>evitando<\/strong>\u00a0il caricamento manuale in contabilit\u00e0 (od in fatturazione acquisti) della fattura del fornitore.<\/p>\n<p>Ottenere un caricamento pseudo-automatizzato pu\u00f2 rappresentare un importante <strong>risparmio<\/strong>\u00a0di tempo umano rispetto ad una completa digitazione manuale dei dati della fattura.<\/p>\n<p>Tramite XMLFatt, le fatture fornitori, ricevute in forma di file XML, vengono\u00a0<strong>convertite<\/strong>\u00a0in file database\u00a0<a href=\"https:\/\/www.recordinformatica.it\/it\/as400-iSeries-Systemi-OS400-i5OS.htm\" target=\"_blank\" rel=\"noopener noreferrer\">AS\/400<\/a>\u00a0( iSeries \u2013 IBM i ), nello stesso formato usato per la fase di invio.[\/vc_column_text][\/vc_column][\/vc_row][vc_row][vc_column][vc_single_image image=&#8221;2351&#8243; img_size=&#8221;full&#8221; alignment=&#8221;center&#8221;][\/vc_column][\/vc_row][vc_row][vc_column][vc_column_text]Questo permette ai programmatori AS\/400 di leggere il file ed avviare i processi pseudo automatici di\u00a0<strong>caricamento in contabilit\u00e0<\/strong>\u00a0(o fatturazione acquisti) dei dati della fattura.<\/p>\n<p><strong>Anche per la fase di ricezione \u00e8 disponibile un connettore verso il gestionale <a href=\"https:\/\/it.wikipedia.org\/wiki\/Applicazioni_Contabili_Gestionali\" target=\"_blank\" rel=\"noopener\">ACG<\/a> per arricchire\/revisionare i dati e permettere di caricarli in contabilit\u00e0 in modo automatizzato.<\/strong><\/p>\n<p>Per le contabilit\u00e0 non ACG, disponiamo di un modulo di integrazione per rendere pi\u00f9 agevole ed integrato il processo di contabilizzazione delle fatture fornitori.[\/vc_column_text][\/vc_column][\/vc_row][vc_row][vc_column][vc_column_text]Scarica il\u00a0<b>documento<\/b>\u00a0di presentazione della nostra procedura, qui sotto.<\/p>\n<ul>\n<li><a href=\"\/wp-content\/uploads\/2020\/08\/XMLFatt-Presentazione.pdf\" target=\"_blank\" rel=\"noopener noreferrer\">Presentazione XMLFatt<\/a><\/li>\n<\/ul>\n<p>[\/vc_column_text][\/vc_column][\/vc_row]<\/p>\n","protected":false},"excerpt":{"rendered":"<p>[vc_row el_class=&#8221;fake_breadcrumbs&#8221;][vc_column][vc_column_text]Prodotti &gt; Fattura Elettronica B2B\u00a0&gt;\u00a0Ricezione fattura elettronica[\/vc_column_text][\/vc_column][\/vc_row][vc_row][vc_column][vc_column_text]Da una fonte esterna (un Servizio Cloud), le nostre procedure possono ricevere non<\/p>\n","protected":false},"author":2,"featured_media":0,"parent":0,"menu_order":0,"comment_status":"closed","ping_status":"closed","template":"page-fatture.php","meta":{"footnotes":""},"class_list":["post-1910","page","type-page","status-publish","hentry"],"yoast_head":"<!-- This site is optimized with the Yoast SEO plugin v27.4 - https:\/\/yoast.com\/product\/yoast-seo-wordpress\/ -->\n<title>Ricezione Fatture XML<\/title>\n<meta name=\"description\" content=\"Come ricevere le fatture elettroniche XML e gestirne la contabilizzazione con XMLFatt per sistemi AS\/400 ( iSeries - IBM i ).\" \/>\n<meta name=\"robots\" content=\"index, follow, max-snippet:-1, max-image-preview:large, max-video-preview:-1\" \/>\n<link rel=\"canonical\" href=\"https:\/\/www.recordinformatica.it\/it\/xml-fattura-b2b-pa-ricezione.htm\" \/>\n<meta property=\"og:locale\" content=\"it_IT\" \/>\n<meta property=\"og:type\" content=\"article\" \/>\n<meta property=\"og:title\" content=\"Ricezione Fatture XML\" \/>\n<meta property=\"og:description\" content=\"Come ricevere le fatture elettroniche XML e gestirne la contabilizzazione con XMLFatt per sistemi AS\/400 ( iSeries - IBM i ).\" \/>\n<meta property=\"og:url\" content=\"https:\/\/www.recordinformatica.it\/it\/xml-fattura-b2b-pa-ricezione.htm\" \/>\n<meta property=\"og:site_name\" content=\"Record Informatica\" \/>\n<meta property=\"article:modified_time\" content=\"2023-04-27T07:49:48+00:00\" \/>\n<meta property=\"og:image\" content=\"https:\/\/www.recordinformatica.it\/wp-content\/uploads\/2020\/08\/fattura_elettronica_xml_ricezione_2.jpg\" \/>\n<meta name=\"twitter:card\" content=\"summary_large_image\" \/>\n<meta name=\"twitter:label1\" content=\"Tempo di lettura stimato\" \/>\n\t<meta name=\"twitter:data1\" content=\"3 minuti\" \/>\n<script type=\"application\/ld+json\" class=\"yoast-schema-graph\">{\"@context\":\"https:\\\/\\\/schema.org\",\"@graph\":[{\"@type\":\"WebPage\",\"@id\":\"https:\\\/\\\/www.recordinformatica.it\\\/it\\\/xml-fattura-b2b-pa-ricezione.htm\",\"url\":\"https:\\\/\\\/www.recordinformatica.it\\\/it\\\/xml-fattura-b2b-pa-ricezione.htm\",\"name\":\"Ricezione Fatture XML\",\"isPartOf\":{\"@id\":\"https:\\\/\\\/www.recordinformatica.it\\\/it\\\/#website\"},\"primaryImageOfPage\":{\"@id\":\"https:\\\/\\\/www.recordinformatica.it\\\/it\\\/xml-fattura-b2b-pa-ricezione.htm#primaryimage\"},\"image\":{\"@id\":\"https:\\\/\\\/www.recordinformatica.it\\\/it\\\/xml-fattura-b2b-pa-ricezione.htm#primaryimage\"},\"thumbnailUrl\":\"https:\\\/\\\/www.recordinformatica.it\\\/wp-content\\\/uploads\\\/2020\\\/08\\\/fattura_elettronica_xml_ricezione_2.jpg\",\"datePublished\":\"2020-08-27T07:58:41+00:00\",\"dateModified\":\"2023-04-27T07:49:48+00:00\",\"description\":\"Come ricevere le fatture elettroniche XML e gestirne la contabilizzazione con XMLFatt per sistemi AS\\\/400 ( iSeries - IBM i ).\",\"breadcrumb\":{\"@id\":\"https:\\\/\\\/www.recordinformatica.it\\\/it\\\/xml-fattura-b2b-pa-ricezione.htm#breadcrumb\"},\"inLanguage\":\"it-IT\",\"potentialAction\":[{\"@type\":\"ReadAction\",\"target\":[\"https:\\\/\\\/www.recordinformatica.it\\\/it\\\/xml-fattura-b2b-pa-ricezione.htm\"]}]},{\"@type\":\"ImageObject\",\"inLanguage\":\"it-IT\",\"@id\":\"https:\\\/\\\/www.recordinformatica.it\\\/it\\\/xml-fattura-b2b-pa-ricezione.htm#primaryimage\",\"url\":\"https:\\\/\\\/www.recordinformatica.it\\\/wp-content\\\/uploads\\\/2020\\\/08\\\/fattura_elettronica_xml_ricezione_2.jpg\",\"contentUrl\":\"https:\\\/\\\/www.recordinformatica.it\\\/wp-content\\\/uploads\\\/2020\\\/08\\\/fattura_elettronica_xml_ricezione_2.jpg\"},{\"@type\":\"BreadcrumbList\",\"@id\":\"https:\\\/\\\/www.recordinformatica.it\\\/it\\\/xml-fattura-b2b-pa-ricezione.htm#breadcrumb\",\"itemListElement\":[{\"@type\":\"ListItem\",\"position\":1,\"name\":\"Home\",\"item\":\"https:\\\/\\\/www.recordinformatica.it\\\/it\\\/\"},{\"@type\":\"ListItem\",\"position\":2,\"name\":\"Ricezione Fatture XML\"}]},{\"@type\":\"WebSite\",\"@id\":\"https:\\\/\\\/www.recordinformatica.it\\\/it\\\/#website\",\"url\":\"https:\\\/\\\/www.recordinformatica.it\\\/it\\\/\",\"name\":\"Record Informatica\",\"description\":\"\",\"publisher\":{\"@id\":\"https:\\\/\\\/www.recordinformatica.it\\\/it\\\/#organization\"},\"potentialAction\":[{\"@type\":\"SearchAction\",\"target\":{\"@type\":\"EntryPoint\",\"urlTemplate\":\"https:\\\/\\\/www.recordinformatica.it\\\/it\\\/?s={search_term_string}\"},\"query-input\":{\"@type\":\"PropertyValueSpecification\",\"valueRequired\":true,\"valueName\":\"search_term_string\"}}],\"inLanguage\":\"it-IT\"},{\"@type\":\"Organization\",\"@id\":\"https:\\\/\\\/www.recordinformatica.it\\\/it\\\/#organization\",\"name\":\"Record Informatica\",\"url\":\"https:\\\/\\\/www.recordinformatica.it\\\/it\\\/\",\"logo\":{\"@type\":\"ImageObject\",\"inLanguage\":\"it-IT\",\"@id\":\"https:\\\/\\\/www.recordinformatica.it\\\/it\\\/#\\\/schema\\\/logo\\\/image\\\/\",\"url\":\"https:\\\/\\\/www.recordinformatica.it\\\/wp-content\\\/uploads\\\/2023\\\/03\\\/logo_recordgrande_white_border_top_bottom-3.jpg\",\"contentUrl\":\"https:\\\/\\\/www.recordinformatica.it\\\/wp-content\\\/uploads\\\/2023\\\/03\\\/logo_recordgrande_white_border_top_bottom-3.jpg\",\"width\":568,\"height\":368,\"caption\":\"Record Informatica\"},\"image\":{\"@id\":\"https:\\\/\\\/www.recordinformatica.it\\\/it\\\/#\\\/schema\\\/logo\\\/image\\\/\"}}]}<\/script>\n<!-- \/ Yoast SEO plugin. -->","yoast_head_json":{"title":"Ricezione Fatture XML","description":"Come ricevere le fatture elettroniche XML e gestirne la contabilizzazione con XMLFatt per sistemi AS\/400 ( iSeries - IBM i ).","robots":{"index":"index","follow":"follow","max-snippet":"max-snippet:-1","max-image-preview":"max-image-preview:large","max-video-preview":"max-video-preview:-1"},"canonical":"https:\/\/www.recordinformatica.it\/it\/xml-fattura-b2b-pa-ricezione.htm","og_locale":"it_IT","og_type":"article","og_title":"Ricezione Fatture XML","og_description":"Come ricevere le fatture elettroniche XML e gestirne la contabilizzazione con XMLFatt per sistemi AS\/400 ( iSeries - IBM i ).","og_url":"https:\/\/www.recordinformatica.it\/it\/xml-fattura-b2b-pa-ricezione.htm","og_site_name":"Record Informatica","article_modified_time":"2023-04-27T07:49:48+00:00","og_image":[{"url":"https:\/\/www.recordinformatica.it\/wp-content\/uploads\/2020\/08\/fattura_elettronica_xml_ricezione_2.jpg","type":"","width":"","height":""}],"twitter_card":"summary_large_image","twitter_misc":{"Tempo di lettura stimato":"3 minuti"},"schema":{"@context":"https:\/\/schema.org","@graph":[{"@type":"WebPage","@id":"https:\/\/www.recordinformatica.it\/it\/xml-fattura-b2b-pa-ricezione.htm","url":"https:\/\/www.recordinformatica.it\/it\/xml-fattura-b2b-pa-ricezione.htm","name":"Ricezione Fatture XML","isPartOf":{"@id":"https:\/\/www.recordinformatica.it\/it\/#website"},"primaryImageOfPage":{"@id":"https:\/\/www.recordinformatica.it\/it\/xml-fattura-b2b-pa-ricezione.htm#primaryimage"},"image":{"@id":"https:\/\/www.recordinformatica.it\/it\/xml-fattura-b2b-pa-ricezione.htm#primaryimage"},"thumbnailUrl":"https:\/\/www.recordinformatica.it\/wp-content\/uploads\/2020\/08\/fattura_elettronica_xml_ricezione_2.jpg","datePublished":"2020-08-27T07:58:41+00:00","dateModified":"2023-04-27T07:49:48+00:00","description":"Come ricevere le fatture elettroniche XML e gestirne la contabilizzazione con XMLFatt per sistemi AS\/400 ( iSeries - IBM i ).","breadcrumb":{"@id":"https:\/\/www.recordinformatica.it\/it\/xml-fattura-b2b-pa-ricezione.htm#breadcrumb"},"inLanguage":"it-IT","potentialAction":[{"@type":"ReadAction","target":["https:\/\/www.recordinformatica.it\/it\/xml-fattura-b2b-pa-ricezione.htm"]}]},{"@type":"ImageObject","inLanguage":"it-IT","@id":"https:\/\/www.recordinformatica.it\/it\/xml-fattura-b2b-pa-ricezione.htm#primaryimage","url":"https:\/\/www.recordinformatica.it\/wp-content\/uploads\/2020\/08\/fattura_elettronica_xml_ricezione_2.jpg","contentUrl":"https:\/\/www.recordinformatica.it\/wp-content\/uploads\/2020\/08\/fattura_elettronica_xml_ricezione_2.jpg"},{"@type":"BreadcrumbList","@id":"https:\/\/www.recordinformatica.it\/it\/xml-fattura-b2b-pa-ricezione.htm#breadcrumb","itemListElement":[{"@type":"ListItem","position":1,"name":"Home","item":"https:\/\/www.recordinformatica.it\/it\/"},{"@type":"ListItem","position":2,"name":"Ricezione Fatture XML"}]},{"@type":"WebSite","@id":"https:\/\/www.recordinformatica.it\/it\/#website","url":"https:\/\/www.recordinformatica.it\/it\/","name":"Record Informatica","description":"","publisher":{"@id":"https:\/\/www.recordinformatica.it\/it\/#organization"},"potentialAction":[{"@type":"SearchAction","target":{"@type":"EntryPoint","urlTemplate":"https:\/\/www.recordinformatica.it\/it\/?s={search_term_string}"},"query-input":{"@type":"PropertyValueSpecification","valueRequired":true,"valueName":"search_term_string"}}],"inLanguage":"it-IT"},{"@type":"Organization","@id":"https:\/\/www.recordinformatica.it\/it\/#organization","name":"Record Informatica","url":"https:\/\/www.recordinformatica.it\/it\/","logo":{"@type":"ImageObject","inLanguage":"it-IT","@id":"https:\/\/www.recordinformatica.it\/it\/#\/schema\/logo\/image\/","url":"https:\/\/www.recordinformatica.it\/wp-content\/uploads\/2023\/03\/logo_recordgrande_white_border_top_bottom-3.jpg","contentUrl":"https:\/\/www.recordinformatica.it\/wp-content\/uploads\/2023\/03\/logo_recordgrande_white_border_top_bottom-3.jpg","width":568,"height":368,"caption":"Record Informatica"},"image":{"@id":"https:\/\/www.recordinformatica.it\/it\/#\/schema\/logo\/image\/"}}]}},"_links":{"self":[{"href":"https:\/\/www.recordinformatica.it\/it\/wp-json\/wp\/v2\/pages\/1910","targetHints":{"allow":["GET"]}}],"collection":[{"href":"https:\/\/www.recordinformatica.it\/it\/wp-json\/wp\/v2\/pages"}],"about":[{"href":"https:\/\/www.recordinformatica.it\/it\/wp-json\/wp\/v2\/types\/page"}],"author":[{"embeddable":true,"href":"https:\/\/www.recordinformatica.it\/it\/wp-json\/wp\/v2\/users\/2"}],"replies":[{"embeddable":true,"href":"https:\/\/www.recordinformatica.it\/it\/wp-json\/wp\/v2\/comments?post=1910"}],"version-history":[{"count":0,"href":"https:\/\/www.recordinformatica.it\/it\/wp-json\/wp\/v2\/pages\/1910\/revisions"}],"wp:attachment":[{"href":"https:\/\/www.recordinformatica.it\/it\/wp-json\/wp\/v2\/media?parent=1910"}],"curies":[{"name":"wp","href":"https:\/\/api.w.org\/{rel}","templated":true}]}}