{"id":1908,"date":"2020-08-27T09:58:28","date_gmt":"2020-08-27T07:58:28","guid":{"rendered":"https:\/\/www.recordinformatica.it\/xml-fattura-b2b-pa-as400.htm"},"modified":"2023-04-26T11:52:54","modified_gmt":"2023-04-26T09:52:54","slug":"xml-fattura-b2b-pa-as400","status":"publish","type":"page","link":"https:\/\/www.recordinformatica.it\/it\/xml-fattura-b2b-pa-as400.htm","title":{"rendered":"Produzione Fatture Elettroniche XML"},"content":{"rendered":"<p>[vc_row el_class=&#8221;fake_breadcrumbs&#8221;][vc_column][vc_column_text]<strong><span class=\"menu_2_grass\">Prodotti &gt; <a href=\"https:\/\/www.recordinformatica.it\/it\/xml-fattura-b2b-pa-as400.htm\">Fattura Elettronica B2B<\/a>\u00a0<\/span><\/strong><span class=\"menu_2\"><strong>&gt;<\/strong>\u00a0Fattura elettronica<\/span>[\/vc_column_text][\/vc_column][\/vc_row][vc_row][vc_column][vc_column_text]<img loading=\"lazy\" decoding=\"async\" class=\"size-medium wp-image-2317 alignleft\" src=\"https:\/\/www.recordinformatica.it\/wp-content\/uploads\/2020\/08\/Fattura_Elettronica_XML-300x214.jpg\" alt=\"\" width=\"300\" height=\"214\" srcset=\"https:\/\/www.recordinformatica.it\/wp-content\/uploads\/2020\/08\/Fattura_Elettronica_XML-300x214.jpg 300w, https:\/\/www.recordinformatica.it\/wp-content\/uploads\/2020\/08\/Fattura_Elettronica_XML.jpg 356w\" sizes=\"auto, (max-width: 300px) 100vw, 300px\" \/>A partire da\u00a0<strong>Gennaio 2019<\/strong>\u00a0le aziende Italiane debbono\u00a0<strong>inviare<\/strong>\u00a0ai loro clienti e\u00a0<strong>ricevere<\/strong>\u00a0dai loro fornitori le fatture in formato elettronico.<\/p>\n<p>Questo processo, nato nell&#8217;ambito della fornitura alla\u00a0<strong>Pubblica Amministrazione,<\/strong>\u00a0\u00e8 stato, poi, esteso anche alla fatturazione tra privati per contrastare il fenomeno dell&#8217;evasione fiscale.[\/vc_column_text][\/vc_column][\/vc_row][vc_row][vc_column][vc_column_text]Come conseguenza, la fattura <strong>non<\/strong> pu\u00f2 pi\u00f9 essere inviata o consegnata in modalit\u00e0 <strong>cartacea<\/strong>. A parte alcune eccezioni, deve sempre essere inviata al destinatario tramite un processo <strong>telematico<\/strong> che vede coinvolto un ente dello stato: lo <a href=\"https:\/\/www.fatturapa.gov.it\/it\/sistemainterscambio\/cose-il-sdi\/\" target=\"_blank\" rel=\"noopener\"><strong>SDI<\/strong> (Sistema Di Interscambio)<\/a>.<\/p>\n<p>Le fatture devono, quindi, essere preparate in forma di <strong>file informatico<\/strong>. Per realizzarle, si deve utilizzare il linguaggio di descrizione dati <strong><a title=\"XML\">XML<\/a><\/strong><a title=\"XML\">.<\/a><\/p>\n<p>La fatture devono, poi, essere <strong>spedite<\/strong> con strumenti telematici allo SDI.<\/p>\n<p>Lo SDI, provvede ad inoltrarle ai <strong>destinatari<\/strong> come mostrato nello schema seguente.[\/vc_column_text][\/vc_column][\/vc_row][vc_row][vc_column][vc_single_image image=&#8221;2320&#8243; img_size=&#8221;full&#8221; alignment=&#8221;center&#8221;][\/vc_column][\/vc_row][vc_row][vc_column][vc_column_text]Normalmente, per\u00f2, entra in gioco anche un &#8220;<strong>Servizio cloud<\/strong>&#8221; di invio o ricezione delle fatture.<\/p>\n<p>Il &#8220;Servizio Cloud&#8221;, si pone come <strong>intermediario<\/strong> tra il fornitore (o il cliente) e lo SDI in modo da rendere pi\u00f9 semplice il colloquio telematico.[\/vc_column_text][\/vc_column][\/vc_row][vc_row][vc_column][vc_single_image image=&#8221;2322&#8243; img_size=&#8221;full&#8221; alignment=&#8221;center&#8221;][\/vc_column][\/vc_row][vc_row][vc_column][vc_column_text]Il &#8220;Servizio Cloud&#8221; \u00e8 una societ\u00e0 di informatica, <strong>specializzata<\/strong> nella gestione di questa tipologia di processi.<\/p>\n<p>Il &#8220;Servizio Cloud&#8221; si fa carico di molte complessit\u00e0 ed offre, anche, la \u201c<strong><a title=\"ConservazioneSostitutiva\">Conservazione Sostitutiva<\/a><\/strong>\u201d dei documenti a cui, per legge, devono essere sottoposte le fatture elettroniche.<\/p>\n<p>Lo SDI, invece, oltre ad inoltrare la fattura al cliente finale, esegue dei <strong>controlli<\/strong> e ritorna al mittente dei messaggi di errore o di conferma dell&#8217;invio (&#8220;<strong>Risposte<\/strong>&#8220;).[\/vc_column_text][\/vc_column][\/vc_row][vc_row][vc_column][vc_single_image image=&#8221;2324&#8243; img_size=&#8221;full&#8221; alignment=&#8221;center&#8221;][\/vc_column][\/vc_row][vc_row][vc_column][vc_column_text]Il processo di gestione della fattura elettronica pu\u00f2 risultare\u00a0<strong>non molto agevole<\/strong> per i seguenti motivi:<\/p>\n<ul>\n<li>linguaggio scelto (<strong>XML<\/strong>)<\/li>\n<li><strong>numerosi<\/strong> campi da valorizzare<\/li>\n<li>necessit\u00e0 di <strong>formattare<\/strong> opportunamente i dati<\/li>\n<li><strong>vincoli<\/strong> sui campi obbligatori od opzionali<\/li>\n<li>problematiche di <strong>trasmissione dati<\/strong><\/li>\n<li>gestione delle risposte di ritorno<\/li>\n<li>necessit\u00e0 di seguire i futuri <strong>aggiornamenti<\/strong>.<\/li>\n<\/ul>\n<p>Su queste problematiche, pu\u00f2 assistervi Record Informatica.<\/p>\n<p>Possiamo fornirvi una <strong>procedura nativa<\/strong>\u00a0<a href=\"https:\/\/www.recordinformatica.it\/it\/as400-iSeries-Systemi-OS400-i5OS.htm\" target=\"_blank\" rel=\"noopener noreferrer\">AS\/400<\/a>\u00a0( iSeries \u2013 IBM i ), &#8220;<strong>XMLFatt<\/strong>&#8220;, che vi permetter\u00e0 gestire le fasi di <a href=\"https:\/\/www.recordinformatica.it\/it\/xml-fattura-b2b-pa-invio.htm\">preparazione ed invio<\/a> della fattura.<\/p>\n<p>Vi permetter\u00e0, altres\u00ec, di gestire le\u00a0fasi di <a href=\"https:\/\/www.recordinformatica.it\/it\/xml-fattura-b2b-pa-ricezione.htm\">acquisizione e lettura<\/a> della fattura fornitore.<\/p>\n<p>&#8220;XMLFatt&#8221; vi permetter\u00e0, anche, di incapsulare (<strong>Embedding<\/strong>) eventuali documenti aggiuntivi nella fattura elettronica XML (vedi pagina &#8220;<a href=\"https:\/\/www.recordinformatica.it\/it\/xml-fattura-b2b-pa-embedded.htm\">Allegati<\/a>&#8220;).<\/p>\n<p>Consente, anche, di estrarli dalla fattura <strong>fornitore<\/strong> salvandoli in rete locale in modo ordinato.<\/p>\n<p>Consente, poi, la <strong>conversione<\/strong> del file XML in un documento PDF\u00a0 leggibile (vedi pagine <a href=\"https:\/\/www.recordinformatica.it\/it\/xml-fattura-b2b-pa-creapdf.htm\" target=\"_blank\" rel=\"noopener\">Creazione PDF<\/a>), salvandolo sui dischi della rete locale. Permette di dargli una nomenclatura &#8220;parlante&#8221; e di salvarli in modo ordinato in una struttura di cartelle.<\/p>\n<p><strong>XMLFatt<\/strong>\u00a0si interfaccia direttamente con i\u00a0<strong>Servizi Cloud<\/strong> di invio\/ricezione dei file della fattura XML oppure si limita ad <strong>esportare\/importare<\/strong> in\/da area PC i file XML lasciando, poi, che ne venga fatta una gestione manuale.<\/p>\n<p>Vi invitiamo a cliccare sulle voci sottostanti per leggere le altre pagine che descrivono nel\u00a0 dettaglio le funzioni del prodotto.[\/vc_column_text][\/vc_column][\/vc_row][vc_row][vc_column width=&#8221;1\/4&#8243;][vc_single_image image=&#8221;2326&#8243; img_size=&#8221;full&#8221; alignment=&#8221;center&#8221; onclick=&#8221;custom_link&#8221; link=&#8221;https:\/\/www.recordinformatica.it\/it\/xml-fattura-B2B-PA-invio.htm&#8221;][vc_column_text]<\/p>\n<p style=\"text-align: center;\"><a href=\"https:\/\/www.recordinformatica.it\/it\/xml-fattura-B2B-PA-invio.htm\">Invio<\/a><\/p>\n<p>[\/vc_column_text][\/vc_column][vc_column width=&#8221;1\/4&#8243;][vc_single_image image=&#8221;2328&#8243; img_size=&#8221;full&#8221; alignment=&#8221;center&#8221; onclick=&#8221;custom_link&#8221; link=&#8221;https:\/\/www.recordinformatica.it\/it\/xml-fattura-B2B-PA-ricezione.htm&#8221;][vc_column_text]<\/p>\n<p style=\"text-align: center;\"><a href=\"https:\/\/www.recordinformatica.it\/it\/xml-fattura-B2B-PA-ricezione.htm\">Ricezione<\/a><\/p>\n<p>[\/vc_column_text][\/vc_column][vc_column width=&#8221;1\/4&#8243;][vc_single_image image=&#8221;2330&#8243; img_size=&#8221;full&#8221; alignment=&#8221;center&#8221; onclick=&#8221;custom_link&#8221; link=&#8221;https:\/\/www.recordinformatica.it\/it\/xml-fattura-B2B-PA-embedded.htm&#8221;][vc_column_text]<\/p>\n<p style=\"text-align: center;\"><a href=\"https:\/\/www.recordinformatica.it\/it\/xml-fattura-B2B-PA-embedded.htm\">Allegati<\/a><\/p>\n<p>[\/vc_column_text][\/vc_column][vc_column width=&#8221;1\/4&#8243;][vc_single_image image=&#8221;2332&#8243; img_size=&#8221;full&#8221; alignment=&#8221;center&#8221; onclick=&#8221;custom_link&#8221; link=&#8221;https:\/\/www.recordinformatica.it\/it\/xml-fattura-B2B-PA-creapdf.htm&#8221;][vc_column_text]<\/p>\n<p style=\"text-align: center;\"><a href=\"https:\/\/www.recordinformatica.it\/it\/xml-fattura-B2B-PA-creapdf.htm\">Creazione PDF<\/a><\/p>\n<p>[\/vc_column_text][\/vc_column][\/vc_row][vc_row][vc_column][vc_column_text]Scarica il\u00a0<b>documento<\/b>\u00a0di presentazione della nostra procedura, qui sotto.<\/p>\n<ul>\n<li><a href=\"\/wp-content\/uploads\/2020\/08\/XMLFatt-Presentazione.pdf\" target=\"_blank\" rel=\"noopener noreferrer\">Presentazione XMLFatt<\/a><\/li>\n<\/ul>\n<p>[\/vc_column_text][\/vc_column][\/vc_row]<\/p>\n","protected":false},"excerpt":{"rendered":"<p>[vc_row el_class=&#8221;fake_breadcrumbs&#8221;][vc_column][vc_column_text]Prodotti &gt; Fattura Elettronica B2B\u00a0&gt;\u00a0Fattura elettronica[\/vc_column_text][\/vc_column][\/vc_row][vc_row][vc_column][vc_column_text]A partire da\u00a0Gennaio 2019\u00a0le aziende Italiane debbono\u00a0inviare\u00a0ai loro clienti e\u00a0ricevere\u00a0dai loro fornitori le fatture<\/p>\n","protected":false},"author":2,"featured_media":0,"parent":0,"menu_order":0,"comment_status":"closed","ping_status":"closed","template":"page-fatture.php","meta":{"footnotes":""},"class_list":["post-1908","page","type-page","status-publish","hentry"],"yoast_head":"<!-- This site is optimized with the Yoast SEO plugin v27.5 - https:\/\/yoast.com\/product\/yoast-seo-wordpress\/ -->\n<title>Produzione Fatture Elettroniche XML<\/title>\n<meta name=\"description\" content=\"Produzione della fattura elettronica XML da sistema AS\/400 ( iSeries - IBM i )\" \/>\n<meta name=\"robots\" content=\"index, follow, max-snippet:-1, max-image-preview:large, max-video-preview:-1\" \/>\n<link rel=\"canonical\" href=\"https:\/\/www.recordinformatica.it\/it\/xml-fattura-b2b-pa-as400.htm\" \/>\n<meta property=\"og:locale\" content=\"it_IT\" \/>\n<meta property=\"og:type\" content=\"article\" \/>\n<meta property=\"og:title\" content=\"Produzione Fatture Elettroniche XML\" \/>\n<meta property=\"og:description\" content=\"Produzione della fattura elettronica XML da sistema AS\/400 ( iSeries - IBM i )\" \/>\n<meta property=\"og:url\" content=\"https:\/\/www.recordinformatica.it\/it\/xml-fattura-b2b-pa-as400.htm\" \/>\n<meta property=\"og:site_name\" content=\"Record Informatica\" \/>\n<meta property=\"article:modified_time\" content=\"2023-04-26T09:52:54+00:00\" \/>\n<meta property=\"og:image\" content=\"https:\/\/www.recordinformatica.it\/wp-content\/uploads\/2020\/08\/Fattura_Elettronica_XML-300x214.jpg\" \/>\n<meta name=\"twitter:card\" content=\"summary_large_image\" \/>\n<meta name=\"twitter:label1\" content=\"Tempo di lettura stimato\" \/>\n\t<meta name=\"twitter:data1\" content=\"3 minuti\" \/>\n<script type=\"application\/ld+json\" class=\"yoast-schema-graph\">{\"@context\":\"https:\\\/\\\/schema.org\",\"@graph\":[{\"@type\":\"WebPage\",\"@id\":\"https:\\\/\\\/www.recordinformatica.it\\\/it\\\/xml-fattura-b2b-pa-as400.htm\",\"url\":\"https:\\\/\\\/www.recordinformatica.it\\\/it\\\/xml-fattura-b2b-pa-as400.htm\",\"name\":\"Produzione Fatture Elettroniche XML\",\"isPartOf\":{\"@id\":\"https:\\\/\\\/www.recordinformatica.it\\\/it\\\/#website\"},\"primaryImageOfPage\":{\"@id\":\"https:\\\/\\\/www.recordinformatica.it\\\/it\\\/xml-fattura-b2b-pa-as400.htm#primaryimage\"},\"image\":{\"@id\":\"https:\\\/\\\/www.recordinformatica.it\\\/it\\\/xml-fattura-b2b-pa-as400.htm#primaryimage\"},\"thumbnailUrl\":\"https:\\\/\\\/www.recordinformatica.it\\\/wp-content\\\/uploads\\\/2020\\\/08\\\/Fattura_Elettronica_XML-300x214.jpg\",\"datePublished\":\"2020-08-27T07:58:28+00:00\",\"dateModified\":\"2023-04-26T09:52:54+00:00\",\"description\":\"Produzione della fattura elettronica XML da sistema AS\\\/400 ( iSeries - IBM i )\",\"breadcrumb\":{\"@id\":\"https:\\\/\\\/www.recordinformatica.it\\\/it\\\/xml-fattura-b2b-pa-as400.htm#breadcrumb\"},\"inLanguage\":\"it-IT\",\"potentialAction\":[{\"@type\":\"ReadAction\",\"target\":[\"https:\\\/\\\/www.recordinformatica.it\\\/it\\\/xml-fattura-b2b-pa-as400.htm\"]}]},{\"@type\":\"ImageObject\",\"inLanguage\":\"it-IT\",\"@id\":\"https:\\\/\\\/www.recordinformatica.it\\\/it\\\/xml-fattura-b2b-pa-as400.htm#primaryimage\",\"url\":\"https:\\\/\\\/www.recordinformatica.it\\\/wp-content\\\/uploads\\\/2020\\\/08\\\/Fattura_Elettronica_XML-300x214.jpg\",\"contentUrl\":\"https:\\\/\\\/www.recordinformatica.it\\\/wp-content\\\/uploads\\\/2020\\\/08\\\/Fattura_Elettronica_XML-300x214.jpg\"},{\"@type\":\"BreadcrumbList\",\"@id\":\"https:\\\/\\\/www.recordinformatica.it\\\/it\\\/xml-fattura-b2b-pa-as400.htm#breadcrumb\",\"itemListElement\":[{\"@type\":\"ListItem\",\"position\":1,\"name\":\"Home\",\"item\":\"https:\\\/\\\/www.recordinformatica.it\\\/it\\\/\"},{\"@type\":\"ListItem\",\"position\":2,\"name\":\"Produzione Fatture Elettroniche XML\"}]},{\"@type\":\"WebSite\",\"@id\":\"https:\\\/\\\/www.recordinformatica.it\\\/it\\\/#website\",\"url\":\"https:\\\/\\\/www.recordinformatica.it\\\/it\\\/\",\"name\":\"Record Informatica\",\"description\":\"\",\"publisher\":{\"@id\":\"https:\\\/\\\/www.recordinformatica.it\\\/it\\\/#organization\"},\"potentialAction\":[{\"@type\":\"SearchAction\",\"target\":{\"@type\":\"EntryPoint\",\"urlTemplate\":\"https:\\\/\\\/www.recordinformatica.it\\\/it\\\/?s={search_term_string}\"},\"query-input\":{\"@type\":\"PropertyValueSpecification\",\"valueRequired\":true,\"valueName\":\"search_term_string\"}}],\"inLanguage\":\"it-IT\"},{\"@type\":\"Organization\",\"@id\":\"https:\\\/\\\/www.recordinformatica.it\\\/it\\\/#organization\",\"name\":\"Record Informatica\",\"url\":\"https:\\\/\\\/www.recordinformatica.it\\\/it\\\/\",\"logo\":{\"@type\":\"ImageObject\",\"inLanguage\":\"it-IT\",\"@id\":\"https:\\\/\\\/www.recordinformatica.it\\\/it\\\/#\\\/schema\\\/logo\\\/image\\\/\",\"url\":\"https:\\\/\\\/www.recordinformatica.it\\\/wp-content\\\/uploads\\\/2023\\\/03\\\/logo_recordgrande_white_border_top_bottom-3.jpg\",\"contentUrl\":\"https:\\\/\\\/www.recordinformatica.it\\\/wp-content\\\/uploads\\\/2023\\\/03\\\/logo_recordgrande_white_border_top_bottom-3.jpg\",\"width\":568,\"height\":368,\"caption\":\"Record Informatica\"},\"image\":{\"@id\":\"https:\\\/\\\/www.recordinformatica.it\\\/it\\\/#\\\/schema\\\/logo\\\/image\\\/\"}}]}<\/script>\n<!-- \/ Yoast SEO plugin. -->","yoast_head_json":{"title":"Produzione Fatture Elettroniche XML","description":"Produzione della fattura elettronica XML da sistema AS\/400 ( iSeries - IBM i )","robots":{"index":"index","follow":"follow","max-snippet":"max-snippet:-1","max-image-preview":"max-image-preview:large","max-video-preview":"max-video-preview:-1"},"canonical":"https:\/\/www.recordinformatica.it\/it\/xml-fattura-b2b-pa-as400.htm","og_locale":"it_IT","og_type":"article","og_title":"Produzione Fatture Elettroniche XML","og_description":"Produzione della fattura elettronica XML da sistema AS\/400 ( iSeries - IBM i )","og_url":"https:\/\/www.recordinformatica.it\/it\/xml-fattura-b2b-pa-as400.htm","og_site_name":"Record Informatica","article_modified_time":"2023-04-26T09:52:54+00:00","og_image":[{"url":"https:\/\/www.recordinformatica.it\/wp-content\/uploads\/2020\/08\/Fattura_Elettronica_XML-300x214.jpg","type":"","width":"","height":""}],"twitter_card":"summary_large_image","twitter_misc":{"Tempo di lettura stimato":"3 minuti"},"schema":{"@context":"https:\/\/schema.org","@graph":[{"@type":"WebPage","@id":"https:\/\/www.recordinformatica.it\/it\/xml-fattura-b2b-pa-as400.htm","url":"https:\/\/www.recordinformatica.it\/it\/xml-fattura-b2b-pa-as400.htm","name":"Produzione Fatture Elettroniche XML","isPartOf":{"@id":"https:\/\/www.recordinformatica.it\/it\/#website"},"primaryImageOfPage":{"@id":"https:\/\/www.recordinformatica.it\/it\/xml-fattura-b2b-pa-as400.htm#primaryimage"},"image":{"@id":"https:\/\/www.recordinformatica.it\/it\/xml-fattura-b2b-pa-as400.htm#primaryimage"},"thumbnailUrl":"https:\/\/www.recordinformatica.it\/wp-content\/uploads\/2020\/08\/Fattura_Elettronica_XML-300x214.jpg","datePublished":"2020-08-27T07:58:28+00:00","dateModified":"2023-04-26T09:52:54+00:00","description":"Produzione della fattura elettronica XML da sistema AS\/400 ( iSeries - IBM i )","breadcrumb":{"@id":"https:\/\/www.recordinformatica.it\/it\/xml-fattura-b2b-pa-as400.htm#breadcrumb"},"inLanguage":"it-IT","potentialAction":[{"@type":"ReadAction","target":["https:\/\/www.recordinformatica.it\/it\/xml-fattura-b2b-pa-as400.htm"]}]},{"@type":"ImageObject","inLanguage":"it-IT","@id":"https:\/\/www.recordinformatica.it\/it\/xml-fattura-b2b-pa-as400.htm#primaryimage","url":"https:\/\/www.recordinformatica.it\/wp-content\/uploads\/2020\/08\/Fattura_Elettronica_XML-300x214.jpg","contentUrl":"https:\/\/www.recordinformatica.it\/wp-content\/uploads\/2020\/08\/Fattura_Elettronica_XML-300x214.jpg"},{"@type":"BreadcrumbList","@id":"https:\/\/www.recordinformatica.it\/it\/xml-fattura-b2b-pa-as400.htm#breadcrumb","itemListElement":[{"@type":"ListItem","position":1,"name":"Home","item":"https:\/\/www.recordinformatica.it\/it\/"},{"@type":"ListItem","position":2,"name":"Produzione Fatture Elettroniche XML"}]},{"@type":"WebSite","@id":"https:\/\/www.recordinformatica.it\/it\/#website","url":"https:\/\/www.recordinformatica.it\/it\/","name":"Record Informatica","description":"","publisher":{"@id":"https:\/\/www.recordinformatica.it\/it\/#organization"},"potentialAction":[{"@type":"SearchAction","target":{"@type":"EntryPoint","urlTemplate":"https:\/\/www.recordinformatica.it\/it\/?s={search_term_string}"},"query-input":{"@type":"PropertyValueSpecification","valueRequired":true,"valueName":"search_term_string"}}],"inLanguage":"it-IT"},{"@type":"Organization","@id":"https:\/\/www.recordinformatica.it\/it\/#organization","name":"Record Informatica","url":"https:\/\/www.recordinformatica.it\/it\/","logo":{"@type":"ImageObject","inLanguage":"it-IT","@id":"https:\/\/www.recordinformatica.it\/it\/#\/schema\/logo\/image\/","url":"https:\/\/www.recordinformatica.it\/wp-content\/uploads\/2023\/03\/logo_recordgrande_white_border_top_bottom-3.jpg","contentUrl":"https:\/\/www.recordinformatica.it\/wp-content\/uploads\/2023\/03\/logo_recordgrande_white_border_top_bottom-3.jpg","width":568,"height":368,"caption":"Record Informatica"},"image":{"@id":"https:\/\/www.recordinformatica.it\/it\/#\/schema\/logo\/image\/"}}]}},"_links":{"self":[{"href":"https:\/\/www.recordinformatica.it\/it\/wp-json\/wp\/v2\/pages\/1908","targetHints":{"allow":["GET"]}}],"collection":[{"href":"https:\/\/www.recordinformatica.it\/it\/wp-json\/wp\/v2\/pages"}],"about":[{"href":"https:\/\/www.recordinformatica.it\/it\/wp-json\/wp\/v2\/types\/page"}],"author":[{"embeddable":true,"href":"https:\/\/www.recordinformatica.it\/it\/wp-json\/wp\/v2\/users\/2"}],"replies":[{"embeddable":true,"href":"https:\/\/www.recordinformatica.it\/it\/wp-json\/wp\/v2\/comments?post=1908"}],"version-history":[{"count":0,"href":"https:\/\/www.recordinformatica.it\/it\/wp-json\/wp\/v2\/pages\/1908\/revisions"}],"wp:attachment":[{"href":"https:\/\/www.recordinformatica.it\/it\/wp-json\/wp\/v2\/media?parent=1908"}],"curies":[{"name":"wp","href":"https:\/\/api.w.org\/{rel}","templated":true}]}}