{"id":1900,"date":"2020-08-27T09:58:13","date_gmt":"2020-08-27T07:58:13","guid":{"rendered":"https:\/\/www.recordinformatica.it\/software-spool-as400-supporto.htm"},"modified":"2023-03-28T12:06:16","modified_gmt":"2023-03-28T10:06:16","slug":"software-spool-as400-supporto","status":"publish","type":"page","link":"https:\/\/www.recordinformatica.it\/it\/software-spool-as400-supporto.htm","title":{"rendered":"Domande e Risposte"},"content":{"rendered":"<p>[vc_row el_class=&#8221;fake_breadcrumbs&#8221;][vc_column][vc_column_text]<strong>Prodotti &gt; <a href=\"https:\/\/www.recordinformatica.it\/it\/software-gestione-stampe-iseries-as400.htm\">Stampa grafica AS\/400<\/a> &gt;<\/strong> FAQ[\/vc_column_text][\/vc_column][\/vc_row][vc_row][vc_column][vc_single_image image=&#8221;4368&#8243; img_size=&#8221;426&#215;237&#8243;][\/vc_column][\/vc_row][vc_row][vc_column][vc_custom_heading text=&#8221;Generiche&#8221; font_container=&#8221;tag:h3|text_align:left&#8221; use_theme_fonts=&#8221;yes&#8221;][\/vc_column][\/vc_row][vc_row el_class=&#8221;schede&#8221;][vc_column][vc_tta_accordion][vc_tta_section title=&#8221;E\u2019 possibile utilizzare il software per societ\u00e0 diverse che utilizzano lo stesso AS\/400?&#8221; tab_id=&#8221;1598544803434-acf55d62-9cb8&#8243;][vc_column_text]Si, \u00e8 possibile. Da un punto di vista commerciale, la licenza vale <strong>per CPU<\/strong> di AS\/400, non per societ\u00e0 che la utilizzano. Da un punto di vista tecnico, \u00e8 possibile \u201csegmentare\u201d l\u2019utilizzo di Validoc in modo che ogni societ\u00e0 (ma anche filiale o reparto) abbia la sua grafica e spedisca le sue email\/fax autonomamente[\/vc_column_text][\/vc_tta_section][vc_tta_section title=&#8221;Validoc lavora su PC o su AS\/400?&#8221; tab_id=&#8221;1598544803460-339f57e4-9b8b&#8221;][vc_column_text]Su <strong>entrambi<\/strong>. Per quanto riguarda la fase di preparazione della stampa arricchita della grafica e ristrutturata nelle posizioni e nei font, opera su AS\/400. Per la produzione dei files PC (PDF\/Tiff\/TXT, etc.) opera in ambito PC.[\/vc_column_text][\/vc_tta_section][vc_tta_section title=&#8221;Quali sono i prerequisiti del prodotto?&#8221; tab_id=&#8221;1598544944581-8cf59994-2f86&#8243;][vc_column_text]Per la parte AS\/400 ( iSeries &#8211; IBM i ): un sistema AS\/400 con almeno la release <strong>V5R2M0<\/strong> del sistema operativo.<br \/>\nPer la parte PC, un sistema con Windows (Windows 10\/11, Windows Server 2012 e superiori).<br \/>\nPer il Client di interrogazione dei risultati degli invii email\/fax, pu\u00f2 essere utilizzato Windows 7\/8\/10\/11.<br \/>\nPer le stampanti: qualsiasi stampante laser che utilizzi il linguaggio di descrizione pagina <strong>PCL5\/PCL5E\/PCL5C<\/strong>[\/vc_column_text][\/vc_tta_section][vc_tta_section title=&#8221;Come posso installarlo?&#8221; tab_id=&#8221;1598544969367-d0a0e2e9-01a1&#8243;][vc_column_text]<strong>Scaricando<\/strong> dal sito Web di Record Informatica i vari componenti del prodotto e seguendo i passaggi di installazione di questi componenti.[\/vc_column_text][\/vc_tta_section][vc_tta_section title=&#8221;Esiste una versione di valutazione?&#8221; tab_id=&#8221;1598544990990-5025a225-4c1a&#8221;][vc_column_text]Si. La versione di cui si pu\u00f2 fare il <strong>download<\/strong> dal sito di Record \u00e8 una versione di valutazione di durata variabile in base alla licenza a tempo da noi fornita, dopo i quali il prodotto entra in una modalit\u00e0 di funzionamento <strong>limitata<\/strong>, nella quale saranno disponibili solo alcune funzioni.[\/vc_column_text][\/vc_tta_section][vc_tta_section title=&#8221;Vengono rilasciati periodici aggiornamenti del prodotto? Sono gratuiti?&#8221; tab_id=&#8221;1598545017727-1ce3cc9f-f0a9&#8243;][vc_column_text]Vengono rilasciati <strong>periodici<\/strong> aggiornamenti sia dal punto di vista implementativo (nuove funzioni) sia dal punto di vista della sistemazione di errori. A coloro che aderiscono alla <strong>manutenzione<\/strong> del prodotto vengono rilasciate le credenziali per accedere al sito di Record Informatica e scaricare gli aggiornamenti. Una procedura guidata aiuta l\u2019utente nell\u2019<strong>applicazione<\/strong> degli aggiornamenti stessi.[\/vc_column_text][\/vc_tta_section][vc_tta_section title=&#8221;Quanto costa Validoc?&#8221; tab_id=&#8221;1598545043210-62ab2ff8-4d6a&#8221;][vc_column_text]Dipende dai <strong>moduli<\/strong> che si acquistano e dal numero di utenti che usano AS\/400. Il solo modulo di stampa (modulo Printing) su un sistema con meno di 10 utenti, rappresenta la scelta pi\u00f9 economica. Vedere la pagina \u201c<a href=\"https:\/\/www.recordinformatica.it\/it\/costo-software-spool-stampa-as400.htm\" target=\"_self\" rel=\"noopener noreferrer\">Prezzi<\/a>\u201d per ulteriori informazioni[\/vc_column_text][\/vc_tta_section][\/vc_tta_accordion][\/vc_column][\/vc_row][vc_row][vc_column][vc_custom_heading text=&#8221;Printing&#8221; font_container=&#8221;tag:h3|text_align:left&#8221; use_theme_fonts=&#8221;yes&#8221;][\/vc_column][\/vc_row][vc_row][vc_column][vc_tta_accordion][vc_tta_section title=&#8221;La preparazione della stampa avviene su AS\/400 o su PC?&#8221; tab_id=&#8221;1598545132254-7820ec04-2161&#8243;][vc_column_text]Su <strong>IBM i<\/strong> (AS\/400).[\/vc_column_text][\/vc_tta_section][vc_tta_section title=&#8221;Per l\u2019elaborazione delle stampe create da lavori batch notturni, devo tenere il PC acceso?&#8221; tab_id=&#8221;1598545132300-91598391-5199&#8243;][vc_column_text]No. La componente PC serve per la <strong>conversione<\/strong> in formato PDF o Tiff delle stampe. Pu\u00f2 essere tenuta <strong>spenta<\/strong> senza problema. Al momento dell\u2019accensione, inizier\u00e0 il processo di acquisizione ed elaborazione di eventuali stampe predisposte durante la fase in cui il PC era spento.[\/vc_column_text][\/vc_tta_section][vc_tta_section title=&#8221;Quanto pesa in termini di CPU l\u2019acquisizione e l\u2019elaborazione dello spool?&#8221; tab_id=&#8221;1598545132352-d3cf6e19-4cf4&#8243;][vc_column_text]L\u2019acquisizione non pesa <strong>nulla<\/strong> in quanto non ci sono fenomeni di scansione delle code di stampa o similari da parte di Validoc alla ricerca di stampe da elaborare. L\u2019elaborazione, invece, dipende dal numero di pagine dello spool e dal numero di operazioni di modifica o predisposizione di operazioni in ambito PC che vengono ad eseguirsi. A parte rare eccezioni sono tempi quasi <strong>impercettibili<\/strong> per gli utenti.[\/vc_column_text][\/vc_tta_section][vc_tta_section title=&#8221;Posso elaborare qualsiasi tipo di Spool?&#8221; tab_id=&#8221;1598545132398-5f322cf6-a7aa&#8221;][vc_column_text]No. Validoc accetta in input spool di tipo <strong>SCS<\/strong>. Si tratta degli spool standard iSeries. Non \u00e8 possibile elaborare spool IPDS. Se avete spool IPDS, probabilmente state utilizzando una diversa soluzione di stampe di qualit\u00e0. Se decidete di migrare a Validoc, dovete <strong>depurare<\/strong> dalle stampe le istruzioni IPDS e convertire il Printer File da *IPDS a *SCS.[\/vc_column_text][\/vc_tta_section][vc_tta_section title=&#8221;Posso usare qualsiasi tipo di font?&#8221; tab_id=&#8221;1598545132444-f938f188-d59a&#8221;][vc_column_text]\u00c8 possibile usare tutti i font <strong>residenti<\/strong> sulle stampanti che utilizzate per la parte di stampa da Spool IBM i (AS\/400). Per la parte grafica, invece, potete utilizzare tutti i font che sono presenti sul Personal Computer dove avete definito la parte grafica da includere nella stampa.[\/vc_column_text][\/vc_tta_section][vc_tta_section title=&#8221;Posso stampare su qualsiasi tipo di Stampante?&#8221; tab_id=&#8221;1598545132487-a75d5c76-7f3d&#8221;][vc_column_text]No. Validoc lavora con il linguaggio di descrizione pagina <strong>PCL5\/PCL5E\/PCL5C<\/strong>. Di conseguenza potrete stampare su tutte le stampanti che fanno uso di questo linguaggio o che sono compatibili con esso. Si tratta della quasi totalit\u00e0 delle stampanti laser con l\u2019eccezione, praticamente, di alcuni modelli &#8220;Host Based&#8221; (modelli <strong>economici<\/strong> che richiedono la presenza di un PC con Windows per funzionare).[\/vc_column_text][\/vc_tta_section][vc_tta_section title=&#8221;Posso stampare su stampanti termiche?&#8221; tab_id=&#8221;1598545132529-7849b501-71b1&#8243;][vc_column_text]No. Validoc \u00e8 un prodotto orientato alla gestione di documenti, tipicamente in formato <strong>A4<\/strong>. Le stampanti termiche sono stampanti orientate alla stampa su etichetta in ambito industriale. La maggior parte di queste stampanti, poi, utilizza linguaggi di descrizione pagina proprietari o comunque non PCL5 compatibili.<br \/>\nE&#8217; comunque possibile stampare le <strong>immagini<\/strong> della stampa di etichette sulle stampanti termiche di qualsiasi tipo con una leggera penalizzazione della qualit\u00e0 della stampa.[\/vc_column_text][\/vc_tta_section][vc_tta_section title=&#8221;Se la mia stampa originale possiede delle sottolineature e delle evidenziazioni (Keyword Underline ed Highlight delle DDS di stampa), vengono mantenute?&#8221; tab_id=&#8221;1598545297859-0f99ed8e-3a76&#8243;][vc_column_text]No. Validoc non pu\u00f2 mantenere un sistema <strong>misto<\/strong> dove applica i suoi processi per le sottolineature e grassetti e contemporaneamente mantenere quelli standard dell\u2019AS\/400. E\u2019 comunque possibile per l\u2019utente <strong>riapplicare<\/strong> queste enfatizzazioni tramite Validoc, anche a parti di dettaglio variabili .[\/vc_column_text][\/vc_tta_section][vc_tta_section title=&#8221;Quanti overlay \u00e8 possibile applicare ad una stampa?&#8221; tab_id=&#8221;1598545324258-75a3ce9b-fcd4&#8243;][vc_column_text]Quanti se ne desidera. In molti casi \u00e8, infatti, pi\u00f9 conveniente suddividere la grafica che si applicher\u00e0 alla stampa in una <strong>serie<\/strong> di overlay, anzich\u00e9 uno solo, per gestirla meglio. Ad esempio, un overlay per la testata del documento, riapplicabile senza modifiche anche su altre stampe, ed un overlay per la parte di dettaglio e di piede specifico per ogni stampa.[\/vc_column_text][\/vc_tta_section][vc_tta_section title=&#8221;Con Validoc \u00e8 possibile sistemare quelle stampe AS\/400 che escono sulla laser con un carattere troppo piccolo?&#8221; tab_id=&#8221;1598545364511-7aba6e84-f6a5&#8243;][vc_column_text]Le stampe in questione escono dalla stampante con un carattere molto <strong>piccolo<\/strong> per l\u2019applicazione del valore \u201c*<strong>COR<\/strong>\u201d al parametro PAGRTT del printer file. Potreste ottenere dei risultati migliori gi\u00e0 intervenendo su questo parametro (provando ad applicare *AUTO al posto di *COR) senza utilizzare Validoc. Comunque Validoc <strong>risolve<\/strong> certamente il problema con la possibilit\u00e0 di applicare la dimensione del font e dell\u2019interlinea che si preferisce alla stampa e garantendo che quella sia la dimensione che verr\u00e0 effettivamente utilizzata in stampa.[\/vc_column_text][\/vc_tta_section][vc_tta_section title=&#8221;Come faccio ad abbinare la stampa AS\/400 alla grafica?&#8221; tab_id=&#8221;1598545383962-d275738c-8a42&#8243;][vc_column_text]Utilizzando il componente \u201c<strong>Designer<\/strong>\u201d che consente di acquisire lo spool da AS\/400 e disegnare la grafica in modo da farla combaciare con il testo della stampa e\/o modificare il testo della stampa per adattarlo alla stampa.[\/vc_column_text][\/vc_tta_section][\/vc_tta_accordion][\/vc_column][\/vc_row][vc_row][vc_column][vc_custom_heading text=&#8221;PDF-Tiff&#8221; font_container=&#8221;tag:h3|text_align:left&#8221; use_theme_fonts=&#8221;yes&#8221;][\/vc_column][\/vc_row][vc_row][vc_column][vc_tta_accordion][vc_tta_section title=&#8221;\u00c8 possibile proteggere da password i files PDF?&#8221; tab_id=&#8221;1598545438848-4a18584e-1e91&#8243;][vc_column_text]Si. Sia a livello di <strong>visualizzazione<\/strong> che di <strong>modifica<\/strong>, seguendo quelli che sono gli standard del formato Adobe PDF.[\/vc_column_text][\/vc_tta_section][vc_tta_section title=&#8221;Dove vengono salvati i files PDF?&#8221; tab_id=&#8221;1598545438903-fc25faa2-9562&#8243;][vc_column_text]Su cartelle della vostra <strong>rete<\/strong> di PC. La definizione del <strong>percorso<\/strong> di salvataggio avviene in ambito IBM i (AS\/400) ad opera della persona che imposter\u00e0 il prodotto utilizzando le funzioni di Validoc. Se, all\u2019atto di salvare il documento in rete, la cartella dove salvare non esiste, Validoc provvede a <strong>crearla<\/strong>.[\/vc_column_text][\/vc_tta_section][vc_tta_section title=&#8221;Quanto spazio occupano i files PDF?&#8221; tab_id=&#8221;1598545438958-9970d845-4aae&#8221;][vc_column_text]\u00c8 una stima difficile da farsi a priori. Entrano in gioco il <strong>numero<\/strong> delle pagine, la presenza di <strong>grafica<\/strong> e la sua &#8220;pesantezza&#8221; e la risoluzione adottata per il PDF. Una singola pagina con grafica (logo aziendale e fincature) normale e risoluzione a 300 punti occupa, mediamente, 70\/100 Kbyte.[\/vc_column_text][\/vc_tta_section][vc_tta_section title=&#8221;Acquistare anche il modulo Printing per produrre le stampe in PDF o basta il PDF-Tiff?&#8221; tab_id=&#8221;1598545439014-32dd4ea8-b1e6&#8243;][vc_column_text]L\u2019acquisto del printing \u00e8 necessario solo per <strong>stampare<\/strong>. Se si desidera produrre solo i <strong>PDF<\/strong>, \u00e8 comunque possibile configurare le stampe in modalit\u00e0 grafica e trasformarle in PDF con il solo acquisto del modulo PDF-Tiff. Naturalmente non si potr\u00e0 stamparle se non aprendo i PDF, con Adobe Reader o similari, e inviando la stampa su di una stampante PC.[\/vc_column_text][\/vc_tta_section][\/vc_tta_accordion][\/vc_column][\/vc_row][vc_row][vc_column][vc_custom_heading text=&#8221;Email&#8221; font_container=&#8221;tag:h3|text_align:left&#8221; use_theme_fonts=&#8221;yes&#8221;][\/vc_column][\/vc_row][vc_row][vc_column][vc_tta_accordion][vc_tta_section title=&#8221;Posso mandare una e-mail ad un indirizzo ed in copia conoscenza ad un altro?&#8221; tab_id=&#8221;1598545569062-51ab398e-4bb2&#8243;][vc_column_text]Si. Sono previsti anche i campi per il <strong>copia conoscenza<\/strong> nascosta ed il &#8220;<strong>reply to<\/strong>&#8220;.[\/vc_column_text][\/vc_tta_section][vc_tta_section title=&#8221;Posso creare il testo della e-mail con firme diverse?&#8221; tab_id=&#8221;1598545569128-df0ea85c-6a1b&#8221;][vc_column_text]Si, intendendo con &#8220;firma&#8221; una <strong>firma testuale<\/strong>, cio\u00e8 un testo con il nome del mittente ed i suoi dati, differenziandola in varie maniere: in base al contenuto della stampa, in base a valori contenuti in archivio esterno o in base al ritorno di programmi utente richiamati.[\/vc_column_text][\/vc_tta_section][\/vc_tta_accordion][\/vc_column][\/vc_row][vc_row][vc_column][vc_custom_heading text=&#8221;Fax&#8221; font_container=&#8221;tag:h3|text_align:left&#8221; use_theme_fonts=&#8221;yes&#8221;][\/vc_column][\/vc_row][vc_row][vc_column][vc_tta_accordion][vc_tta_section title=&#8221;Posso impostare l\u2019orario di invio del fax?&#8221; tab_id=&#8221;1598545770093-310f429e-82d8&#8243;][vc_column_text]Si. \u00c8 possibile anche creare l&#8217;invio del fax in stato <strong>sospeso<\/strong>, per una seguente de-sospensione ed invio ad opera dell&#8217;utente.[\/vc_column_text][\/vc_tta_section][vc_tta_section title=&#8221;Quanti tentativi di invio esegue il fax?&#8221; tab_id=&#8221;1598545770171-42cd2c80-4551&#8243;][vc_column_text]Di default, <strong>tre<\/strong>. Ma \u00e8 un parametro <strong>modificabile<\/strong>.[\/vc_column_text][\/vc_tta_section][vc_tta_section title=&#8221;Per l\u2019invio fax, serve un fax server?&#8221; tab_id=&#8221;1598545770247-d88f15c5-3ddc&#8221;][vc_column_text]No, Validoc ha le sue funzioni <strong>autonome<\/strong> per l\u2019invio fax. Basta predisporre un modem\/fax collegato al software di Validoc.[\/vc_column_text][\/vc_tta_section][vc_tta_section title=&#8221;E\u2019 possibile tenere traccia delle varie spedizioni via fax?&#8221; tab_id=&#8221;1598545770330-3d268ca6-60e4&#8243;][vc_column_text]Si. E\u2019 possibile verificare il singolo invio, stampare un <strong>log<\/strong> con i risultati degli invii per periodo oppure stampare per ogni invio il risultato di invio comprensivo della miniatura del fax inviato. Quest\u2019ultimo potrebbe essere anche stampato su coda di stampa PDF per archiviare i risultati di invio.[\/vc_column_text][\/vc_tta_section][\/vc_tta_accordion][\/vc_column][\/vc_row][vc_row][vc_column][vc_custom_heading text=&#8221;Extract&#8221; font_container=&#8221;tag:h3|text_align:left&#8221; use_theme_fonts=&#8221;yes&#8221;][\/vc_column][\/vc_row][vc_row][vc_column][vc_tta_accordion][vc_tta_section title=&#8221;Cos\u2019\u00e8 il CSV-AUT?&#8221; tab_id=&#8221;1598545645872-110085ac-8735&#8243;][vc_column_text]Si tratta di un formato di file delimitato da caratteri che pu\u00f2 essere aperto da programmi di database (Access ad esempio) o da elaboratori di fogli elettronici (Excel). Validoc cattura la stampa IMB i (AS\/400) e la suddivide in modo <strong>automatico<\/strong> (AUT) per colonne in base agli spazi presenti. Ovviamente il risultato non pu\u00f2 essere estremamente preciso, basti pensare al risultato che si ottiene sulle testate e sul piede di stampa, ma nel caso di tabulati molto costanti nella forma e, comunque, dove non sia necessaria una grande accuratezza nell&#8217;estrazione, si tratta di un metodo sbrigativo e funzionale per estrarre dati per elaborazione in ambito PC ad opera degli utenti aziendali.[\/vc_column_text][\/vc_tta_section][\/vc_tta_accordion][\/vc_column][\/vc_row]<\/p>\n","protected":false},"excerpt":{"rendered":"<p>[vc_row el_class=&#8221;fake_breadcrumbs&#8221;][vc_column][vc_column_text]Prodotti &gt; Stampa grafica AS\/400 &gt; FAQ[\/vc_column_text][\/vc_column][\/vc_row][vc_row][vc_column][vc_single_image image=&#8221;4368&#8243; img_size=&#8221;426&#215;237&#8243;][\/vc_column][\/vc_row][vc_row][vc_column][vc_custom_heading text=&#8221;Generiche&#8221; font_container=&#8221;tag:h3|text_align:left&#8221; use_theme_fonts=&#8221;yes&#8221;][\/vc_column][\/vc_row][vc_row el_class=&#8221;schede&#8221;][vc_column][vc_tta_accordion][vc_tta_section title=&#8221;E\u2019 possibile utilizzare il software per<\/p>\n","protected":false},"author":2,"featured_media":0,"parent":0,"menu_order":0,"comment_status":"closed","ping_status":"closed","template":"","meta":{"footnotes":""},"class_list":["post-1900","page","type-page","status-publish","hentry"],"yoast_head":"<!-- This site is optimized with the Yoast SEO plugin v27.5 - https:\/\/yoast.com\/product\/yoast-seo-wordpress\/ -->\n<title>Domande frequenti sul software Validoc<\/title>\n<meta name=\"description\" content=\"Domande frequenti sul software &quot;Validoc&quot; di gestione della stampa grafica AS\/400 ( iSeries - IBM i ), conversione in PDF ed invio E-mail\/Fax.\" \/>\n<meta name=\"robots\" content=\"index, follow, max-snippet:-1, max-image-preview:large, max-video-preview:-1\" \/>\n<link rel=\"canonical\" href=\"https:\/\/www.recordinformatica.it\/it\/software-spool-as400-supporto.htm\" \/>\n<meta property=\"og:locale\" content=\"it_IT\" \/>\n<meta property=\"og:type\" content=\"article\" \/>\n<meta property=\"og:title\" content=\"Domande frequenti sul software Validoc\" \/>\n<meta property=\"og:description\" content=\"Domande frequenti sul software &quot;Validoc&quot; di gestione della stampa grafica AS\/400 ( iSeries - IBM i ), conversione in PDF ed invio E-mail\/Fax.\" \/>\n<meta property=\"og:url\" content=\"https:\/\/www.recordinformatica.it\/it\/software-spool-as400-supporto.htm\" \/>\n<meta property=\"og:site_name\" content=\"Record Informatica\" \/>\n<meta property=\"article:modified_time\" content=\"2023-03-28T10:06:16+00:00\" \/>\n<meta name=\"twitter:card\" content=\"summary_large_image\" \/>\n<meta name=\"twitter:label1\" content=\"Tempo di lettura stimato\" \/>\n\t<meta name=\"twitter:data1\" content=\"9 minuti\" \/>\n<script type=\"application\/ld+json\" class=\"yoast-schema-graph\">{\"@context\":\"https:\\\/\\\/schema.org\",\"@graph\":[{\"@type\":\"WebPage\",\"@id\":\"https:\\\/\\\/www.recordinformatica.it\\\/it\\\/software-spool-as400-supporto.htm\",\"url\":\"https:\\\/\\\/www.recordinformatica.it\\\/it\\\/software-spool-as400-supporto.htm\",\"name\":\"Domande frequenti sul software Validoc\",\"isPartOf\":{\"@id\":\"https:\\\/\\\/www.recordinformatica.it\\\/it\\\/#website\"},\"datePublished\":\"2020-08-27T07:58:13+00:00\",\"dateModified\":\"2023-03-28T10:06:16+00:00\",\"description\":\"Domande frequenti sul software \\\"Validoc\\\" di gestione della stampa grafica AS\\\/400 ( iSeries - IBM i ), conversione in PDF ed invio E-mail\\\/Fax.\",\"breadcrumb\":{\"@id\":\"https:\\\/\\\/www.recordinformatica.it\\\/it\\\/software-spool-as400-supporto.htm#breadcrumb\"},\"inLanguage\":\"it-IT\",\"potentialAction\":[{\"@type\":\"ReadAction\",\"target\":[\"https:\\\/\\\/www.recordinformatica.it\\\/it\\\/software-spool-as400-supporto.htm\"]}]},{\"@type\":\"BreadcrumbList\",\"@id\":\"https:\\\/\\\/www.recordinformatica.it\\\/it\\\/software-spool-as400-supporto.htm#breadcrumb\",\"itemListElement\":[{\"@type\":\"ListItem\",\"position\":1,\"name\":\"Home\",\"item\":\"https:\\\/\\\/www.recordinformatica.it\\\/it\\\/\"},{\"@type\":\"ListItem\",\"position\":2,\"name\":\"Domande e Risposte\"}]},{\"@type\":\"WebSite\",\"@id\":\"https:\\\/\\\/www.recordinformatica.it\\\/it\\\/#website\",\"url\":\"https:\\\/\\\/www.recordinformatica.it\\\/it\\\/\",\"name\":\"Record Informatica\",\"description\":\"\",\"publisher\":{\"@id\":\"https:\\\/\\\/www.recordinformatica.it\\\/it\\\/#organization\"},\"potentialAction\":[{\"@type\":\"SearchAction\",\"target\":{\"@type\":\"EntryPoint\",\"urlTemplate\":\"https:\\\/\\\/www.recordinformatica.it\\\/it\\\/?s={search_term_string}\"},\"query-input\":{\"@type\":\"PropertyValueSpecification\",\"valueRequired\":true,\"valueName\":\"search_term_string\"}}],\"inLanguage\":\"it-IT\"},{\"@type\":\"Organization\",\"@id\":\"https:\\\/\\\/www.recordinformatica.it\\\/it\\\/#organization\",\"name\":\"Record Informatica\",\"url\":\"https:\\\/\\\/www.recordinformatica.it\\\/it\\\/\",\"logo\":{\"@type\":\"ImageObject\",\"inLanguage\":\"it-IT\",\"@id\":\"https:\\\/\\\/www.recordinformatica.it\\\/it\\\/#\\\/schema\\\/logo\\\/image\\\/\",\"url\":\"https:\\\/\\\/www.recordinformatica.it\\\/wp-content\\\/uploads\\\/2023\\\/03\\\/logo_recordgrande_white_border_top_bottom-3.jpg\",\"contentUrl\":\"https:\\\/\\\/www.recordinformatica.it\\\/wp-content\\\/uploads\\\/2023\\\/03\\\/logo_recordgrande_white_border_top_bottom-3.jpg\",\"width\":568,\"height\":368,\"caption\":\"Record Informatica\"},\"image\":{\"@id\":\"https:\\\/\\\/www.recordinformatica.it\\\/it\\\/#\\\/schema\\\/logo\\\/image\\\/\"}}]}<\/script>\n<!-- \/ Yoast SEO plugin. -->","yoast_head_json":{"title":"Domande frequenti sul software Validoc","description":"Domande frequenti sul software \"Validoc\" di gestione della stampa grafica AS\/400 ( iSeries - IBM i ), conversione in PDF ed invio E-mail\/Fax.","robots":{"index":"index","follow":"follow","max-snippet":"max-snippet:-1","max-image-preview":"max-image-preview:large","max-video-preview":"max-video-preview:-1"},"canonical":"https:\/\/www.recordinformatica.it\/it\/software-spool-as400-supporto.htm","og_locale":"it_IT","og_type":"article","og_title":"Domande frequenti sul software Validoc","og_description":"Domande frequenti sul software \"Validoc\" di gestione della stampa grafica AS\/400 ( iSeries - IBM i ), conversione in PDF ed invio E-mail\/Fax.","og_url":"https:\/\/www.recordinformatica.it\/it\/software-spool-as400-supporto.htm","og_site_name":"Record Informatica","article_modified_time":"2023-03-28T10:06:16+00:00","twitter_card":"summary_large_image","twitter_misc":{"Tempo di lettura stimato":"9 minuti"},"schema":{"@context":"https:\/\/schema.org","@graph":[{"@type":"WebPage","@id":"https:\/\/www.recordinformatica.it\/it\/software-spool-as400-supporto.htm","url":"https:\/\/www.recordinformatica.it\/it\/software-spool-as400-supporto.htm","name":"Domande frequenti sul software Validoc","isPartOf":{"@id":"https:\/\/www.recordinformatica.it\/it\/#website"},"datePublished":"2020-08-27T07:58:13+00:00","dateModified":"2023-03-28T10:06:16+00:00","description":"Domande frequenti sul software \"Validoc\" di gestione della stampa grafica AS\/400 ( iSeries - IBM i ), conversione in PDF ed invio E-mail\/Fax.","breadcrumb":{"@id":"https:\/\/www.recordinformatica.it\/it\/software-spool-as400-supporto.htm#breadcrumb"},"inLanguage":"it-IT","potentialAction":[{"@type":"ReadAction","target":["https:\/\/www.recordinformatica.it\/it\/software-spool-as400-supporto.htm"]}]},{"@type":"BreadcrumbList","@id":"https:\/\/www.recordinformatica.it\/it\/software-spool-as400-supporto.htm#breadcrumb","itemListElement":[{"@type":"ListItem","position":1,"name":"Home","item":"https:\/\/www.recordinformatica.it\/it\/"},{"@type":"ListItem","position":2,"name":"Domande e Risposte"}]},{"@type":"WebSite","@id":"https:\/\/www.recordinformatica.it\/it\/#website","url":"https:\/\/www.recordinformatica.it\/it\/","name":"Record Informatica","description":"","publisher":{"@id":"https:\/\/www.recordinformatica.it\/it\/#organization"},"potentialAction":[{"@type":"SearchAction","target":{"@type":"EntryPoint","urlTemplate":"https:\/\/www.recordinformatica.it\/it\/?s={search_term_string}"},"query-input":{"@type":"PropertyValueSpecification","valueRequired":true,"valueName":"search_term_string"}}],"inLanguage":"it-IT"},{"@type":"Organization","@id":"https:\/\/www.recordinformatica.it\/it\/#organization","name":"Record Informatica","url":"https:\/\/www.recordinformatica.it\/it\/","logo":{"@type":"ImageObject","inLanguage":"it-IT","@id":"https:\/\/www.recordinformatica.it\/it\/#\/schema\/logo\/image\/","url":"https:\/\/www.recordinformatica.it\/wp-content\/uploads\/2023\/03\/logo_recordgrande_white_border_top_bottom-3.jpg","contentUrl":"https:\/\/www.recordinformatica.it\/wp-content\/uploads\/2023\/03\/logo_recordgrande_white_border_top_bottom-3.jpg","width":568,"height":368,"caption":"Record Informatica"},"image":{"@id":"https:\/\/www.recordinformatica.it\/it\/#\/schema\/logo\/image\/"}}]}},"_links":{"self":[{"href":"https:\/\/www.recordinformatica.it\/it\/wp-json\/wp\/v2\/pages\/1900","targetHints":{"allow":["GET"]}}],"collection":[{"href":"https:\/\/www.recordinformatica.it\/it\/wp-json\/wp\/v2\/pages"}],"about":[{"href":"https:\/\/www.recordinformatica.it\/it\/wp-json\/wp\/v2\/types\/page"}],"author":[{"embeddable":true,"href":"https:\/\/www.recordinformatica.it\/it\/wp-json\/wp\/v2\/users\/2"}],"replies":[{"embeddable":true,"href":"https:\/\/www.recordinformatica.it\/it\/wp-json\/wp\/v2\/comments?post=1900"}],"version-history":[{"count":0,"href":"https:\/\/www.recordinformatica.it\/it\/wp-json\/wp\/v2\/pages\/1900\/revisions"}],"wp:attachment":[{"href":"https:\/\/www.recordinformatica.it\/it\/wp-json\/wp\/v2\/media?parent=1900"}],"curies":[{"name":"wp","href":"https:\/\/api.w.org\/{rel}","templated":true}]}}