{"id":1898,"date":"2020-08-27T09:58:00","date_gmt":"2020-08-27T07:58:00","guid":{"rendered":"https:\/\/www.recordinformatica.it\/testimonianze-uso-validoc-as400.htm"},"modified":"2024-06-20T17:51:50","modified_gmt":"2024-06-20T15:51:50","slug":"testimonianze-uso-validoc-as400","status":"publish","type":"page","link":"https:\/\/www.recordinformatica.it\/it\/testimonianze-uso-validoc-as400.htm","title":{"rendered":"Testimonianze sull\u2019uso di Validoc"},"content":{"rendered":"<p>[vc_row el_class=&#8221;fake_breadcrumbs&#8221;][vc_column][vc_column_text]<strong>Prodotti &gt; <a href=\"https:\/\/www.recordinformatica.it\/it\/software-gestione-stampe-iseries-as400.htm\">Stampa grafica AS\/400<\/a> &gt;<\/strong> Testimonianze[\/vc_column_text][\/vc_column][\/vc_row][vc_row][vc_column][vc_column_text]<img loading=\"lazy\" decoding=\"async\" class=\"size-full wp-image-2250 alignleft\" src=\"https:\/\/www.recordinformatica.it\/wp-content\/uploads\/2020\/08\/testimonianze_v.png\" alt=\"\" width=\"200\" height=\"200\" srcset=\"https:\/\/www.recordinformatica.it\/wp-content\/uploads\/2020\/08\/testimonianze_v.png 200w, https:\/\/www.recordinformatica.it\/wp-content\/uploads\/2020\/08\/testimonianze_v-150x150.png 150w\" sizes=\"auto, (max-width: 200px) 100vw, 200px\" \/>In questa pagina puoi trovare alcune testimonianze sull\u2019uso di Validoc da parte dei nostri clienti.<\/p>\n<p>A parlare sono i responsabili EDP delle aziende nostre clienti. Sono coloro che utilizzano quotidianamente Validoc per risolvere i problemi di stampa delle loro aziende.<\/p>\n<p>La loro opinione \u00e8 quindi particolarmente mirata e significativa.[\/vc_column_text][\/vc_column][\/vc_row][vc_row css=&#8221;.vc_custom_1598544535390{margin-top: 20px !important;}&#8221;][vc_column width=&#8221;1\/2&#8243;][vc_column_text]<strong>Andrea P. \u2013 IT Manager Difarco<\/strong>[\/vc_column_text][\/vc_column][vc_column width=&#8221;1\/2&#8243;][vc_single_image image=&#8221;2253&#8243; img_size=&#8221;full&#8221; alignment=&#8221;right&#8221; onclick=&#8221;custom_link&#8221; img_link_target=&#8221;_blank&#8221; link=&#8221;http:\/\/www.difarco.it\/&#8221;][\/vc_column][\/vc_row][vc_row][vc_column][vc_column_text]<i>\u201cAbbiamo scelto Validoc per realizzare un progetto di stampa grafica da AS\/400, inizialmente, abbastanza mirato. Utilizzandolo ci siamo resi conto del gran numero di funzioni e della solidit\u00e0 del prodotto e ne abbiamo esteso molto l\u2019uso. Oggi realizziamo stampe con decine di grafiche diverse per i molti clienti del nostro polo logistico. Stampiamo oltre un milione di pagine l\u2019anno con Validoc nel nostro network di sistemi AS\/400, realizziamo i PDF delle stampe e la spedizione ai clienti del documento tramite e-mail. L\u2019uso di Validoc \u00e8 partito piano ma oggi questo software \u00e8 fondamentale per la nostra operativit\u00e0. \u201d<\/i><\/p>\n<p>Fondata nel 1979 con l\u2019obiettivo di predisporre servizi di stoccaggio, custodia e distribuzione di prodotti farmaceutici e cosmetici,\u00a0<strong>Difarco<\/strong>\u00a0(da Distribuzione Farmaceutici e Cosmetici) \u00e8 oggi una delle quattro societ\u00e0 (assieme a Difarco Real, Phardis e Stock House Italia Logistic) di un unico gruppo che operano come partner di aziende nazionali ed internazionali del settore Farmaceutico\/Cosmetico. (<a href=\"http:\/\/www.difarco.it\/\" target=\"_blank\" rel=\"noopener noreferrer\">www.difarco.it<\/a>).[\/vc_column_text][\/vc_column][\/vc_row][vc_row css=&#8221;.vc_custom_1598544541326{margin-top: 20px !important;}&#8221;][vc_column width=&#8221;1\/2&#8243;][vc_single_image image=&#8221;2255&#8243; img_size=&#8221;full&#8221; onclick=&#8221;custom_link&#8221; img_link_target=&#8221;_blank&#8221; link=&#8221;http:\/\/www.euromotorsitalia.net\/&#8221;][\/vc_column][vc_column width=&#8221;1\/2&#8243;][vc_column_text]<\/p>\n<p style=\"text-align: right;\"><strong>Luisa B. \u2013 IT Manager Euro Motors Italia<\/strong><\/p>\n<p>[\/vc_column_text][\/vc_column][\/vc_row][vc_row][vc_column][vc_column_text]<i>\u201cIl software Validoc ci ha consentito di realizzare con semplicit\u00e0 la stampa dei nostri documenti AS\/400 su stampante laser. I suoi strumenti di Design della stampa ci hanno permesso di realizzare in autonomia la struttura grafica della stampa e l\u2019adattamento del testo. Abbiamo, poi, predisposto facilmente la conversione della stampa in PDF ed il suo salvataggio strutturato in rete locale. Anche la fase di document delivery tramite e-mail \u00e8 stata impostata in modo veloce e flessibile. \u201d<\/i><\/p>\n<p><strong>EURO MOTORS ITALIA<\/strong>\u00a0\u00e8 un\u2019azienda specializzata nella produzione di motori elettrici e gruppi ventilanti per la refrigerazione ed il condizionamento dell\u201caria. Le unit\u00e0 ventilanti prodotte da Euro Motors rappresentano circa il 50% dell\u2019attuale produzione di FAN COILS d&#8217;Europa e, per questo, \u00e8 possibile qualificare l&#8217;azienda come il primo produttore Europeo del settore (<a href=\"http:\/\/www.euromotorsitalia.net\/\" target=\"_blank\" rel=\"noopener noreferrer\">www.euromotorsitalia.net<\/a>).[\/vc_column_text][\/vc_column][\/vc_row][vc_row css=&#8221;.vc_custom_1598544546356{margin-top: 20px !important;}&#8221;][vc_column width=&#8221;1\/2&#8243;][vc_column_text]<strong>Paolo G. \u2013 IT Manager OMS Group<\/strong>[\/vc_column_text][\/vc_column][vc_column width=&#8221;1\/2&#8243;][vc_single_image image=&#8221;2257&#8243; img_size=&#8221;full&#8221; alignment=&#8221;right&#8221; onclick=&#8221;custom_link&#8221; img_link_target=&#8221;_blank&#8221; link=&#8221;http:\/\/www.omsspa.com\/&#8221;][\/vc_column][\/vc_row][vc_row][vc_column][vc_column_text]<i>\u201cUsiamo con soddisfazione Validoc per realizzare le nostre stampe, in bianco e nero od a colori, da sistema AS\/400 su stampante laser. Ritengo sia un software facile, robusto ed affidabile che non ci crea mai problemi. Non posso che consigliarlo. \u201d<\/i><\/p>\n<p><strong>OMS GROUP<\/strong>\u00a0\u00e8 leader per lo sviluppo e la fabbricazione di impianti di imballaggio. Il gruppo \u00e8 formato, oltre che dalla casa madre, da 10 aziende operanti sul territorio Nazionale, in Europa e nel continente Americano ed Asiatico. OMS GROUP in Italia \u00e8 costituita da 4 societ\u00e0 operative indipendenti. (<a href=\"http:\/\/www.omsspa.com\/\" target=\"_blank\" rel=\"noopener noreferrer\">www.omsspa.com<\/a>).[\/vc_column_text][\/vc_column][\/vc_row][vc_row css=&#8221;.vc_custom_1598544551899{margin-top: 20px !important;}&#8221;][vc_column width=&#8221;1\/2&#8243;][vc_single_image image=&#8221;2259&#8243; img_size=&#8221;full&#8221; onclick=&#8221;custom_link&#8221; img_link_target=&#8221;_blank&#8221; link=&#8221;http:\/\/www.isaspa.it\/&#8221;][\/vc_column][vc_column width=&#8221;1\/2&#8243;][vc_column_text]<\/p>\n<p style=\"text-align: right;\"><strong>Danilo C. \u2013 IT Manager Supermercati Isa<\/strong><\/p>\n<p>[\/vc_column_text][\/vc_column][\/vc_row][vc_row][vc_column][vc_column_text]<i>\u201cAbbiamo trovato nel software Validoc uno strumento semplice e potente per realizzare la migrazione dalle stampe da modulo continuo alla stampa laser. La componente di stampa, nativa AS\/400, gestisce con facilit\u00e0 i nostri consistenti volumi di stampa. La stampa del barcode EAN128, per noi fondamentale, \u00e8 stata realizzata con semplicit\u00e0 ed immediatezza. \u201d<\/i><\/p>\n<p>Il\u00a0<strong>Gruppo ISA spa<\/strong>\u00a0\u00e8 un gruppo specializzato nella distribuzione alimentare, e non, in Sardegna. E\u201c composto da societ\u00e0 operanti in diversi settori dell\u201ceconomia: vendita all\u201cingrosso ed al dettaglio, produzione industriale, servizi ed agricoltura. Con una moderna e capillare rete di vendita rifornisce centinaia di punti vendita affiliati ed \u00e8 leader della distribuzione organizzata in Sardegna (<a href=\"http:\/\/www.isaspa.it\/\" target=\"_blank\" rel=\"noopener noreferrer\">www.isaspa.it<\/a>).<\/p>\n<p>&nbsp;<\/p>\n<p><strong>Scarica il software in prova<\/strong><\/p>\n<ul>\n<li><a href=\"https:\/\/www.recordinformatica.it\/it\/registrazione-software-stampa-spool.htm\" target=\"_blank\" rel=\"noopener\">Download Validoc<\/a><\/li>\n<\/ul>\n<p>[\/vc_column_text][\/vc_column][\/vc_row]<\/p>\n","protected":false},"excerpt":{"rendered":"<p>[vc_row el_class=&#8221;fake_breadcrumbs&#8221;][vc_column][vc_column_text]Prodotti &gt; Stampa grafica AS\/400 &gt; Testimonianze[\/vc_column_text][\/vc_column][\/vc_row][vc_row][vc_column][vc_column_text]In questa pagina puoi trovare alcune testimonianze sull\u2019uso di Validoc da parte dei<\/p>\n","protected":false},"author":2,"featured_media":0,"parent":0,"menu_order":0,"comment_status":"closed","ping_status":"closed","template":"page-templates\/page-shortcode.php","meta":{"footnotes":""},"class_list":["post-1898","page","type-page","status-publish","hentry"],"yoast_head":"<!-- This site is optimized with the Yoast SEO plugin v27.4 - https:\/\/yoast.com\/product\/yoast-seo-wordpress\/ -->\n<title>Testimonianze d\u2019uso del software Validoc per AS\/400.<\/title>\n<meta name=\"description\" content=\"I responsabili EDP delle aziende nostre clienti descrivono la loro esperienza d\u2019uso con Validoc fornendo una mirata testimonianza.\" \/>\n<meta name=\"robots\" content=\"index, follow, max-snippet:-1, max-image-preview:large, max-video-preview:-1\" \/>\n<link rel=\"canonical\" href=\"https:\/\/www.recordinformatica.it\/it\/testimonianze-uso-validoc-as400.htm\" \/>\n<meta property=\"og:locale\" content=\"it_IT\" \/>\n<meta property=\"og:type\" content=\"article\" \/>\n<meta property=\"og:title\" content=\"Testimonianze d\u2019uso del software Validoc per AS\/400.\" \/>\n<meta property=\"og:description\" content=\"I responsabili EDP delle aziende nostre clienti descrivono la loro esperienza d\u2019uso con Validoc fornendo una mirata testimonianza.\" \/>\n<meta property=\"og:url\" content=\"https:\/\/www.recordinformatica.it\/it\/testimonianze-uso-validoc-as400.htm\" \/>\n<meta property=\"og:site_name\" content=\"Record Informatica\" \/>\n<meta property=\"article:modified_time\" content=\"2024-06-20T15:51:50+00:00\" \/>\n<meta property=\"og:image\" content=\"https:\/\/www.recordinformatica.it\/wp-content\/uploads\/2020\/08\/testimonianze_v.png\" \/>\n<meta name=\"twitter:card\" content=\"summary_large_image\" \/>\n<meta name=\"twitter:label1\" content=\"Tempo di lettura stimato\" \/>\n\t<meta name=\"twitter:data1\" content=\"4 minuti\" \/>\n<script type=\"application\/ld+json\" class=\"yoast-schema-graph\">{\"@context\":\"https:\\\/\\\/schema.org\",\"@graph\":[{\"@type\":\"WebPage\",\"@id\":\"https:\\\/\\\/www.recordinformatica.it\\\/it\\\/testimonianze-uso-validoc-as400.htm\",\"url\":\"https:\\\/\\\/www.recordinformatica.it\\\/it\\\/testimonianze-uso-validoc-as400.htm\",\"name\":\"Testimonianze d\u2019uso del software Validoc per AS\\\/400.\",\"isPartOf\":{\"@id\":\"https:\\\/\\\/www.recordinformatica.it\\\/it\\\/#website\"},\"primaryImageOfPage\":{\"@id\":\"https:\\\/\\\/www.recordinformatica.it\\\/it\\\/testimonianze-uso-validoc-as400.htm#primaryimage\"},\"image\":{\"@id\":\"https:\\\/\\\/www.recordinformatica.it\\\/it\\\/testimonianze-uso-validoc-as400.htm#primaryimage\"},\"thumbnailUrl\":\"https:\\\/\\\/www.recordinformatica.it\\\/wp-content\\\/uploads\\\/2020\\\/08\\\/testimonianze_v.png\",\"datePublished\":\"2020-08-27T07:58:00+00:00\",\"dateModified\":\"2024-06-20T15:51:50+00:00\",\"description\":\"I responsabili EDP delle aziende nostre clienti descrivono la loro esperienza d\u2019uso con Validoc fornendo una mirata testimonianza.\",\"breadcrumb\":{\"@id\":\"https:\\\/\\\/www.recordinformatica.it\\\/it\\\/testimonianze-uso-validoc-as400.htm#breadcrumb\"},\"inLanguage\":\"it-IT\",\"potentialAction\":[{\"@type\":\"ReadAction\",\"target\":[\"https:\\\/\\\/www.recordinformatica.it\\\/it\\\/testimonianze-uso-validoc-as400.htm\"]}]},{\"@type\":\"ImageObject\",\"inLanguage\":\"it-IT\",\"@id\":\"https:\\\/\\\/www.recordinformatica.it\\\/it\\\/testimonianze-uso-validoc-as400.htm#primaryimage\",\"url\":\"https:\\\/\\\/www.recordinformatica.it\\\/wp-content\\\/uploads\\\/2020\\\/08\\\/testimonianze_v.png\",\"contentUrl\":\"https:\\\/\\\/www.recordinformatica.it\\\/wp-content\\\/uploads\\\/2020\\\/08\\\/testimonianze_v.png\"},{\"@type\":\"BreadcrumbList\",\"@id\":\"https:\\\/\\\/www.recordinformatica.it\\\/it\\\/testimonianze-uso-validoc-as400.htm#breadcrumb\",\"itemListElement\":[{\"@type\":\"ListItem\",\"position\":1,\"name\":\"Home\",\"item\":\"https:\\\/\\\/www.recordinformatica.it\\\/it\\\/\"},{\"@type\":\"ListItem\",\"position\":2,\"name\":\"Testimonianze sull\u2019uso di Validoc\"}]},{\"@type\":\"WebSite\",\"@id\":\"https:\\\/\\\/www.recordinformatica.it\\\/it\\\/#website\",\"url\":\"https:\\\/\\\/www.recordinformatica.it\\\/it\\\/\",\"name\":\"Record Informatica\",\"description\":\"\",\"publisher\":{\"@id\":\"https:\\\/\\\/www.recordinformatica.it\\\/it\\\/#organization\"},\"potentialAction\":[{\"@type\":\"SearchAction\",\"target\":{\"@type\":\"EntryPoint\",\"urlTemplate\":\"https:\\\/\\\/www.recordinformatica.it\\\/it\\\/?s={search_term_string}\"},\"query-input\":{\"@type\":\"PropertyValueSpecification\",\"valueRequired\":true,\"valueName\":\"search_term_string\"}}],\"inLanguage\":\"it-IT\"},{\"@type\":\"Organization\",\"@id\":\"https:\\\/\\\/www.recordinformatica.it\\\/it\\\/#organization\",\"name\":\"Record Informatica\",\"url\":\"https:\\\/\\\/www.recordinformatica.it\\\/it\\\/\",\"logo\":{\"@type\":\"ImageObject\",\"inLanguage\":\"it-IT\",\"@id\":\"https:\\\/\\\/www.recordinformatica.it\\\/it\\\/#\\\/schema\\\/logo\\\/image\\\/\",\"url\":\"https:\\\/\\\/www.recordinformatica.it\\\/wp-content\\\/uploads\\\/2023\\\/03\\\/logo_recordgrande_white_border_top_bottom-3.jpg\",\"contentUrl\":\"https:\\\/\\\/www.recordinformatica.it\\\/wp-content\\\/uploads\\\/2023\\\/03\\\/logo_recordgrande_white_border_top_bottom-3.jpg\",\"width\":568,\"height\":368,\"caption\":\"Record Informatica\"},\"image\":{\"@id\":\"https:\\\/\\\/www.recordinformatica.it\\\/it\\\/#\\\/schema\\\/logo\\\/image\\\/\"}}]}<\/script>\n<!-- \/ Yoast SEO plugin. -->","yoast_head_json":{"title":"Testimonianze d\u2019uso del software Validoc per AS\/400.","description":"I responsabili EDP delle aziende nostre clienti descrivono la loro esperienza d\u2019uso con Validoc fornendo una mirata testimonianza.","robots":{"index":"index","follow":"follow","max-snippet":"max-snippet:-1","max-image-preview":"max-image-preview:large","max-video-preview":"max-video-preview:-1"},"canonical":"https:\/\/www.recordinformatica.it\/it\/testimonianze-uso-validoc-as400.htm","og_locale":"it_IT","og_type":"article","og_title":"Testimonianze d\u2019uso del software Validoc per AS\/400.","og_description":"I responsabili EDP delle aziende nostre clienti descrivono la loro esperienza d\u2019uso con Validoc fornendo una mirata testimonianza.","og_url":"https:\/\/www.recordinformatica.it\/it\/testimonianze-uso-validoc-as400.htm","og_site_name":"Record Informatica","article_modified_time":"2024-06-20T15:51:50+00:00","og_image":[{"url":"https:\/\/www.recordinformatica.it\/wp-content\/uploads\/2020\/08\/testimonianze_v.png","type":"","width":"","height":""}],"twitter_card":"summary_large_image","twitter_misc":{"Tempo di lettura stimato":"4 minuti"},"schema":{"@context":"https:\/\/schema.org","@graph":[{"@type":"WebPage","@id":"https:\/\/www.recordinformatica.it\/it\/testimonianze-uso-validoc-as400.htm","url":"https:\/\/www.recordinformatica.it\/it\/testimonianze-uso-validoc-as400.htm","name":"Testimonianze d\u2019uso del software Validoc per AS\/400.","isPartOf":{"@id":"https:\/\/www.recordinformatica.it\/it\/#website"},"primaryImageOfPage":{"@id":"https:\/\/www.recordinformatica.it\/it\/testimonianze-uso-validoc-as400.htm#primaryimage"},"image":{"@id":"https:\/\/www.recordinformatica.it\/it\/testimonianze-uso-validoc-as400.htm#primaryimage"},"thumbnailUrl":"https:\/\/www.recordinformatica.it\/wp-content\/uploads\/2020\/08\/testimonianze_v.png","datePublished":"2020-08-27T07:58:00+00:00","dateModified":"2024-06-20T15:51:50+00:00","description":"I responsabili EDP delle aziende nostre clienti descrivono la loro esperienza d\u2019uso con Validoc fornendo una mirata testimonianza.","breadcrumb":{"@id":"https:\/\/www.recordinformatica.it\/it\/testimonianze-uso-validoc-as400.htm#breadcrumb"},"inLanguage":"it-IT","potentialAction":[{"@type":"ReadAction","target":["https:\/\/www.recordinformatica.it\/it\/testimonianze-uso-validoc-as400.htm"]}]},{"@type":"ImageObject","inLanguage":"it-IT","@id":"https:\/\/www.recordinformatica.it\/it\/testimonianze-uso-validoc-as400.htm#primaryimage","url":"https:\/\/www.recordinformatica.it\/wp-content\/uploads\/2020\/08\/testimonianze_v.png","contentUrl":"https:\/\/www.recordinformatica.it\/wp-content\/uploads\/2020\/08\/testimonianze_v.png"},{"@type":"BreadcrumbList","@id":"https:\/\/www.recordinformatica.it\/it\/testimonianze-uso-validoc-as400.htm#breadcrumb","itemListElement":[{"@type":"ListItem","position":1,"name":"Home","item":"https:\/\/www.recordinformatica.it\/it\/"},{"@type":"ListItem","position":2,"name":"Testimonianze sull\u2019uso di Validoc"}]},{"@type":"WebSite","@id":"https:\/\/www.recordinformatica.it\/it\/#website","url":"https:\/\/www.recordinformatica.it\/it\/","name":"Record Informatica","description":"","publisher":{"@id":"https:\/\/www.recordinformatica.it\/it\/#organization"},"potentialAction":[{"@type":"SearchAction","target":{"@type":"EntryPoint","urlTemplate":"https:\/\/www.recordinformatica.it\/it\/?s={search_term_string}"},"query-input":{"@type":"PropertyValueSpecification","valueRequired":true,"valueName":"search_term_string"}}],"inLanguage":"it-IT"},{"@type":"Organization","@id":"https:\/\/www.recordinformatica.it\/it\/#organization","name":"Record Informatica","url":"https:\/\/www.recordinformatica.it\/it\/","logo":{"@type":"ImageObject","inLanguage":"it-IT","@id":"https:\/\/www.recordinformatica.it\/it\/#\/schema\/logo\/image\/","url":"https:\/\/www.recordinformatica.it\/wp-content\/uploads\/2023\/03\/logo_recordgrande_white_border_top_bottom-3.jpg","contentUrl":"https:\/\/www.recordinformatica.it\/wp-content\/uploads\/2023\/03\/logo_recordgrande_white_border_top_bottom-3.jpg","width":568,"height":368,"caption":"Record Informatica"},"image":{"@id":"https:\/\/www.recordinformatica.it\/it\/#\/schema\/logo\/image\/"}}]}},"_links":{"self":[{"href":"https:\/\/www.recordinformatica.it\/it\/wp-json\/wp\/v2\/pages\/1898","targetHints":{"allow":["GET"]}}],"collection":[{"href":"https:\/\/www.recordinformatica.it\/it\/wp-json\/wp\/v2\/pages"}],"about":[{"href":"https:\/\/www.recordinformatica.it\/it\/wp-json\/wp\/v2\/types\/page"}],"author":[{"embeddable":true,"href":"https:\/\/www.recordinformatica.it\/it\/wp-json\/wp\/v2\/users\/2"}],"replies":[{"embeddable":true,"href":"https:\/\/www.recordinformatica.it\/it\/wp-json\/wp\/v2\/comments?post=1898"}],"version-history":[{"count":0,"href":"https:\/\/www.recordinformatica.it\/it\/wp-json\/wp\/v2\/pages\/1898\/revisions"}],"wp:attachment":[{"href":"https:\/\/www.recordinformatica.it\/it\/wp-json\/wp\/v2\/media?parent=1898"}],"curies":[{"name":"wp","href":"https:\/\/api.w.org\/{rel}","templated":true}]}}