{"id":1892,"date":"2020-08-27T09:57:47","date_gmt":"2020-08-27T07:57:47","guid":{"rendered":"https:\/\/www.recordinformatica.it\/advanced-function-printing-gratis-as400.htm"},"modified":"2023-07-27T10:31:21","modified_gmt":"2023-07-27T08:31:21","slug":"advanced-function-printing-gratis-as400","status":"publish","type":"page","link":"https:\/\/www.recordinformatica.it\/it\/advanced-function-printing-gratis-as400.htm","title":{"rendered":"AFP gratuito"},"content":{"rendered":"<p>[vc_row el_class=&#8221;fake_breadcrumbs&#8221;][vc_column][vc_column_text]<strong>Prodotti &gt; <a href=\"https:\/\/www.recordinformatica.it\/it\/software-gestione-stampe-iseries-as400.htm\">Stampa grafica AS\/400<\/a> &gt; <a href=\"https:\/\/www.recordinformatica.it\/it\/confronto-software-stampa-as400.htm\">Confronto Prodotti<\/a> &gt;<\/strong> AFP software stampa AS400[\/vc_column_text][\/vc_column][\/vc_row][vc_row][vc_column][vc_column_text]<\/p>\n<div id=\"destra\">\n<div id=\"destra\">\n<p><img loading=\"lazy\" decoding=\"async\" class=\"alignleft wp-image-2227 size-full\" src=\"https:\/\/www.recordinformatica.it\/wp-content\/uploads\/2020\/08\/Advanced-Function-Printing-gratuito-per-AS400-1.jpg\" alt=\"Advanced Function Printing (AFP) per AS\/400 \" width=\"120\" height=\"55\" \/><\/p>\n<p>Il prodotto principale di <a href=\"https:\/\/www.ibm.com\/it-it\" target=\"_blank\" rel=\"noopener\">IBM<\/a> per la gestione delle stampe grafiche \u00e8 l\u2019AFP (Advanced Function Printing).<\/p>\n<\/div>\n<div id=\"testo\">\n<p>Si tratta di un software potente, articolato in vari moduli ed abbastanza complesso, all\u2019interno del quale ricadono le funzioni offerte da sigle quali IPDS, AFPDS oppure prodotti come Infoprint Server.<\/p>\n<p>Una piccola parte di questo prodotto \u00e8 utilizzabile\u00a0<b>gratuitamente<\/b>. IBM mette a disposizione un driver di stampa PC per realizzare Overlay (immagini grafiche da sovrapporre alle stampe) a partire da prodotti grafici PC quali Word, Excel, Corel Draw, etc.<\/p>\n<p>Con questa soluzione gratuita \u00e8 possibile realizzare degli Overlay che possono essere trasmessi all\u2019<a href=\"https:\/\/www.recordinformatica.it\/it\/as400-iSeries-Systemi-OS400-i5OS.htm\" target=\"_blank\" rel=\"noopener\">AS\/400<\/a> (iSeries \u2013 IBM i) e collegati alle stampe per ottenere una soluzione di stampa grafica senza spendere nulla.<\/p>\n<p>A partire dalla release di OS\/400 6.1, IBM ha messo a disposizione anche dei comandi di sistema operativo che convertono le stampe, corredate o meno di questi Overlay, in file PDF.<\/p>\n<p>Si tratta, quindi, di una opzione di produzione di stampe grafiche e PDF senza costi aggiuntivi.<\/p>\n<p>La gratuit\u00e0 \u00e8, per\u00f2, bilanciata da alcuni limiti, tra cui:<\/p>\n<div>\n<ul>\n<li>L\u2019overlay \u00e8\u00a0<b>limitato<\/b>\u00a0a 32 KB di dimensione. Questo significa che Overlay con una grafica significativa non possono essere realizzati o, eventualmente, devono essere divisi in due overlay distinti rendendo pi\u00f9 complicata la gestione<\/li>\n<li>Non esiste\u00a0<b>un\u2019anteprima<\/b>\u00a0del lavoro finale e si deve procedere per approssimazioni successive (la famosa \u201cprova finestra\u201d) per allineare i dati della stampa AS\/400 alla grafica.<\/li>\n<li>L\u2019invio dell\u2019overlay all\u2019AS\/400 avviene eseguendo dei <strong>comandi<\/strong> e, quindi, con una certa manualit\u00e0 nell\u2019operazione.<\/li>\n<li>Per gestire il condizionamento nell\u2019uso degli Overlay, nella creazione di PDF o nell\u2019invio email si deve sempre procedere con attivit\u00e0 di <strong>programmazione<\/strong> non alla portata di tutti<\/li>\n<li>In quanto soluzione gratuita, <strong>non<\/strong> vi \u00e8 <strong>assistenza<\/strong> alcuna in caso di problemi che non si riescono a risolvere da soli.<\/li>\n<\/ul>\n<\/div>\n<\/div>\n<\/div>\n<p>[\/vc_column_text][vc_column_text]E&#8217; <strong>comprensibile<\/strong> che una soluzione gratuita sia sempre molto attraente.<\/p>\n<p>Per\u00f2, un\u2019azienda necessita di soluzioni software che abbiano un supporto di <strong>assistenza<\/strong> ed una continuit\u00e0 di sviluppo futuro senza limitazioni dettate, magari, da disinteresse del produttore.[\/vc_column_text][\/vc_column][\/vc_row][vc_row][vc_column][vc_column_text]<strong>Leggi ulteriori dettagli su Validoc nel documento qui sotto<br \/>\n<\/strong><\/p>\n<ul>\n<li><a href=\"\/wp-content\/uploads\/2023\/05\/Stampa-grafica-AS400-con-Validoc-9.pdf\" target=\"_blank\" rel=\"noopener noreferrer\">Presentazione Validoc<\/a><\/li>\n<\/ul>\n<p>[\/vc_column_text][\/vc_column][\/vc_row]<\/p>\n","protected":false},"excerpt":{"rendered":"<p>[vc_row el_class=&#8221;fake_breadcrumbs&#8221;][vc_column][vc_column_text]Prodotti &gt; Stampa grafica AS\/400 &gt; Confronto Prodotti &gt; AFP software stampa AS400[\/vc_column_text][\/vc_column][\/vc_row][vc_row][vc_column][vc_column_text] Il prodotto principale di IBM per<\/p>\n","protected":false},"author":2,"featured_media":0,"parent":0,"menu_order":0,"comment_status":"closed","ping_status":"closed","template":"","meta":{"footnotes":""},"class_list":["post-1892","page","type-page","status-publish","hentry"],"yoast_head":"<!-- This site is optimized with the Yoast SEO plugin v27.5 - https:\/\/yoast.com\/product\/yoast-seo-wordpress\/ -->\n<title>Soluzione di stampa grafica con AFP gratuito per AS400<\/title>\n<meta name=\"description\" content=\"Esposizione pregi e difetti del sistema di stampa grafica AFP per AS400 nella versione gratuita.\" \/>\n<meta name=\"robots\" content=\"index, follow, max-snippet:-1, max-image-preview:large, max-video-preview:-1\" \/>\n<link rel=\"canonical\" href=\"https:\/\/www.recordinformatica.it\/it\/advanced-function-printing-gratis-as400.htm\" \/>\n<meta property=\"og:locale\" content=\"it_IT\" \/>\n<meta property=\"og:type\" content=\"article\" \/>\n<meta property=\"og:title\" content=\"Soluzione di stampa grafica con AFP gratuito per AS400\" \/>\n<meta property=\"og:description\" content=\"Esposizione pregi e difetti del sistema di stampa grafica AFP per AS400 nella versione gratuita.\" \/>\n<meta property=\"og:url\" content=\"https:\/\/www.recordinformatica.it\/it\/advanced-function-printing-gratis-as400.htm\" \/>\n<meta property=\"og:site_name\" content=\"Record Informatica\" \/>\n<meta property=\"article:modified_time\" content=\"2023-07-27T08:31:21+00:00\" \/>\n<meta property=\"og:image\" content=\"https:\/\/www.recordinformatica.it\/wp-content\/uploads\/2020\/08\/Advanced-Function-Printing-gratuito-per-AS400-1.jpg\" \/>\n<meta name=\"twitter:card\" content=\"summary_large_image\" \/>\n<meta name=\"twitter:label1\" content=\"Tempo di lettura stimato\" \/>\n\t<meta name=\"twitter:data1\" content=\"3 minuti\" \/>\n<script type=\"application\/ld+json\" class=\"yoast-schema-graph\">{\"@context\":\"https:\\\/\\\/schema.org\",\"@graph\":[{\"@type\":\"WebPage\",\"@id\":\"https:\\\/\\\/www.recordinformatica.it\\\/it\\\/advanced-function-printing-gratis-as400.htm\",\"url\":\"https:\\\/\\\/www.recordinformatica.it\\\/it\\\/advanced-function-printing-gratis-as400.htm\",\"name\":\"Soluzione di stampa grafica con AFP gratuito per AS400\",\"isPartOf\":{\"@id\":\"https:\\\/\\\/www.recordinformatica.it\\\/it\\\/#website\"},\"primaryImageOfPage\":{\"@id\":\"https:\\\/\\\/www.recordinformatica.it\\\/it\\\/advanced-function-printing-gratis-as400.htm#primaryimage\"},\"image\":{\"@id\":\"https:\\\/\\\/www.recordinformatica.it\\\/it\\\/advanced-function-printing-gratis-as400.htm#primaryimage\"},\"thumbnailUrl\":\"https:\\\/\\\/www.recordinformatica.it\\\/wp-content\\\/uploads\\\/2020\\\/08\\\/Advanced-Function-Printing-gratuito-per-AS400-1.jpg\",\"datePublished\":\"2020-08-27T07:57:47+00:00\",\"dateModified\":\"2023-07-27T08:31:21+00:00\",\"description\":\"Esposizione pregi e difetti del sistema di stampa grafica AFP per AS400 nella versione gratuita.\",\"breadcrumb\":{\"@id\":\"https:\\\/\\\/www.recordinformatica.it\\\/it\\\/advanced-function-printing-gratis-as400.htm#breadcrumb\"},\"inLanguage\":\"it-IT\",\"potentialAction\":[{\"@type\":\"ReadAction\",\"target\":[\"https:\\\/\\\/www.recordinformatica.it\\\/it\\\/advanced-function-printing-gratis-as400.htm\"]}]},{\"@type\":\"ImageObject\",\"inLanguage\":\"it-IT\",\"@id\":\"https:\\\/\\\/www.recordinformatica.it\\\/it\\\/advanced-function-printing-gratis-as400.htm#primaryimage\",\"url\":\"https:\\\/\\\/www.recordinformatica.it\\\/wp-content\\\/uploads\\\/2020\\\/08\\\/Advanced-Function-Printing-gratuito-per-AS400-1.jpg\",\"contentUrl\":\"https:\\\/\\\/www.recordinformatica.it\\\/wp-content\\\/uploads\\\/2020\\\/08\\\/Advanced-Function-Printing-gratuito-per-AS400-1.jpg\"},{\"@type\":\"BreadcrumbList\",\"@id\":\"https:\\\/\\\/www.recordinformatica.it\\\/it\\\/advanced-function-printing-gratis-as400.htm#breadcrumb\",\"itemListElement\":[{\"@type\":\"ListItem\",\"position\":1,\"name\":\"Home\",\"item\":\"https:\\\/\\\/www.recordinformatica.it\\\/it\\\/\"},{\"@type\":\"ListItem\",\"position\":2,\"name\":\"AFP gratuito\"}]},{\"@type\":\"WebSite\",\"@id\":\"https:\\\/\\\/www.recordinformatica.it\\\/it\\\/#website\",\"url\":\"https:\\\/\\\/www.recordinformatica.it\\\/it\\\/\",\"name\":\"Record Informatica\",\"description\":\"\",\"publisher\":{\"@id\":\"https:\\\/\\\/www.recordinformatica.it\\\/it\\\/#organization\"},\"potentialAction\":[{\"@type\":\"SearchAction\",\"target\":{\"@type\":\"EntryPoint\",\"urlTemplate\":\"https:\\\/\\\/www.recordinformatica.it\\\/it\\\/?s={search_term_string}\"},\"query-input\":{\"@type\":\"PropertyValueSpecification\",\"valueRequired\":true,\"valueName\":\"search_term_string\"}}],\"inLanguage\":\"it-IT\"},{\"@type\":\"Organization\",\"@id\":\"https:\\\/\\\/www.recordinformatica.it\\\/it\\\/#organization\",\"name\":\"Record Informatica\",\"url\":\"https:\\\/\\\/www.recordinformatica.it\\\/it\\\/\",\"logo\":{\"@type\":\"ImageObject\",\"inLanguage\":\"it-IT\",\"@id\":\"https:\\\/\\\/www.recordinformatica.it\\\/it\\\/#\\\/schema\\\/logo\\\/image\\\/\",\"url\":\"https:\\\/\\\/www.recordinformatica.it\\\/wp-content\\\/uploads\\\/2023\\\/03\\\/logo_recordgrande_white_border_top_bottom-3.jpg\",\"contentUrl\":\"https:\\\/\\\/www.recordinformatica.it\\\/wp-content\\\/uploads\\\/2023\\\/03\\\/logo_recordgrande_white_border_top_bottom-3.jpg\",\"width\":568,\"height\":368,\"caption\":\"Record Informatica\"},\"image\":{\"@id\":\"https:\\\/\\\/www.recordinformatica.it\\\/it\\\/#\\\/schema\\\/logo\\\/image\\\/\"}}]}<\/script>\n<!-- \/ Yoast SEO plugin. -->","yoast_head_json":{"title":"Soluzione di stampa grafica con AFP gratuito per AS400","description":"Esposizione pregi e difetti del sistema di stampa grafica AFP per AS400 nella versione gratuita.","robots":{"index":"index","follow":"follow","max-snippet":"max-snippet:-1","max-image-preview":"max-image-preview:large","max-video-preview":"max-video-preview:-1"},"canonical":"https:\/\/www.recordinformatica.it\/it\/advanced-function-printing-gratis-as400.htm","og_locale":"it_IT","og_type":"article","og_title":"Soluzione di stampa grafica con AFP gratuito per AS400","og_description":"Esposizione pregi e difetti del sistema di stampa grafica AFP per AS400 nella versione gratuita.","og_url":"https:\/\/www.recordinformatica.it\/it\/advanced-function-printing-gratis-as400.htm","og_site_name":"Record Informatica","article_modified_time":"2023-07-27T08:31:21+00:00","og_image":[{"url":"https:\/\/www.recordinformatica.it\/wp-content\/uploads\/2020\/08\/Advanced-Function-Printing-gratuito-per-AS400-1.jpg","type":"","width":"","height":""}],"twitter_card":"summary_large_image","twitter_misc":{"Tempo di lettura stimato":"3 minuti"},"schema":{"@context":"https:\/\/schema.org","@graph":[{"@type":"WebPage","@id":"https:\/\/www.recordinformatica.it\/it\/advanced-function-printing-gratis-as400.htm","url":"https:\/\/www.recordinformatica.it\/it\/advanced-function-printing-gratis-as400.htm","name":"Soluzione di stampa grafica con AFP gratuito per AS400","isPartOf":{"@id":"https:\/\/www.recordinformatica.it\/it\/#website"},"primaryImageOfPage":{"@id":"https:\/\/www.recordinformatica.it\/it\/advanced-function-printing-gratis-as400.htm#primaryimage"},"image":{"@id":"https:\/\/www.recordinformatica.it\/it\/advanced-function-printing-gratis-as400.htm#primaryimage"},"thumbnailUrl":"https:\/\/www.recordinformatica.it\/wp-content\/uploads\/2020\/08\/Advanced-Function-Printing-gratuito-per-AS400-1.jpg","datePublished":"2020-08-27T07:57:47+00:00","dateModified":"2023-07-27T08:31:21+00:00","description":"Esposizione pregi e difetti del sistema di stampa grafica AFP per AS400 nella versione gratuita.","breadcrumb":{"@id":"https:\/\/www.recordinformatica.it\/it\/advanced-function-printing-gratis-as400.htm#breadcrumb"},"inLanguage":"it-IT","potentialAction":[{"@type":"ReadAction","target":["https:\/\/www.recordinformatica.it\/it\/advanced-function-printing-gratis-as400.htm"]}]},{"@type":"ImageObject","inLanguage":"it-IT","@id":"https:\/\/www.recordinformatica.it\/it\/advanced-function-printing-gratis-as400.htm#primaryimage","url":"https:\/\/www.recordinformatica.it\/wp-content\/uploads\/2020\/08\/Advanced-Function-Printing-gratuito-per-AS400-1.jpg","contentUrl":"https:\/\/www.recordinformatica.it\/wp-content\/uploads\/2020\/08\/Advanced-Function-Printing-gratuito-per-AS400-1.jpg"},{"@type":"BreadcrumbList","@id":"https:\/\/www.recordinformatica.it\/it\/advanced-function-printing-gratis-as400.htm#breadcrumb","itemListElement":[{"@type":"ListItem","position":1,"name":"Home","item":"https:\/\/www.recordinformatica.it\/it\/"},{"@type":"ListItem","position":2,"name":"AFP gratuito"}]},{"@type":"WebSite","@id":"https:\/\/www.recordinformatica.it\/it\/#website","url":"https:\/\/www.recordinformatica.it\/it\/","name":"Record Informatica","description":"","publisher":{"@id":"https:\/\/www.recordinformatica.it\/it\/#organization"},"potentialAction":[{"@type":"SearchAction","target":{"@type":"EntryPoint","urlTemplate":"https:\/\/www.recordinformatica.it\/it\/?s={search_term_string}"},"query-input":{"@type":"PropertyValueSpecification","valueRequired":true,"valueName":"search_term_string"}}],"inLanguage":"it-IT"},{"@type":"Organization","@id":"https:\/\/www.recordinformatica.it\/it\/#organization","name":"Record Informatica","url":"https:\/\/www.recordinformatica.it\/it\/","logo":{"@type":"ImageObject","inLanguage":"it-IT","@id":"https:\/\/www.recordinformatica.it\/it\/#\/schema\/logo\/image\/","url":"https:\/\/www.recordinformatica.it\/wp-content\/uploads\/2023\/03\/logo_recordgrande_white_border_top_bottom-3.jpg","contentUrl":"https:\/\/www.recordinformatica.it\/wp-content\/uploads\/2023\/03\/logo_recordgrande_white_border_top_bottom-3.jpg","width":568,"height":368,"caption":"Record Informatica"},"image":{"@id":"https:\/\/www.recordinformatica.it\/it\/#\/schema\/logo\/image\/"}}]}},"_links":{"self":[{"href":"https:\/\/www.recordinformatica.it\/it\/wp-json\/wp\/v2\/pages\/1892","targetHints":{"allow":["GET"]}}],"collection":[{"href":"https:\/\/www.recordinformatica.it\/it\/wp-json\/wp\/v2\/pages"}],"about":[{"href":"https:\/\/www.recordinformatica.it\/it\/wp-json\/wp\/v2\/types\/page"}],"author":[{"embeddable":true,"href":"https:\/\/www.recordinformatica.it\/it\/wp-json\/wp\/v2\/users\/2"}],"replies":[{"embeddable":true,"href":"https:\/\/www.recordinformatica.it\/it\/wp-json\/wp\/v2\/comments?post=1892"}],"version-history":[{"count":0,"href":"https:\/\/www.recordinformatica.it\/it\/wp-json\/wp\/v2\/pages\/1892\/revisions"}],"wp:attachment":[{"href":"https:\/\/www.recordinformatica.it\/it\/wp-json\/wp\/v2\/media?parent=1892"}],"curies":[{"name":"wp","href":"https:\/\/api.w.org\/{rel}","templated":true}]}}