{"id":1887,"date":"2020-08-27T09:57:35","date_gmt":"2020-08-27T07:57:35","guid":{"rendered":"https:\/\/www.recordinformatica.it\/postalizzazione-as400.htm"},"modified":"2024-06-20T17:48:26","modified_gmt":"2024-06-20T15:48:26","slug":"postalizzazione-as400","status":"publish","type":"page","link":"https:\/\/www.recordinformatica.it\/it\/postalizzazione-as400.htm","title":{"rendered":"Invia i documenti con la posta ordinaria"},"content":{"rendered":"<p>[vc_row el_class=&#8221;fake_breadcrumbs&#8221;][vc_column][vc_column_text]<strong><span class=\"menu_2_grass\">Prodotti &gt; <a href=\"https:\/\/www.recordinformatica.it\/it\/software-gestione-stampe-iseries-as400.htm\">Stampa grafica AS\/400<\/a>\u00a0<\/span><\/strong><span class=\"menu_2\"><strong>&gt;<\/strong>\u00a0Postal<\/span>[\/vc_column_text][\/vc_column][\/vc_row][vc_row][vc_column][vc_column_text]<img loading=\"lazy\" decoding=\"async\" class=\"alignleft wp-image-2176 size-full\" src=\"https:\/\/www.recordinformatica.it\/wp-content\/uploads\/2020\/08\/Cassetta_postale.jpg\" alt=\"Invio documenti con posta ordinaria\" width=\"222\" height=\"222\" srcset=\"https:\/\/www.recordinformatica.it\/wp-content\/uploads\/2020\/08\/Cassetta_postale.jpg 222w, https:\/\/www.recordinformatica.it\/wp-content\/uploads\/2020\/08\/Cassetta_postale-150x150.jpg 150w\" sizes=\"auto, (max-width: 222px) 100vw, 222px\" \/>Il modulo\u00a0<strong>POSTAL<\/strong>\u00a0di Validoc per sistemi\u00a0<a href=\"https:\/\/www.recordinformatica.it\/it\/as400-iSeries-Systemi-OS400-i5OS.htm\">AS\/400<\/a> ( iSeries \u2013 IBM i ) ti permette di spedire tramite la posta tradizionale senza effettuare le\u00a0<strong>lunghe<\/strong>\u00a0e dispendiose operazioni di stampa, piegatura, imbustamento, affrancatura e consegna alle poste.<\/p>\n<p>POSTAL ti permette di avere un percorso <strong>completo<\/strong> ed automatizzato per spedire i file PDF corredati di grafica dei tuoi documenti aziendali (fatture, ordini, solleciti, etc.) tramite la posta ordinaria.[\/vc_column_text][\/vc_column][\/vc_row][vc_row][vc_column][vc_column_text]Una volta prodotti, i documenti aziendali in PDF vengono impacchettati in lotti di invio e spediti per via elettronica ad una societ\u00e0 specializzata che provveder\u00e0,\u00a0<strong>al posto tuo<\/strong>, a stampare i documenti, piegarli, inserirle nelle buste, affrancarli e consegnarli alle Poste Italiane per il recapito ai destinatari.[\/vc_column_text][\/vc_column][\/vc_row][vc_row][vc_column][vc_single_image image=&#8221;2179&#8243; img_size=&#8221;full&#8221; alignment=&#8221;center&#8221;][\/vc_column][\/vc_row][vc_row][vc_column][vc_column_text]In questo modo, vengono\u00a0<strong>azzerati<\/strong>\u00a0i tempi persi per tutte queste operazioni manuali che periodicamente il personale deve eseguire. Vengono anche eliminate le eventuali macchine imbustatrici od affrancatrici.<\/p>\n<p>Sparisce il\u00a0<strong>costo<\/strong>\u00a0della carta, del toner ed il consumo delle stampanti.<\/p>\n<p>La societ\u00e0 che acquisisce i tuoi documenti e provvede a spedirli chiede, naturalmente, un costo per questo servizio che, per\u00f2, \u00e8 molto pi\u00f9\u00a0<strong>contenuto<\/strong>\u00a0del costo che l\u2019azienda deve sostenere, sommando i costi dei consumabili al costo del tempo operatore, per eseguire in casa le operazioni di preparazione alla spedizione.<\/p>\n<p>La societ\u00e0 che esegue queste operazioni, operando su grandi volumi, accede, poi, alla tariffa di \u201cposta massiva\u201d, molto pi\u00f9\u00a0<strong>conveniente<\/strong>\u00a0della tariffa di posta prioritaria.<\/p>\n<p>Il modulo POSTAL di Validoc ti permette di ridurre drasticamente i tempi di preparazione dei documenti da spedire con posta tradizionale ed ottenere consistenti\u00a0<strong>risparmi<\/strong>.<\/p>\n<p>Clicca\u00a0<a href=\"https:\/\/www.recordinformatica.it\/it\/postalizzazione.htm\">qui<\/a>\u00a0per leggere il documento che spiega nel dettaglio come funziona la postalizzazione.[\/vc_column_text][\/vc_column][\/vc_row][vc_row][vc_column][vc_column_text]<strong>Leggi tutti i dettagli nei documenti qui sotto<\/strong><\/p>\n<ul>\n<li><a href=\"\/wp-content\/uploads\/2020\/08\/Validoc-Postal.pdf\" target=\"_blank\" rel=\"noopener noreferrer\">Presentazione Postal<\/a><\/li>\n<li><a href=\"\/wp-content\/uploads\/2020\/08\/Modulo-Postal.pdf\" target=\"_blank\" rel=\"noopener noreferrer\">Brochure Postal<\/a><\/li>\n<li><a href=\"\/wp-content\/uploads\/2023\/05\/Stampa-grafica-AS400-con-Validoc-9.pdf\" target=\"_blank\" rel=\"noopener noreferrer\">Presentazione Validoc<\/a><\/li>\n<\/ul>\n<p><strong>Scarica il software in prova<\/strong><\/p>\n<ul>\n<li><a href=\"https:\/\/www.recordinformatica.it\/it\/registrazione-software-stampa-spool.htm\" target=\"_blank\" rel=\"noopener\">Download Validoc<\/a><\/li>\n<\/ul>\n<p>[\/vc_column_text][\/vc_column][\/vc_row]<\/p>\n","protected":false},"excerpt":{"rendered":"<p>[vc_row el_class=&#8221;fake_breadcrumbs&#8221;][vc_column][vc_column_text]Prodotti &gt; Stampa grafica AS\/400\u00a0&gt;\u00a0Postal[\/vc_column_text][\/vc_column][\/vc_row][vc_row][vc_column][vc_column_text]Il modulo\u00a0POSTAL\u00a0di Validoc per sistemi\u00a0AS\/400 ( iSeries \u2013 IBM i ) ti permette di spedire<\/p>\n","protected":false},"author":2,"featured_media":0,"parent":0,"menu_order":0,"comment_status":"closed","ping_status":"closed","template":"page-templates\/page-shortcode.php","meta":{"footnotes":""},"class_list":["post-1887","page","type-page","status-publish","hentry"],"yoast_head":"<!-- This site is optimized with the Yoast SEO plugin v27.4 - https:\/\/yoast.com\/product\/yoast-seo-wordpress\/ -->\n<title>Invia i documenti con la posta ordinaria<\/title>\n<meta name=\"description\" content=\"Invia documenti tramite posta ordinaria, senza perdite di tempo per operazioni di piegatura, imbustamento ed affrancatura.\" \/>\n<meta name=\"robots\" content=\"index, follow, max-snippet:-1, max-image-preview:large, max-video-preview:-1\" \/>\n<link rel=\"canonical\" href=\"https:\/\/www.recordinformatica.it\/it\/postalizzazione-as400.htm\" \/>\n<meta property=\"og:locale\" content=\"it_IT\" \/>\n<meta property=\"og:type\" content=\"article\" \/>\n<meta property=\"og:title\" content=\"Invia i documenti con la posta ordinaria\" \/>\n<meta property=\"og:description\" content=\"Invia documenti tramite posta ordinaria, senza perdite di tempo per operazioni di piegatura, imbustamento ed affrancatura.\" \/>\n<meta property=\"og:url\" content=\"https:\/\/www.recordinformatica.it\/it\/postalizzazione-as400.htm\" \/>\n<meta property=\"og:site_name\" content=\"Record Informatica\" \/>\n<meta property=\"article:modified_time\" content=\"2024-06-20T15:48:26+00:00\" \/>\n<meta property=\"og:image\" content=\"https:\/\/www.recordinformatica.it\/wp-content\/uploads\/2020\/08\/Cassetta_postale.jpg\" \/>\n<meta name=\"twitter:card\" content=\"summary_large_image\" \/>\n<meta name=\"twitter:label1\" content=\"Tempo di lettura stimato\" \/>\n\t<meta name=\"twitter:data1\" content=\"2 minuti\" \/>\n<script type=\"application\/ld+json\" class=\"yoast-schema-graph\">{\"@context\":\"https:\\\/\\\/schema.org\",\"@graph\":[{\"@type\":\"WebPage\",\"@id\":\"https:\\\/\\\/www.recordinformatica.it\\\/it\\\/postalizzazione-as400.htm\",\"url\":\"https:\\\/\\\/www.recordinformatica.it\\\/it\\\/postalizzazione-as400.htm\",\"name\":\"Invia i documenti con la posta ordinaria\",\"isPartOf\":{\"@id\":\"https:\\\/\\\/www.recordinformatica.it\\\/it\\\/#website\"},\"primaryImageOfPage\":{\"@id\":\"https:\\\/\\\/www.recordinformatica.it\\\/it\\\/postalizzazione-as400.htm#primaryimage\"},\"image\":{\"@id\":\"https:\\\/\\\/www.recordinformatica.it\\\/it\\\/postalizzazione-as400.htm#primaryimage\"},\"thumbnailUrl\":\"https:\\\/\\\/www.recordinformatica.it\\\/wp-content\\\/uploads\\\/2020\\\/08\\\/Cassetta_postale.jpg\",\"datePublished\":\"2020-08-27T07:57:35+00:00\",\"dateModified\":\"2024-06-20T15:48:26+00:00\",\"description\":\"Invia documenti tramite posta ordinaria, senza perdite di tempo per operazioni di piegatura, imbustamento ed affrancatura.\",\"breadcrumb\":{\"@id\":\"https:\\\/\\\/www.recordinformatica.it\\\/it\\\/postalizzazione-as400.htm#breadcrumb\"},\"inLanguage\":\"it-IT\",\"potentialAction\":[{\"@type\":\"ReadAction\",\"target\":[\"https:\\\/\\\/www.recordinformatica.it\\\/it\\\/postalizzazione-as400.htm\"]}]},{\"@type\":\"ImageObject\",\"inLanguage\":\"it-IT\",\"@id\":\"https:\\\/\\\/www.recordinformatica.it\\\/it\\\/postalizzazione-as400.htm#primaryimage\",\"url\":\"https:\\\/\\\/www.recordinformatica.it\\\/wp-content\\\/uploads\\\/2020\\\/08\\\/Cassetta_postale.jpg\",\"contentUrl\":\"https:\\\/\\\/www.recordinformatica.it\\\/wp-content\\\/uploads\\\/2020\\\/08\\\/Cassetta_postale.jpg\"},{\"@type\":\"BreadcrumbList\",\"@id\":\"https:\\\/\\\/www.recordinformatica.it\\\/it\\\/postalizzazione-as400.htm#breadcrumb\",\"itemListElement\":[{\"@type\":\"ListItem\",\"position\":1,\"name\":\"Home\",\"item\":\"https:\\\/\\\/www.recordinformatica.it\\\/it\\\/\"},{\"@type\":\"ListItem\",\"position\":2,\"name\":\"Invia i documenti con la posta ordinaria\"}]},{\"@type\":\"WebSite\",\"@id\":\"https:\\\/\\\/www.recordinformatica.it\\\/it\\\/#website\",\"url\":\"https:\\\/\\\/www.recordinformatica.it\\\/it\\\/\",\"name\":\"Record Informatica\",\"description\":\"\",\"publisher\":{\"@id\":\"https:\\\/\\\/www.recordinformatica.it\\\/it\\\/#organization\"},\"potentialAction\":[{\"@type\":\"SearchAction\",\"target\":{\"@type\":\"EntryPoint\",\"urlTemplate\":\"https:\\\/\\\/www.recordinformatica.it\\\/it\\\/?s={search_term_string}\"},\"query-input\":{\"@type\":\"PropertyValueSpecification\",\"valueRequired\":true,\"valueName\":\"search_term_string\"}}],\"inLanguage\":\"it-IT\"},{\"@type\":\"Organization\",\"@id\":\"https:\\\/\\\/www.recordinformatica.it\\\/it\\\/#organization\",\"name\":\"Record Informatica\",\"url\":\"https:\\\/\\\/www.recordinformatica.it\\\/it\\\/\",\"logo\":{\"@type\":\"ImageObject\",\"inLanguage\":\"it-IT\",\"@id\":\"https:\\\/\\\/www.recordinformatica.it\\\/it\\\/#\\\/schema\\\/logo\\\/image\\\/\",\"url\":\"https:\\\/\\\/www.recordinformatica.it\\\/wp-content\\\/uploads\\\/2023\\\/03\\\/logo_recordgrande_white_border_top_bottom-3.jpg\",\"contentUrl\":\"https:\\\/\\\/www.recordinformatica.it\\\/wp-content\\\/uploads\\\/2023\\\/03\\\/logo_recordgrande_white_border_top_bottom-3.jpg\",\"width\":568,\"height\":368,\"caption\":\"Record Informatica\"},\"image\":{\"@id\":\"https:\\\/\\\/www.recordinformatica.it\\\/it\\\/#\\\/schema\\\/logo\\\/image\\\/\"}}]}<\/script>\n<!-- \/ Yoast SEO plugin. -->","yoast_head_json":{"title":"Invia i documenti con la posta ordinaria","description":"Invia documenti tramite posta ordinaria, senza perdite di tempo per operazioni di piegatura, imbustamento ed affrancatura.","robots":{"index":"index","follow":"follow","max-snippet":"max-snippet:-1","max-image-preview":"max-image-preview:large","max-video-preview":"max-video-preview:-1"},"canonical":"https:\/\/www.recordinformatica.it\/it\/postalizzazione-as400.htm","og_locale":"it_IT","og_type":"article","og_title":"Invia i documenti con la posta ordinaria","og_description":"Invia documenti tramite posta ordinaria, senza perdite di tempo per operazioni di piegatura, imbustamento ed affrancatura.","og_url":"https:\/\/www.recordinformatica.it\/it\/postalizzazione-as400.htm","og_site_name":"Record Informatica","article_modified_time":"2024-06-20T15:48:26+00:00","og_image":[{"url":"https:\/\/www.recordinformatica.it\/wp-content\/uploads\/2020\/08\/Cassetta_postale.jpg","type":"","width":"","height":""}],"twitter_card":"summary_large_image","twitter_misc":{"Tempo di lettura stimato":"2 minuti"},"schema":{"@context":"https:\/\/schema.org","@graph":[{"@type":"WebPage","@id":"https:\/\/www.recordinformatica.it\/it\/postalizzazione-as400.htm","url":"https:\/\/www.recordinformatica.it\/it\/postalizzazione-as400.htm","name":"Invia i documenti con la posta ordinaria","isPartOf":{"@id":"https:\/\/www.recordinformatica.it\/it\/#website"},"primaryImageOfPage":{"@id":"https:\/\/www.recordinformatica.it\/it\/postalizzazione-as400.htm#primaryimage"},"image":{"@id":"https:\/\/www.recordinformatica.it\/it\/postalizzazione-as400.htm#primaryimage"},"thumbnailUrl":"https:\/\/www.recordinformatica.it\/wp-content\/uploads\/2020\/08\/Cassetta_postale.jpg","datePublished":"2020-08-27T07:57:35+00:00","dateModified":"2024-06-20T15:48:26+00:00","description":"Invia documenti tramite posta ordinaria, senza perdite di tempo per operazioni di piegatura, imbustamento ed affrancatura.","breadcrumb":{"@id":"https:\/\/www.recordinformatica.it\/it\/postalizzazione-as400.htm#breadcrumb"},"inLanguage":"it-IT","potentialAction":[{"@type":"ReadAction","target":["https:\/\/www.recordinformatica.it\/it\/postalizzazione-as400.htm"]}]},{"@type":"ImageObject","inLanguage":"it-IT","@id":"https:\/\/www.recordinformatica.it\/it\/postalizzazione-as400.htm#primaryimage","url":"https:\/\/www.recordinformatica.it\/wp-content\/uploads\/2020\/08\/Cassetta_postale.jpg","contentUrl":"https:\/\/www.recordinformatica.it\/wp-content\/uploads\/2020\/08\/Cassetta_postale.jpg"},{"@type":"BreadcrumbList","@id":"https:\/\/www.recordinformatica.it\/it\/postalizzazione-as400.htm#breadcrumb","itemListElement":[{"@type":"ListItem","position":1,"name":"Home","item":"https:\/\/www.recordinformatica.it\/it\/"},{"@type":"ListItem","position":2,"name":"Invia i documenti con la posta ordinaria"}]},{"@type":"WebSite","@id":"https:\/\/www.recordinformatica.it\/it\/#website","url":"https:\/\/www.recordinformatica.it\/it\/","name":"Record Informatica","description":"","publisher":{"@id":"https:\/\/www.recordinformatica.it\/it\/#organization"},"potentialAction":[{"@type":"SearchAction","target":{"@type":"EntryPoint","urlTemplate":"https:\/\/www.recordinformatica.it\/it\/?s={search_term_string}"},"query-input":{"@type":"PropertyValueSpecification","valueRequired":true,"valueName":"search_term_string"}}],"inLanguage":"it-IT"},{"@type":"Organization","@id":"https:\/\/www.recordinformatica.it\/it\/#organization","name":"Record Informatica","url":"https:\/\/www.recordinformatica.it\/it\/","logo":{"@type":"ImageObject","inLanguage":"it-IT","@id":"https:\/\/www.recordinformatica.it\/it\/#\/schema\/logo\/image\/","url":"https:\/\/www.recordinformatica.it\/wp-content\/uploads\/2023\/03\/logo_recordgrande_white_border_top_bottom-3.jpg","contentUrl":"https:\/\/www.recordinformatica.it\/wp-content\/uploads\/2023\/03\/logo_recordgrande_white_border_top_bottom-3.jpg","width":568,"height":368,"caption":"Record Informatica"},"image":{"@id":"https:\/\/www.recordinformatica.it\/it\/#\/schema\/logo\/image\/"}}]}},"_links":{"self":[{"href":"https:\/\/www.recordinformatica.it\/it\/wp-json\/wp\/v2\/pages\/1887","targetHints":{"allow":["GET"]}}],"collection":[{"href":"https:\/\/www.recordinformatica.it\/it\/wp-json\/wp\/v2\/pages"}],"about":[{"href":"https:\/\/www.recordinformatica.it\/it\/wp-json\/wp\/v2\/types\/page"}],"author":[{"embeddable":true,"href":"https:\/\/www.recordinformatica.it\/it\/wp-json\/wp\/v2\/users\/2"}],"replies":[{"embeddable":true,"href":"https:\/\/www.recordinformatica.it\/it\/wp-json\/wp\/v2\/comments?post=1887"}],"version-history":[{"count":0,"href":"https:\/\/www.recordinformatica.it\/it\/wp-json\/wp\/v2\/pages\/1887\/revisions"}],"wp:attachment":[{"href":"https:\/\/www.recordinformatica.it\/it\/wp-json\/wp\/v2\/media?parent=1887"}],"curies":[{"name":"wp","href":"https:\/\/api.w.org\/{rel}","templated":true}]}}